{"id":97072,"date":"2021-05-06T09:17:35","date_gmt":"2021-05-06T07:23:57","guid":{"rendered":"https:\/\/shop.metal-badge.ch\/?post_type=product&#038;p=97072"},"modified":"2023-04-01T13:37:28","modified_gmt":"2023-04-01T11:37:28","slug":"veste-tactique-jaune-bleu-reflechissant","status":"publish","type":"product","link":"https:\/\/metal-badge.ch\/fr\/product\/97072\/veste-tactique-jaune-bleu-reflechissant\/","title":{"rendered":"Veste tactique jaune \/ bleu r\u00e9fl\u00e9chissant"},"content":{"rendered":"<p>Ce gilet d&rsquo;intervention l\u00e9ger et fonctionnel en jaune \/ bleu avec des bandes r\u00e9fl\u00e9chissantes 3M sur le pourtour garantit que le porteur est bien visible, m\u00eame en cas de mauvaise visibilit\u00e9 ou d&rsquo;obscurit\u00e9. Le gilet est \u00e9quip\u00e9 de boucles aux aisselles et d&rsquo;une fermeture velcro. Fabriqu\u00e9 en 100 % polyester et Cordura 300D, tr\u00e8s hydrofuge et dot\u00e9 d&rsquo;un tissu en maille respirant \u00e0 l&rsquo;int\u00e9rieur.<\/p>\n<p>La fermeture \u00e9clair YYK avec extension permet une ouverture rapide. Le gilet est \u00e9quip\u00e9 d&rsquo;une fen\u00eatre d&rsquo;identification de la taille d&rsquo;une carte de cr\u00e9dit sur le c\u00f4t\u00e9 droit de la poitrine. Sous la fen\u00eatre d&rsquo;identification se trouve un velcro pour les badges de 12 cm x 2 cm et un velcro plus grand : 12 cm x 4 cm pour les inscriptions sur la hauteur de poitrine gauche. Deux grandes plaques rondes de velcro d&rsquo;un diam\u00e8tre de 8,5 cm pour les logos, les patchs, etc., se trouvent sur les c\u00f4t\u00e9s gauche et droit. Un grand velcro aux dimensions 30 cm x 10 cm se trouve aussi au dos pour les inscriptions.<\/p>\n<p>Le gilet est \u00e9quip\u00e9 de deux poches lat\u00e9rales \u00e0 fermeture \u00e9clair, ainsi que d&rsquo;une grande poche arri\u00e8re \u00e0 Velcro aux dimensions : largeur 23 cm x hauteur 16 cm.<br \/>\nSur les deux c\u00f4t\u00e9s \/ les hanches, ce gilet peut \u00eatre ajust\u00e9 \u00e0 la taille exacte du porteur gr\u00e2ce \u00e0 3 fermetures Velcro jusqu&rsquo;\u00e0 8 cm.<\/p>\n<p>Nous proposons une large gamme d&rsquo;\u00e9tiquettes en velcro de diff\u00e9rentes couleurs.<\/p>\n<p><strong>Informations du produit :<\/strong><br \/>\nMod\u00e8le : VCT-1<br \/>\nGSM : 220 GSM<br \/>\nMati\u00e8re : 100 % polyester Cordura 300D<br \/>\nPoids : environ 480 g<br \/>\nCouleur : bleu \/ jaune<br \/>\nAvec boucles aux aisselles<br \/>\nCol montant : 3 cm, polyester<br \/>\nInt\u00e9rieur \u00e9quip\u00e9 d&rsquo;un tissu \u00e0 mailles respirant<br \/>\nAvec fen\u00eatre d&rsquo;identification et diff\u00e9rents velcros pour les inscriptions et les logos<br \/>\nFermeture \u00e9clair YYK avec extension<br \/>\nVelcro rond : 8,5 cm de diam\u00e8tre :<br \/>\nVelcro arri\u00e8re : 30 cm x 10cm<br \/>\nVelcro avant pour inscription : 12cm x 4cm<br \/>\nVelcro avant pour nom, etc. : 12cm x 2cm<br \/>\nInscriptions : Velcro rempla\u00e7able<br \/>\nPoche arri\u00e8re : 1x grande poche arri\u00e8re avec velcro<\/p>\n<p>Deux poches lat\u00e9rales \u00e0 fermeture \u00e9clair<br \/>\nAvec des bandes r\u00e9fl\u00e9chissantes 3M cousues sur tout le pourtour<br \/>\nSur le c\u00f4t\u00e9 de la hanche, le gilet peut \u00eatre ajust\u00e9 \u00e0 l&rsquo;aide de 3 fermetures velcro jusqu&rsquo;\u00e0 8 cm<br \/>\nTaille : S, M, L, XL, XXL<\/p>\n","protected":false},"excerpt":{"rendered":"<p>Ce gilet d&rsquo;intervention l\u00e9ger et fonctionnel en jaune \/ bleu avec des bandes r\u00e9fl\u00e9chissantes 3M sur le pourtour garantit que le porteur est bien visible, m\u00eame en cas de mauvaise visibilit\u00e9 ou d&rsquo;obscurit\u00e9.<\/p>\n","protected":false},"featured_media":97057,"comment_status":"closed","ping_status":"closed","template":"","meta":{"inline_featured_image":false},"product_brand":[],"product_cat":[1606,2215],"product_tag":[],"class_list":{"0":"post-97072","1":"product","2":"type-product","3":"status-publish","4":"has-post-thumbnail","6":"product_cat-vetements-haute-visibilite-et-lumineux","7":"product_cat-vestes_tactiques","9":"first","10":"instock","11":"taxable","12":"shipping-taxable","13":"purchasable","14":"product-type-simple"},"_links":{"self":[{"href":"https:\/\/metal-badge.ch\/fr\/wp-json\/wp\/v2\/product\/97072","targetHints":{"allow":["GET"]}}],"collection":[{"href":"https:\/\/metal-badge.ch\/fr\/wp-json\/wp\/v2\/product"}],"about":[{"href":"https:\/\/metal-badge.ch\/fr\/wp-json\/wp\/v2\/types\/product"}],"replies":[{"embeddable":true,"href":"https:\/\/metal-badge.ch\/fr\/wp-json\/wp\/v2\/comments?post=97072"}],"wp:featuredmedia":[{"embeddable":true,"href":"https:\/\/metal-badge.ch\/fr\/wp-json\/wp\/v2\/media\/97057"}],"wp:attachment":[{"href":"https:\/\/metal-badge.ch\/fr\/wp-json\/wp\/v2\/media?parent=97072"}],"wp:term":[{"taxonomy":"product_brand","embeddable":true,"href":"https:\/\/metal-badge.ch\/fr\/wp-json\/wp\/v2\/product_brand?post=97072"},{"taxonomy":"product_cat","embeddable":true,"href":"https:\/\/metal-badge.ch\/fr\/wp-json\/wp\/v2\/product_cat?post=97072"},{"taxonomy":"product_tag","embeddable":true,"href":"https:\/\/metal-badge.ch\/fr\/wp-json\/wp\/v2\/product_tag?post=97072"}],"curies":[{"name":"wp","href":"https:\/\/api.w.org\/{rel}","templated":true}]}}