{"id":97048,"date":"2021-05-04T13:16:13","date_gmt":"2021-05-06T06:44:22","guid":{"rendered":"https:\/\/shop.metal-badge.ch\/?post_type=product&#038;p=97048"},"modified":"2022-03-07T11:13:27","modified_gmt":"2022-03-07T10:13:27","slug":"gilet-tactique-vert-reflechissant","status":"publish","type":"product","link":"https:\/\/metal-badge.ch\/fr\/product\/97048\/gilet-tactique-vert-reflechissant\/","title":{"rendered":"Gilet tactique vert r\u00e9fl\u00e9chissant"},"content":{"rendered":"<p>Ce gilet d&rsquo;intervention l\u00e9ger et fonctionnel en vert avec des bandes r\u00e9fl\u00e9chissantes 3M sur le pourtour garantit que le porteur est bien visible, m\u00eame en cas de mauvaise visibilit\u00e9 ou d&rsquo;obscurit\u00e9. Le gilet est \u00e9quip\u00e9 de boucles aux aisselles et d&rsquo;une fermeture velcro. Fabriqu\u00e9 en 100 % polyester et Cordura 300D, tr\u00e8s hydrofuge et dot\u00e9 d&rsquo;un tissu en maille respirant \u00e0 l&rsquo;int\u00e9rieur.<\/p>\n<p>La fermeture \u00e9clair YYK avec extension permet une ouverture rapide. Le gilet est \u00e9quip\u00e9 d&rsquo;une fen\u00eatre d&rsquo;identification de la taille d&rsquo;une carte de cr\u00e9dit sur le c\u00f4t\u00e9 droit de la poitrine. Sous la fen\u00eatre d&rsquo;identification se trouve un velcro pour les badges de 12 cm x 2 cm et un velcro plus grand : 12 cm x 4 cm pour les inscriptions sur la hauteur de poitrine gauche. Deux grandes plaques rondes de velcro d&rsquo;un diam\u00e8tre de 8,5 cm pour les logos, les patchs, etc., se trouvent sur les c\u00f4t\u00e9s gauche et droit. Un grand velcro aux dimensions 30 cm x 10 cm se trouve aussi au dos pour les inscriptions.<\/p>\n<p>Le gilet est \u00e9quip\u00e9 de deux poches lat\u00e9rales \u00e0 fermeture \u00e9clair, ainsi que d&rsquo;une grande poche arri\u00e8re \u00e0 Velcro aux dimensions : largeur 23 cm x hauteur 16 cm.<br \/>\nSur les deux c\u00f4t\u00e9s \/ les hanches, ce gilet peut \u00eatre ajust\u00e9 \u00e0 la taille exacte du porteur gr\u00e2ce \u00e0 3 fermetures Velcro jusqu&rsquo;\u00e0 8 cm.<\/p>\n<p>Nous proposons une large gamme d&rsquo;\u00e9tiquettes en velcro de diff\u00e9rentes couleurs.<\/p>\n<p><strong>Informations du produit :<\/strong><\/p>\n<ul>\n<li>Mod\u00e8le : VCT-3<\/li>\n<li>GSM : 220 GSM<\/li>\n<li>Mati\u00e8re : 100 % polyester Cordura 300D<\/li>\n<li>Poids : environ 480 g<\/li>\n<li>Couleur : vert<\/li>\n<li>Avec boucles aux aisselles<\/li>\n<li>Col montant : 3 cm, polyester<\/li>\n<li>Int\u00e9rieur \u00e9quip\u00e9 d&rsquo;un tissu \u00e0 mailles respirant<\/li>\n<li>Avec fen\u00eatre d&rsquo;identification et diff\u00e9rents velcros pour les inscriptions et les logos<\/li>\n<li>Fermeture \u00e9clair YYK avec extension<\/li>\n<li>Velcro rond : 8,5 cm de diam\u00e8tre :<\/li>\n<li>Velcro arri\u00e8re : 30 cm x 10 cm<\/li>\n<li>Velcro avant pour inscription : 12 cm x 4 cm<\/li>\n<li>Velcro avant pour nom, etc. : 12 cm x 2 cm<\/li>\n<li>Inscriptions : Velcro rempla\u00e7able<\/li>\n<li>Poche arri\u00e8re : 1x grande poche arri\u00e8re avec velcro<\/li>\n<li>Deux poches lat\u00e9rales \u00e0 fermeture \u00e9clair<\/li>\n<li>Avec des bandes r\u00e9fl\u00e9chissantes 3M cousues sur tout le pourtour<\/li>\n<li>Sur le c\u00f4t\u00e9 de la hanche, le gilet peut \u00eatre ajust\u00e9 \u00e0 l&rsquo;aide de 3 fermetures velcro jusqu&rsquo;\u00e0 8 cm<\/li>\n<li>Taille : S, M, L, XL, 2XL<\/li>\n<\/ul>\n","protected":false},"excerpt":{"rendered":"<p>Ce gilet d&rsquo;intervention l\u00e9ger et fonctionnel en vert avec des bandes r\u00e9fl\u00e9chissantes 3M sur le pourtour garantit que le porteur est bien visible, m\u00eame en cas de mauvaise visibilit\u00e9 ou d&rsquo;obscurit\u00e9.<\/p>\n","protected":false},"featured_media":97029,"comment_status":"closed","ping_status":"closed","template":"","meta":{"inline_featured_image":false},"product_brand":[],"product_cat":[1606,2215],"product_tag":[],"class_list":{"0":"post-97048","1":"product","2":"type-product","3":"status-publish","4":"has-post-thumbnail","6":"product_cat-vetements-haute-visibilite-et-lumineux","7":"product_cat-vestes_tactiques","9":"first","10":"instock","11":"taxable","12":"shipping-taxable","13":"purchasable","14":"product-type-simple"},"_links":{"self":[{"href":"https:\/\/metal-badge.ch\/fr\/wp-json\/wp\/v2\/product\/97048","targetHints":{"allow":["GET"]}}],"collection":[{"href":"https:\/\/metal-badge.ch\/fr\/wp-json\/wp\/v2\/product"}],"about":[{"href":"https:\/\/metal-badge.ch\/fr\/wp-json\/wp\/v2\/types\/product"}],"replies":[{"embeddable":true,"href":"https:\/\/metal-badge.ch\/fr\/wp-json\/wp\/v2\/comments?post=97048"}],"wp:featuredmedia":[{"embeddable":true,"href":"https:\/\/metal-badge.ch\/fr\/wp-json\/wp\/v2\/media\/97029"}],"wp:attachment":[{"href":"https:\/\/metal-badge.ch\/fr\/wp-json\/wp\/v2\/media?parent=97048"}],"wp:term":[{"taxonomy":"product_brand","embeddable":true,"href":"https:\/\/metal-badge.ch\/fr\/wp-json\/wp\/v2\/product_brand?post=97048"},{"taxonomy":"product_cat","embeddable":true,"href":"https:\/\/metal-badge.ch\/fr\/wp-json\/wp\/v2\/product_cat?post=97048"},{"taxonomy":"product_tag","embeddable":true,"href":"https:\/\/metal-badge.ch\/fr\/wp-json\/wp\/v2\/product_tag?post=97048"}],"curies":[{"name":"wp","href":"https:\/\/api.w.org\/{rel}","templated":true}]}}