{"id":96661,"date":"2021-02-12T08:08:22","date_gmt":"2021-02-12T07:08:23","guid":{"rendered":"https:\/\/shop.metal-badge.ch\/?post_type=product&#038;p=96661"},"modified":"2021-02-12T08:16:53","modified_gmt":"2021-02-12T07:16:53","slug":"etui-en-cuir-swiss-folklore-line-ipa-republique-tcheque","status":"publish","type":"product","link":"https:\/\/metal-badge.ch\/fr\/product\/96661\/etui-en-cuir-swiss-folklore-line-ipa-republique-tcheque\/","title":{"rendered":"Etui en cuir \u00ab\u00a0Swiss Folklore line\u00a0\u00bb IPA R\u00e9publique Tch\u00e8que"},"content":{"rendered":"<p>Tr\u00e8s bel \u00e9tui en cuir de b\u0153uf noir avec bandes de s\u00e9curit\u00e9 rouges cousues et similicuir blanc cousu. Sujet folklorique suisse imprim\u00e9. Int\u00e9rieur avec quatre fen\u00eatres de visualisation pour cartes d&rsquo;identit\u00e9 rabattables, format carte de cr\u00e9dit. Les deux fen\u00eatres pour cartes de cr\u00e9dit sont rabattables vers le haut. De plus, l&rsquo;\u00e9tui est \u00e9quip\u00e9 de 3 compartiments pour cartes de cr\u00e9dit pour au moins 9 cartes de cr\u00e9dit. Il y a un autre compartiment pour les billets sous le compartiment pour carte de cr\u00e9dit.&nbsp;L&rsquo;\u00e9tui comporte \u00e9galement deux grands compartiments \u00e0 billets s\u00e9par\u00e9s.&nbsp;<\/p>\n<p><strong>Dimensions :<\/strong><\/p>\n<ul>\n<li>Dimensions \u00e9tui&nbsp;: Hauteur 9 cm \/ Largeur 12 cm&nbsp;<\/li>\n<li>Dimensions de la fen\u00eatre pour carte d&rsquo;identit\u00e9&nbsp;: Largeur 9,0 cm \/ Hauteur 6,0 cm<\/li>\n<li>Mati\u00e8re&nbsp;: cuir noir et similicuir blanc<\/li>\n<li>Impression ext\u00e9rieure de haute qualit\u00e9 : Sujet folklorique suisse<\/li>\n<\/ul>\n<p>Coffret cadeau (stylo \u00e0 bille, porte-cl\u00e9s et \u00e9tui avec badge)<\/p>\n<p><a class=\"fresco\" href=\"https:\/\/metal-badge.ch\/wp-content\/uploads\/2020\/10\/2017-11-06_15.28.38_06_FolkloreBox_L.jpg\" data-fresco-group=\"geschenkbox\"><img decoding=\"async\" style=\"height: 133px; width: 200px;\" title=\" Coffret cadeau \" src=\"https:\/\/metal-badge.ch\/wp-content\/uploads\/content\/2017-11-06_15.28.38_06_FolkloreBox_S.jpg\" alt=\"Coffret cadeau\" border=\"0\" hspace=\"1\" vspace=\"1\" \/><\/a> <a class=\"fresco\" href=\"https:\/\/metal-badge.ch\/wp-content\/uploads\/2020\/10\/geschenkbox2_diplomat.jpg\" data-fresco-group=\"geschenkbox\"><img decoding=\"async\" style=\"height: 133px; width: 200px;\" title=\" Geschenkbox \" src=\"https:\/\/metal-badge.ch\/wp-content\/uploads\/content\/geschenkbox2_diplomat_thumb.jpg\" alt=\"Geschenkbox\" border=\"0\" hspace=\"1\" vspace=\"1\" \/><\/a><\/p>\n","protected":false},"excerpt":{"rendered":"<p>Tr\u00e8s bel \u00e9tui en cuir de b\u0153uf noir avec bandes de s\u00e9curit\u00e9 rouges cousues et similicuir blanc cousu. Sujet folklorique suisse imprim\u00e9. Int\u00e9rieur avec quatre fen\u00eatres de visualisation pour cartes d&rsquo;identit\u00e9 rabattables, format carte de cr\u00e9dit. Les deux fen\u00eatres pour cartes de cr\u00e9dit sont rabattables vers le haut. De plus, l&rsquo;\u00e9tui est \u00e9quip\u00e9 de 3 [&hellip;]<\/p>\n","protected":false},"featured_media":96665,"comment_status":"open","ping_status":"closed","template":"","meta":{"inline_featured_image":false},"product_brand":[],"product_cat":[1950],"product_tag":[],"class_list":{"0":"post-96661","1":"product","2":"type-product","3":"status-publish","4":"has-post-thumbnail","6":"product_cat-republique-tcheque","8":"first","9":"instock","10":"taxable","11":"shipping-taxable","12":"purchasable","13":"product-type-simple"},"_links":{"self":[{"href":"https:\/\/metal-badge.ch\/fr\/wp-json\/wp\/v2\/product\/96661","targetHints":{"allow":["GET"]}}],"collection":[{"href":"https:\/\/metal-badge.ch\/fr\/wp-json\/wp\/v2\/product"}],"about":[{"href":"https:\/\/metal-badge.ch\/fr\/wp-json\/wp\/v2\/types\/product"}],"replies":[{"embeddable":true,"href":"https:\/\/metal-badge.ch\/fr\/wp-json\/wp\/v2\/comments?post=96661"}],"wp:featuredmedia":[{"embeddable":true,"href":"https:\/\/metal-badge.ch\/fr\/wp-json\/wp\/v2\/media\/96665"}],"wp:attachment":[{"href":"https:\/\/metal-badge.ch\/fr\/wp-json\/wp\/v2\/media?parent=96661"}],"wp:term":[{"taxonomy":"product_brand","embeddable":true,"href":"https:\/\/metal-badge.ch\/fr\/wp-json\/wp\/v2\/product_brand?post=96661"},{"taxonomy":"product_cat","embeddable":true,"href":"https:\/\/metal-badge.ch\/fr\/wp-json\/wp\/v2\/product_cat?post=96661"},{"taxonomy":"product_tag","embeddable":true,"href":"https:\/\/metal-badge.ch\/fr\/wp-json\/wp\/v2\/product_tag?post=96661"}],"curies":[{"name":"wp","href":"https:\/\/api.w.org\/{rel}","templated":true}]}}