{"id":96653,"date":"2021-02-12T07:57:13","date_gmt":"2021-02-12T06:57:14","guid":{"rendered":"https:\/\/shop.metal-badge.ch\/?post_type=product&#038;p=96653"},"modified":"2021-02-12T08:04:44","modified_gmt":"2021-02-12T07:04:44","slug":"etui-en-cuir-durable-ipa-republique-tcheque","status":"publish","type":"product","link":"https:\/\/metal-badge.ch\/fr\/product\/96653\/etui-en-cuir-durable-ipa-republique-tcheque\/","title":{"rendered":"\u00c9tui en cuir \u00ab\u00a0Durable\u00a0\u00bb IPA R\u00e9publique Tch\u00e8que"},"content":{"rendered":"<p>Ce porte-monnaie noir robuste en cuir de vache de grande qualit\u00e9 r\u00e9pond aux exigences les plus \u00e9lev\u00e9es. \u00c0 l&rsquo;ext\u00e9rieur, l&rsquo;\u00e9tui comporte un grand double compartiment \u00e0 monnaie et une fermeture \u00e9clair sur le pourtour&nbsp;; derri\u00e8re, il est muni d&rsquo;un grand compartiment \u00e0 billets ou \u00e0 monnaie. Cet \u00e9tui en format portrait peut \u00eatre ouvert \u00e0 l&rsquo;avant par bouton pression. En dessous, on trouve \u00e0 droite et \u00e0 gauche une fen\u00eatre transparente pour les papiers. La fixation du badge avec ouverture et un sous-compartiment pour billets ou cartes de cr\u00e9dit se trouvent au milieu. De plus, 3 compartiments pour au moins 6 cartes de cr\u00e9dit sur appos\u00e9es \u00e0 l&rsquo;arri\u00e8re de la fen\u00eatre pour papiers d&rsquo;identit\u00e9. &nbsp;<\/p>\n<p><strong>Taille \/ Dimensions de l&rsquo;\u00e9tui :<\/strong><br \/>\nHauteur 8,5 cm \/ Longueur : 11,5 cm \/ \u00c9paisseur 2,5 cm&nbsp;<br \/>\n<strong>Poids&nbsp;:<\/strong> 130 g&nbsp;<br \/>\n<strong>Couleur&nbsp;: <\/strong>noir &nbsp;<br \/>\n<strong>Mati\u00e8re&nbsp;:<\/strong> Cuir de vache &nbsp;<\/p>\n","protected":false},"excerpt":{"rendered":"<p>Ce porte-monnaie noir robuste en cuir de vache de grande qualit\u00e9 r\u00e9pond aux exigences les plus \u00e9lev\u00e9es. \u00c0 l&rsquo;ext\u00e9rieur, l&rsquo;\u00e9tui comporte un grand double compartiment \u00e0 monnaie et une fermeture \u00e9clair sur le pourtour&nbsp;; derri\u00e8re, il est muni d&rsquo;un grand compartiment \u00e0 billets ou \u00e0 monnaie. Cet \u00e9tui en format portrait peut \u00eatre ouvert \u00e0 [&hellip;]<\/p>\n","protected":false},"featured_media":96657,"comment_status":"open","ping_status":"closed","template":"","meta":{"inline_featured_image":false},"product_brand":[],"product_cat":[1950],"product_tag":[],"class_list":{"0":"post-96653","1":"product","2":"type-product","3":"status-publish","4":"has-post-thumbnail","6":"product_cat-republique-tcheque","8":"first","9":"instock","10":"taxable","11":"shipping-taxable","12":"purchasable","13":"product-type-simple"},"_links":{"self":[{"href":"https:\/\/metal-badge.ch\/fr\/wp-json\/wp\/v2\/product\/96653","targetHints":{"allow":["GET"]}}],"collection":[{"href":"https:\/\/metal-badge.ch\/fr\/wp-json\/wp\/v2\/product"}],"about":[{"href":"https:\/\/metal-badge.ch\/fr\/wp-json\/wp\/v2\/types\/product"}],"replies":[{"embeddable":true,"href":"https:\/\/metal-badge.ch\/fr\/wp-json\/wp\/v2\/comments?post=96653"}],"wp:featuredmedia":[{"embeddable":true,"href":"https:\/\/metal-badge.ch\/fr\/wp-json\/wp\/v2\/media\/96657"}],"wp:attachment":[{"href":"https:\/\/metal-badge.ch\/fr\/wp-json\/wp\/v2\/media?parent=96653"}],"wp:term":[{"taxonomy":"product_brand","embeddable":true,"href":"https:\/\/metal-badge.ch\/fr\/wp-json\/wp\/v2\/product_brand?post=96653"},{"taxonomy":"product_cat","embeddable":true,"href":"https:\/\/metal-badge.ch\/fr\/wp-json\/wp\/v2\/product_cat?post=96653"},{"taxonomy":"product_tag","embeddable":true,"href":"https:\/\/metal-badge.ch\/fr\/wp-json\/wp\/v2\/product_tag?post=96653"}],"curies":[{"name":"wp","href":"https:\/\/api.w.org\/{rel}","templated":true}]}}