{"id":96637,"date":"2021-02-12T07:19:52","date_gmt":"2021-02-12T06:19:53","guid":{"rendered":"https:\/\/shop.metal-badge.ch\/?post_type=product&#038;p=96637"},"modified":"2021-02-12T07:25:27","modified_gmt":"2021-02-12T06:25:27","slug":"brassard-avec-badge-remarkable-ipa-republique-tcheque","status":"publish","type":"product","link":"https:\/\/metal-badge.ch\/fr\/product\/96637\/brassard-avec-badge-remarkable-ipa-republique-tcheque\/","title":{"rendered":"Brassard avec badge \u00ab\u00a0Remarkable\u00a0\u00bb IPA R\u00e9publique Tch\u00e8que"},"content":{"rendered":"<p>Brassard multifonctions avec badge et \u00e9tui \u00e0 t\u00e9l\u00e9phone portable.&nbsp;<\/p>\n<p>Ce brassard \u00e9lastique peut \u00eatre r\u00e9gl\u00e9 en tout confort par le porteur. Le brassard est \u00e9quip\u00e9 d&rsquo;une bande autogrippante sp\u00e9ciale. Ce brassard multifonctions est \u00e9quip\u00e9e d&rsquo;une fen\u00eatre transparente pour carte d&rsquo;identit\u00e9 et d&rsquo;un support de badge. Le badge peut \u00eatre retir\u00e9 facilement du support. Diverses bandes autogrippantes sont plac\u00e9es sur le brassard pour appliquer des inscriptions. Le patch en caoutchouc avec l&rsquo;inscription \u00ab\u00a0POLICE\u00a0\u00bb ou \u00ab\u00a0SECURITY\u00a0\u00bb est compris dans le prix et peut \u00eatre appliqu\u00e9 avec la bande autogrippante. Le<strong> patch en tissu<\/strong> drapeau (Suisse) peut \u00eatre achet\u00e9 en tant qu&rsquo;accessoires tout comme un patch en caoutchouc avec <strong>Switzerland<\/strong>. Ils poss\u00e8dent \u00e9galement une bande autogrippante et peuvent \u00eatre appliqu\u00e9s sur le brassard.<\/p>\n<p><strong>L&rsquo;\u00e9tui pour t\u00e9l\u00e9phone portable est \u00e9galement fourni avec l&rsquo;article.<\/strong>&nbsp; &nbsp; &nbsp; &nbsp; &nbsp; &nbsp; &nbsp; &nbsp; &nbsp; &nbsp; &nbsp; &nbsp; &nbsp; &nbsp; &nbsp; &nbsp; &nbsp; &nbsp; &nbsp; &nbsp; &nbsp; &nbsp; Dimensions de l&rsquo;\u00e9tui : Hauteur 14 cm \/ largeur 8 cm \/ profondeur 1.5 cm<\/p>\n<p>L&rsquo;<strong>\u00e9tui pour t\u00e9l\u00e9phone portable<\/strong> est fait d&rsquo;un mat\u00e9riau cordura solide \u00e0 l&rsquo;ext\u00e9rieur, avec un porte-stylo et poss\u00e8de \u00e0 l&rsquo;arri\u00e8re un bouton pression et une bande autogrippante de s\u00e9curit\u00e9. Ce \u00e9tui peut \u00eatre mont\u00e9 facilement sur le brassard, au-dessus du badge, avec le bouton pression et la bande autogrippante. Ainsi, le support du badge n&rsquo;est plus visible. Convient aux civils, pour les loisirs, par exemple, le jogging etc. L&rsquo;\u00e9tui pour t\u00e9l\u00e9phone portable peut \u00eatre bien \u00e9videmment retir\u00e9 du brassard et utilis\u00e9 en tant que support de ceinture.<\/p>\n<p><strong>Description du produit :&nbsp;<\/strong><\/p>\n<p><strong>Couleur :<\/strong> noir<\/p>\n<p><strong>Mat\u00e9riau :&nbsp; <\/strong>Drapeau Suisse Patch en tissu 5 cm x 5 cm<\/p>\n<p><strong>Dimensions du brassard :<\/strong><\/p>\n<p>&nbsp;Longueur 37 cm \/ hauteur 8 cm, la longueur peut \u00eatre r\u00e9gl\u00e9e.<\/p>\n<p><strong>Dimensions \u00c9tui pour t\u00e9l\u00e9phone portable :<\/strong><\/p>\n<p>Avec porte-stylo \u00e9lastique<\/p>\n<p>Dimensions de l&rsquo;\u00e9tui : Hauteur 14 cm \/ largeur 8 cm \/ profondeur 1.5 cm<\/p>\n<p><strong>Prix :<\/strong> Avec badge et patch en caoutchouc <strong>POLICE<\/strong> ou patch <strong>SECURITY&nbsp;<\/strong> 89.-&nbsp;<\/p>\n<p>Suppl\u00e9ment de prix : avec drapeau suisse brod\u00e9 + 8,-&nbsp;<\/p>\n<p>Suppl\u00e9ment de prix : avec patch en caoutchouc Switzerland + 8,-<\/p>\n","protected":false},"excerpt":{"rendered":"<p>Brassard multifonctions avec badge et \u00e9tui \u00e0 t\u00e9l\u00e9phone portable.&nbsp; Ce brassard \u00e9lastique peut \u00eatre r\u00e9gl\u00e9 en tout confort par le porteur. Le brassard est \u00e9quip\u00e9 d&rsquo;une bande autogrippante sp\u00e9ciale. Ce brassard multifonctions est \u00e9quip\u00e9e d&rsquo;une fen\u00eatre transparente pour carte d&rsquo;identit\u00e9 et d&rsquo;un support de badge. Le badge peut \u00eatre retir\u00e9 facilement du support. Diverses bandes [&hellip;]<\/p>\n","protected":false},"featured_media":96641,"comment_status":"open","ping_status":"closed","template":"","meta":{"inline_featured_image":false},"product_brand":[],"product_cat":[1950],"product_tag":[],"class_list":{"0":"post-96637","1":"product","2":"type-product","3":"status-publish","4":"has-post-thumbnail","6":"product_cat-republique-tcheque","8":"first","9":"instock","10":"taxable","11":"shipping-taxable","12":"purchasable","13":"product-type-simple"},"_links":{"self":[{"href":"https:\/\/metal-badge.ch\/fr\/wp-json\/wp\/v2\/product\/96637","targetHints":{"allow":["GET"]}}],"collection":[{"href":"https:\/\/metal-badge.ch\/fr\/wp-json\/wp\/v2\/product"}],"about":[{"href":"https:\/\/metal-badge.ch\/fr\/wp-json\/wp\/v2\/types\/product"}],"replies":[{"embeddable":true,"href":"https:\/\/metal-badge.ch\/fr\/wp-json\/wp\/v2\/comments?post=96637"}],"wp:featuredmedia":[{"embeddable":true,"href":"https:\/\/metal-badge.ch\/fr\/wp-json\/wp\/v2\/media\/96641"}],"wp:attachment":[{"href":"https:\/\/metal-badge.ch\/fr\/wp-json\/wp\/v2\/media?parent=96637"}],"wp:term":[{"taxonomy":"product_brand","embeddable":true,"href":"https:\/\/metal-badge.ch\/fr\/wp-json\/wp\/v2\/product_brand?post=96637"},{"taxonomy":"product_cat","embeddable":true,"href":"https:\/\/metal-badge.ch\/fr\/wp-json\/wp\/v2\/product_cat?post=96637"},{"taxonomy":"product_tag","embeddable":true,"href":"https:\/\/metal-badge.ch\/fr\/wp-json\/wp\/v2\/product_tag?post=96637"}],"curies":[{"name":"wp","href":"https:\/\/api.w.org\/{rel}","templated":true}]}}