{"id":96628,"date":"2021-02-11T17:17:42","date_gmt":"2021-02-11T16:17:42","guid":{"rendered":"https:\/\/shop.metal-badge.ch\/?post_type=product&#038;p=96628"},"modified":"2021-02-11T22:16:25","modified_gmt":"2021-02-11T21:16:25","slug":"etui-en-cuir-ambitious-ipa-republique-tcheque","status":"publish","type":"product","link":"https:\/\/metal-badge.ch\/fr\/product\/96628\/etui-en-cuir-ambitious-ipa-republique-tcheque\/","title":{"rendered":"\u00c9tui en cuir \u00ab\u00a0Ambitious\u00a0\u00bb IPA R\u00e9publique Tch\u00e8que"},"content":{"rendered":"<p>\u00c9tui en cuir de vache tendance avec deux fen\u00eatres pour documents d&rsquo;identit\u00e9. L&rsquo;\u00e9tui a trois c\u00f4t\u00e9s repliables munis d&rsquo;un bouton pression, pour au moins 24 cartes de cr\u00e9dit. Les billets peuvent facilement \u00eatre coinc\u00e9s dans l&rsquo;\u00e9tui avec l&rsquo;\u00e9trier m\u00e9tallique. Le badge peut \u00eatre cach\u00e9 \u00e0 l&rsquo;int\u00e9rieur ou port\u00e9 de mani\u00e8re visible \u00e0 l&rsquo;ext\u00e9rieur.&nbsp;<\/p>\n<p>Dimensions de l&rsquo;\u00e9tui&nbsp;:&nbsp; Hauteur 7,8 cm \/ Largeur 11,0 cm<\/p>\n<p>Cet \u00e9tui de haute qualit\u00e9 remplit toutes les attentes.&nbsp;<\/p>\n<p>Prix &#8211; \u00c9tui seul : 50.-<br \/>\nPrix &#8211; \u00c9tui avec badge 95.-&nbsp;<\/p>\n<p><strong>\u00c9dition sp\u00e9ciale \u00ab&nbsp;Ambitious&nbsp;\u00bb (Bo\u00eete cadeau)<\/strong><br \/>\nAvec bo\u00eete cadeau, stylo et porte-cl\u00e9s&nbsp;<\/p>\n<p><a class=\"fresco\" href=\"https:\/\/metal-badge.ch\/wp-content\/uploads\/2020\/10\/2016-07-14_09.25.40_05_ambitious_L.jpg\" data-fresco-group=\"geschenkbox\"><img decoding=\"async\" style=\"height: 133px; width: 200px;\" title=\" Coffret cadeau \" src=\"https:\/\/metal-badge.ch\/wp-content\/uploads\/content\/2016-07-14_09.25.40_05_ambitious_S.jpg\" alt=\"Coffret cadeau\" border=\"0\" hspace=\"1\" vspace=\"1\" \/><\/a> <a class=\"fresco\" href=\"https:\/\/metal-badge.ch\/wp-content\/uploads\/2020\/10\/geschenkbox2_diplomat.jpg\" data-fresco-group=\"geschenkbox\"><img decoding=\"async\" style=\"height: 133px; width: 200px;\" title=\" Geschenkbox \" src=\"https:\/\/metal-badge.ch\/wp-content\/uploads\/content\/geschenkbox2_diplomat_thumb.jpg\" alt=\"Geschenkbox\" border=\"0\" hspace=\"1\" vspace=\"1\" \/><\/a><\/p>\n","protected":false},"excerpt":{"rendered":"<p>\u00c9tui en cuir de vache tendance avec deux fen\u00eatres pour documents d&rsquo;identit\u00e9. L&rsquo;\u00e9tui a trois c\u00f4t\u00e9s repliables munis d&rsquo;un bouton pression, pour au moins 24 cartes de cr\u00e9dit. Les billets peuvent facilement \u00eatre coinc\u00e9s dans l&rsquo;\u00e9tui avec l&rsquo;\u00e9trier m\u00e9tallique. Le badge peut \u00eatre cach\u00e9 \u00e0 l&rsquo;int\u00e9rieur ou port\u00e9 de mani\u00e8re visible \u00e0 l&rsquo;ext\u00e9rieur.&nbsp; Dimensions de [&hellip;]<\/p>\n","protected":false},"featured_media":96786,"comment_status":"open","ping_status":"closed","template":"","meta":{"inline_featured_image":false},"product_brand":[],"product_cat":[1950],"product_tag":[],"class_list":{"0":"post-96628","1":"product","2":"type-product","3":"status-publish","4":"has-post-thumbnail","6":"product_cat-republique-tcheque","8":"first","9":"instock","10":"taxable","11":"shipping-taxable","12":"purchasable","13":"product-type-simple"},"_links":{"self":[{"href":"https:\/\/metal-badge.ch\/fr\/wp-json\/wp\/v2\/product\/96628","targetHints":{"allow":["GET"]}}],"collection":[{"href":"https:\/\/metal-badge.ch\/fr\/wp-json\/wp\/v2\/product"}],"about":[{"href":"https:\/\/metal-badge.ch\/fr\/wp-json\/wp\/v2\/types\/product"}],"replies":[{"embeddable":true,"href":"https:\/\/metal-badge.ch\/fr\/wp-json\/wp\/v2\/comments?post=96628"}],"wp:featuredmedia":[{"embeddable":true,"href":"https:\/\/metal-badge.ch\/fr\/wp-json\/wp\/v2\/media\/96786"}],"wp:attachment":[{"href":"https:\/\/metal-badge.ch\/fr\/wp-json\/wp\/v2\/media?parent=96628"}],"wp:term":[{"taxonomy":"product_brand","embeddable":true,"href":"https:\/\/metal-badge.ch\/fr\/wp-json\/wp\/v2\/product_brand?post=96628"},{"taxonomy":"product_cat","embeddable":true,"href":"https:\/\/metal-badge.ch\/fr\/wp-json\/wp\/v2\/product_cat?post=96628"},{"taxonomy":"product_tag","embeddable":true,"href":"https:\/\/metal-badge.ch\/fr\/wp-json\/wp\/v2\/product_tag?post=96628"}],"curies":[{"name":"wp","href":"https:\/\/api.w.org\/{rel}","templated":true}]}}