{"id":96371,"date":"2021-02-17T09:11:44","date_gmt":"2022-11-09T23:53:38","guid":{"rendered":"https:\/\/shop.metal-badge.ch\/?post_type=product&#038;p=96371"},"modified":"2022-11-10T00:53:38","modified_gmt":"2022-11-09T23:53:38","slug":"gilet-de-peche-avec-camelbak-et-beaucoup-despace-de-rangement","status":"publish","type":"product","link":"https:\/\/metal-badge.ch\/fr\/product\/96371\/gilet-de-peche-avec-camelbak-et-beaucoup-despace-de-rangement\/","title":{"rendered":"Gilet de p\u00eache avec camelbak et beaucoup d&rsquo;espace de rangement"},"content":{"rendered":"<p>Gilet de p\u00eache multifonctionnel avec de nombreuses poches pratiques \u00e0 fermeture \u00e9clair, camelbak avec poche de boisson et une poche \u00e9tanche fermable pour vos objets de valeur tels que t\u00e9l\u00e9phone portable, cartes d&rsquo;identit\u00e9, etc. Le gilet peut \u00eatre parfaitement adapt\u00e9 au porteur au niveau des \u00e9paules et de la taille. Il est r\u00e9glable en taille et \u00e9quip\u00e9 d&rsquo;une fermeture rapide par clic. Le panneau dorsal en maille a\u00e9r\u00e9e et rembourr\u00e9e assure un ajustement confortable. Le gilet offre beaucoup d&rsquo;espace de rangement et est \u00e9quip\u00e9 au total de 8 grandes poches \u00e0 fermeture \u00e9clair et de 4 poches \u00e9lastiques sur le devant. \u00c0 l&rsquo;int\u00e9rieur du gilet, il y a deux grandes poches zipp\u00e9es et deux poches \u00e9lastiques.<br \/>\nLe sac \u00e0 dos poss\u00e8de deux grandes poches \u00e0 fermeture \u00e9clair sur tout le pourtour et une poche ext\u00e9rieure en filet.<br \/>\nCe gilet de p\u00eache se caract\u00e9rise par son aspect impressionnant, associ\u00e9 \u00e0 un confort de port parfait. Il s\u00e8che rapidement et est durable.<\/p>\n<p><strong>Informations du produit :<\/strong><br \/>\nCat\u00e9gorie : FS-004 Gilet de p\u00eache avec sac \u00e0 dos et camelbak.<br \/>\nMarque : Piscifun<br \/>\nCouleur : olive \/ bleu marine<br \/>\nExtensions \u00e0 fermetures \u00e0 glissi\u00e8res<br \/>\nTaille : Taille unique, r\u00e9glable<br \/>\nPoids total : 850 g<br \/>\nMati\u00e8re : Nylon 210 D<br \/>\nVolume total du sac : 7 L<br \/>\nDimensions du sac : hauteur : 47cm \/ largeur : 27cm.<br \/>\nInclut \u00e9galement une poche de boisson de 1,5 litre avec un tuyau et une valve \u00e0 mordre.<br \/>\nainsi qu&rsquo;un sac \u00e9tanche et refermable pour transporter des objets de valeur<br \/>\net les t\u00e9l\u00e9phones mobiles.<br \/>\nAnneaux en plastique 4-D \u00e0 l&rsquo;ext\u00e9rieur pour la fixation d&rsquo;outils, de pinces, de ciseaux, de couteaux, etc.<br \/>\n1 boucle de velcro \u00e0 l&rsquo;ext\u00e9rieur pour attacher divers objets tels que des \u00e9puisettes, etc.<br \/>\n4 doubles poches \u00e0 fermeture \u00e9clair sur tout le pourtour, ouvertes \u00e0 un angle de 90\u00b0, pour que rien ne puisse tomber<br \/>\nles grandes poches permettent de ranger presque tous les app\u00e2ts ou bo\u00eetes \u00e0 mouches.<br \/>\n4 autres poches \u00e0 fermeture \u00e9clair avec beaucoup d&rsquo;espace de rangement \u00e0 l&rsquo;ext\u00e9rieur<br \/>\n2 poches \u00e0 fermeture \u00e9clair \u00e0 l&rsquo;int\u00e9rieur<\/p>\n<p><strong>Comme toujours, une excellente qualit\u00e9 \u00e0 des prix justes<\/strong><\/p>\n","protected":false},"excerpt":{"rendered":"<p>Gilet de p\u00eache multifonctionnel avec de nombreuses poches pratiques \u00e0 fermeture \u00e9clair, camelbak avec poche de boisson et une poche \u00e9tanche fermable pour vos objets de valeur tels que t\u00e9l\u00e9phone portable, cartes d&rsquo;identit\u00e9, etc.<\/p>\n","protected":false},"featured_media":96267,"comment_status":"closed","ping_status":"closed","template":"","meta":{"inline_featured_image":false},"product_brand":[],"product_cat":[2215,1493,1602,1103],"product_tag":[1961,1959,2026,1960],"class_list":{"0":"post-96371","1":"product","2":"type-product","3":"status-publish","4":"has-post-thumbnail","6":"product_cat-vestes_tactiques","7":"product_cat-security-factory-fr","8":"product_cat-vestes-en-softshell-pantalons-et-vetements-haute-visibilite","9":"product_cat-vetements","10":"product_tag-camelbak-fr","11":"product_tag-gilet-de-peche","12":"product_tag-gilet-de-peche-fr","13":"product_tag-sac-a-dos","15":"first","16":"instock","17":"taxable","18":"shipping-taxable","19":"purchasable","20":"product-type-simple"},"_links":{"self":[{"href":"https:\/\/metal-badge.ch\/fr\/wp-json\/wp\/v2\/product\/96371","targetHints":{"allow":["GET"]}}],"collection":[{"href":"https:\/\/metal-badge.ch\/fr\/wp-json\/wp\/v2\/product"}],"about":[{"href":"https:\/\/metal-badge.ch\/fr\/wp-json\/wp\/v2\/types\/product"}],"replies":[{"embeddable":true,"href":"https:\/\/metal-badge.ch\/fr\/wp-json\/wp\/v2\/comments?post=96371"}],"wp:featuredmedia":[{"embeddable":true,"href":"https:\/\/metal-badge.ch\/fr\/wp-json\/wp\/v2\/media\/96267"}],"wp:attachment":[{"href":"https:\/\/metal-badge.ch\/fr\/wp-json\/wp\/v2\/media?parent=96371"}],"wp:term":[{"taxonomy":"product_brand","embeddable":true,"href":"https:\/\/metal-badge.ch\/fr\/wp-json\/wp\/v2\/product_brand?post=96371"},{"taxonomy":"product_cat","embeddable":true,"href":"https:\/\/metal-badge.ch\/fr\/wp-json\/wp\/v2\/product_cat?post=96371"},{"taxonomy":"product_tag","embeddable":true,"href":"https:\/\/metal-badge.ch\/fr\/wp-json\/wp\/v2\/product_tag?post=96371"}],"curies":[{"name":"wp","href":"https:\/\/api.w.org\/{rel}","templated":true}]}}