{"id":96163,"date":"2021-02-07T06:14:56","date_gmt":"2021-02-07T05:14:57","guid":{"rendered":"https:\/\/shop.metal-badge.ch\/?post_type=product&#038;p=96163"},"modified":"2021-02-07T06:20:19","modified_gmt":"2021-02-07T05:20:19","slug":"etui-en-cuir-small-ipa-republique-tcheque","status":"publish","type":"product","link":"https:\/\/metal-badge.ch\/fr\/product\/96163\/etui-en-cuir-small-ipa-republique-tcheque\/","title":{"rendered":"Etui en cuir  \u00ab\u00a0Small\u00a0\u00bb IPA R\u00e9publique Tch\u00e8que"},"content":{"rendered":"<p>Etui en cuir noir, format pratique, avec fen\u00eatre pour carte d&rsquo;identit\u00e9. S&rsquo;ouvre vers le haut. Dimensions: largeur 7,5 cm \/ hauteur 10 cm.<\/p>\n","protected":false},"excerpt":{"rendered":"<p>Etui en cuir noir, format pratique, avec fen\u00eatre pour carte d&rsquo;identit\u00e9. S&rsquo;ouvre vers le haut. Dimensions: largeur 7,5 cm \/ hauteur 10 cm.<\/p>\n","protected":false},"featured_media":96167,"comment_status":"open","ping_status":"closed","template":"","meta":{"inline_featured_image":false},"product_brand":[],"product_cat":[1950],"product_tag":[],"class_list":{"0":"post-96163","1":"product","2":"type-product","3":"status-publish","4":"has-post-thumbnail","6":"product_cat-republique-tcheque","8":"first","9":"instock","10":"taxable","11":"shipping-taxable","12":"purchasable","13":"product-type-simple"},"_links":{"self":[{"href":"https:\/\/metal-badge.ch\/fr\/wp-json\/wp\/v2\/product\/96163","targetHints":{"allow":["GET"]}}],"collection":[{"href":"https:\/\/metal-badge.ch\/fr\/wp-json\/wp\/v2\/product"}],"about":[{"href":"https:\/\/metal-badge.ch\/fr\/wp-json\/wp\/v2\/types\/product"}],"replies":[{"embeddable":true,"href":"https:\/\/metal-badge.ch\/fr\/wp-json\/wp\/v2\/comments?post=96163"}],"wp:featuredmedia":[{"embeddable":true,"href":"https:\/\/metal-badge.ch\/fr\/wp-json\/wp\/v2\/media\/96167"}],"wp:attachment":[{"href":"https:\/\/metal-badge.ch\/fr\/wp-json\/wp\/v2\/media?parent=96163"}],"wp:term":[{"taxonomy":"product_brand","embeddable":true,"href":"https:\/\/metal-badge.ch\/fr\/wp-json\/wp\/v2\/product_brand?post=96163"},{"taxonomy":"product_cat","embeddable":true,"href":"https:\/\/metal-badge.ch\/fr\/wp-json\/wp\/v2\/product_cat?post=96163"},{"taxonomy":"product_tag","embeddable":true,"href":"https:\/\/metal-badge.ch\/fr\/wp-json\/wp\/v2\/product_tag?post=96163"}],"curies":[{"name":"wp","href":"https:\/\/api.w.org\/{rel}","templated":true}]}}