{"id":95534,"date":"2021-01-30T21:49:23","date_gmt":"2021-01-30T20:49:23","guid":{"rendered":"https:\/\/shop.metal-badge.ch\/?post_type=product&#038;p=95534"},"modified":"2021-01-30T21:58:02","modified_gmt":"2021-01-30T20:58:02","slug":"etui-en-cuir-prix-gestionnaire-chien","status":"publish","type":"product","link":"https:\/\/metal-badge.ch\/fr\/product\/95534\/etui-en-cuir-prix-gestionnaire-chien\/","title":{"rendered":"\u00c9tui en cuir \u00ab Prix \u00bb Gestionnaire chien"},"content":{"rendered":"<p>\u00c9tui en cuir lisse marron de la meilleure qualit\u00e9 avec des coutures d\u00e9coratives oranges. L&rsquo;\u00e9tui noble en cuir de vachette avec une fermeture \u00e9clair sur tout le pourtour, peut \u00eatre ouvert rapidement et confortablement en une seule fois gr\u00e2ce \u00e0 la robuste fermeture \u00e9clair qui ne coince pas. L&rsquo;espace pour le badge se trouve \u00e0 l&rsquo;ext\u00e9rieur de l&rsquo;\u00e9tui. Le badge est ins\u00e9r\u00e9 dans le support par le haut. Une fen\u00eatre transparente pour document d&rsquo;identification se trouve \u00e0 l&rsquo;arri\u00e8re de l&rsquo;\u00e9tui. \u00c0 l&rsquo;int\u00e9rieur, il y a un grand compartiment pour les billets de banque \/ m\u00e9mos. Un c\u00f4t\u00e9 rabattable avec fen\u00eatre d&rsquo;identification et des compartiments pour 4 cartes de cr\u00e9dit. En outre, l&rsquo;\u00e9tui contient 6 compartiments pour au moins 12 cartes de cr\u00e9dit suppl\u00e9mentaires. L&rsquo;\u00e9tui en cuir a une taille tr\u00e8s pratique. <span class=\"Apple-converted-space\">\u00a0<\/span><\/p>\n<p><b>Informations du produit :<span class=\"Apple-converted-space\">\u00a0<\/span><\/b><\/p>\n<p><b>Dimensions \u00e9tui\u00a0:<\/b>\u00a0Hauteur 11,5 cm \/ Largeur 8.0 cm \/ Profondeur 2.5 cm<br \/>\n<b>Dimensions fen\u00eatre document d&rsquo;identit\u00e9\u00a0:<\/b>\u00a0Largeur 6,5 cm \/ longueur 9,0 cm<br \/>\nDeux fen\u00eatres pour document d\u2019identit\u00e9<span class=\"Apple-converted-space\"><br \/>\n<\/span>8 compartiments pour cartes de cr\u00e9dit permettant de ranger au moins 16 cartes<br \/>\n<b>Poids :<\/b>\u00a0124 g.<br \/>\n<b>Couleur :\u00a0 <\/b>Brun fonc\u00e9<br \/>\n<b>Mat\u00e9riau :<\/b>\u00a0cuir de vache lisse<br \/>\n<b>Coutures d\u00e9coratives :<\/b> oranges<\/p>\n","protected":false},"excerpt":{"rendered":"<p>\u00c9tui en cuir lisse marron de la meilleure qualit\u00e9 avec des coutures d\u00e9coratives oranges. L&rsquo;\u00e9tui noble en cuir de vachette avec une fermeture \u00e9clair sur tout le pourtour, peut \u00eatre ouvert rapidement et confortablement en une seule fois gr\u00e2ce \u00e0 la robuste fermeture \u00e9clair qui ne coince pas. L&rsquo;espace pour le badge se trouve \u00e0 [&hellip;]<\/p>\n","protected":false},"featured_media":95538,"comment_status":"open","ping_status":"closed","template":"","meta":{"inline_featured_image":false},"product_brand":[],"product_cat":[1403,2339],"product_tag":[],"class_list":{"0":"post-95534","1":"product","2":"type-product","3":"status-publish","4":"has-post-thumbnail","6":"product_cat-gestionnaire-chien","7":"product_cat-gestionnaire-chien-fr","9":"first","10":"instock","11":"taxable","12":"shipping-taxable","13":"purchasable","14":"product-type-simple"},"_links":{"self":[{"href":"https:\/\/metal-badge.ch\/fr\/wp-json\/wp\/v2\/product\/95534","targetHints":{"allow":["GET"]}}],"collection":[{"href":"https:\/\/metal-badge.ch\/fr\/wp-json\/wp\/v2\/product"}],"about":[{"href":"https:\/\/metal-badge.ch\/fr\/wp-json\/wp\/v2\/types\/product"}],"replies":[{"embeddable":true,"href":"https:\/\/metal-badge.ch\/fr\/wp-json\/wp\/v2\/comments?post=95534"}],"wp:featuredmedia":[{"embeddable":true,"href":"https:\/\/metal-badge.ch\/fr\/wp-json\/wp\/v2\/media\/95538"}],"wp:attachment":[{"href":"https:\/\/metal-badge.ch\/fr\/wp-json\/wp\/v2\/media?parent=95534"}],"wp:term":[{"taxonomy":"product_brand","embeddable":true,"href":"https:\/\/metal-badge.ch\/fr\/wp-json\/wp\/v2\/product_brand?post=95534"},{"taxonomy":"product_cat","embeddable":true,"href":"https:\/\/metal-badge.ch\/fr\/wp-json\/wp\/v2\/product_cat?post=95534"},{"taxonomy":"product_tag","embeddable":true,"href":"https:\/\/metal-badge.ch\/fr\/wp-json\/wp\/v2\/product_tag?post=95534"}],"curies":[{"name":"wp","href":"https:\/\/api.w.org\/{rel}","templated":true}]}}