{"id":49079,"date":"2019-11-29T22:37:29","date_gmt":"2019-11-29T22:37:29","guid":{"rendered":"https:\/\/shop.metal-badge.ch\/?product=g-shock-casio-gwg-1000-1a3er"},"modified":"2022-05-30T20:17:48","modified_gmt":"2022-05-30T18:17:48","slug":"g-shock-mudmaster-casio-gwg-1000-1a3er","status":"publish","type":"product","link":"https:\/\/metal-badge.ch\/fr\/product\/49079\/g-shock-mudmaster-casio-gwg-1000-1a3er\/","title":{"rendered":"G-SHOCK MUDMASTER (CASIO) GWG-1000-1A3ER"},"content":{"rendered":"<p><strong>SPECIFICATION<\/strong><\/p>\n<ul>\n<li>Cat\u00e9gorie: Montres<\/li>\n<li>Collection: G-SHOCK MUDMASTER<\/li>\n<li>Genre: Hommes<\/li>\n<li>Mouvement: 5463<\/li>\n<li>Affichage: Analog + Digital<\/li>\n<li>Solaire: Oui<\/li>\n<li>Couleur du cadran: Noir<\/li>\n<li>\u00c9tanch\u00e9it\u00e9 \u00e0 l&rsquo;eau: 200<\/li>\n<li>L&rsquo;exactitude: radio-controlled<\/li>\n<li>Verre: Verre saphire<\/li>\n<li>Mati\u00e8re du bo\u00eetier: R\u00e9sine<\/li>\n<li>Couleur du bo\u00eetier&nbsp;: Noir<\/li>\n<li>Mati\u00e8re du bracelet: R\u00e9sine<\/li>\n<li>Couleur du bracelet: Noir<\/li>\n<li>Fermoir: Boucle ardillon<\/li>\n<li>Batterie: CTL1616<\/li>\n<li>Chronom\u00e8tre: Oui<\/li>\n<\/ul>\n<p><strong>INFORMATIONS TECHNIQUE&nbsp;<\/strong><\/p>\n<p>Eclairage Full Auto LED, R\u00e9sistance aux chocs, Bo\u00eetier r\u00e9sistant aux salissures, R\u00e9sistance aux vibrations, Neobrite :, Barom\u00e8tre (260 \/ 1.100 hPa), Thermom\u00e8tre (-10\u00b0C \/ +60\u00b0C), Boussole, Altim\u00e8tre 10000 m, Cumul des altitudes, M\u00e9moire altim\u00e8tre, Fonction d&rsquo;heure universelle, Chronom\u00e8tre 1\/100 s &#8211; 24 heures, Comptes \u00e0 rebours &#8211; 1\/1 min &#8211; 1 heure, Alarme quotidienne, Correction automatique des aiguilles, Marche\/Arr\u00eat bip sonore des touches, Fonction d\u00e9placement des aiguilles, Verrouillage du bouton de la couronne, Technologie Smart Access, Calendrier automatique, Format de l&rsquo;heure 12\/24 heures, Indicateur de niveau des batteries<\/p>\n","protected":false},"excerpt":{"rendered":"<p>Eclairage Full Auto LED, R\u00e9sistance aux chocs, Bo\u00eetier r\u00e9sistant aux salissures, R\u00e9sistance aux vibrations, Neobrite :, Barom\u00e8tre (260 \/ 1.100 hPa), Thermom\u00e8tre (-10\u00b0C \/ +60\u00b0C), Boussole, Altim\u00e8tre 10000 m, Cumul des altitudes, M\u00e9moire altim\u00e8tre, Fonction d&rsquo;heure universelle, Chronom\u00e8tre 1\/100 s &#8211; 24 heures, Comptes \u00e0 rebours &#8211; 1\/1 min &#8211; 1 heure, Alarme quotidienne, Correction automatique des aiguilles, Marche\/Arr\u00eat bip sonore des touches, Fonction d\u00e9placement des aiguilles, Verrouillage du bouton de la couronne, Technologie Smart Access, Calendrier automatique, Format de l&rsquo;heure 12\/24 heures, Indicateur de niveau des batteries<\/p>\n","protected":false},"featured_media":87727,"comment_status":"open","ping_status":"closed","template":"","meta":{"inline_featured_image":false},"product_brand":[],"product_cat":[2299,2387,967],"product_tag":[1800,1765],"class_list":{"0":"post-49079","1":"product","2":"type-product","3":"status-publish","4":"has-post-thumbnail","6":"product_cat-casio-fr","7":"product_cat-g-shock-fr","8":"product_cat-montres","9":"product_tag-casio-fr","10":"product_tag-sport-outdoor-fr","12":"first","13":"instock","14":"taxable","15":"shipping-taxable","16":"purchasable","17":"product-type-simple"},"_links":{"self":[{"href":"https:\/\/metal-badge.ch\/fr\/wp-json\/wp\/v2\/product\/49079","targetHints":{"allow":["GET"]}}],"collection":[{"href":"https:\/\/metal-badge.ch\/fr\/wp-json\/wp\/v2\/product"}],"about":[{"href":"https:\/\/metal-badge.ch\/fr\/wp-json\/wp\/v2\/types\/product"}],"replies":[{"embeddable":true,"href":"https:\/\/metal-badge.ch\/fr\/wp-json\/wp\/v2\/comments?post=49079"}],"wp:featuredmedia":[{"embeddable":true,"href":"https:\/\/metal-badge.ch\/fr\/wp-json\/wp\/v2\/media\/87727"}],"wp:attachment":[{"href":"https:\/\/metal-badge.ch\/fr\/wp-json\/wp\/v2\/media?parent=49079"}],"wp:term":[{"taxonomy":"product_brand","embeddable":true,"href":"https:\/\/metal-badge.ch\/fr\/wp-json\/wp\/v2\/product_brand?post=49079"},{"taxonomy":"product_cat","embeddable":true,"href":"https:\/\/metal-badge.ch\/fr\/wp-json\/wp\/v2\/product_cat?post=49079"},{"taxonomy":"product_tag","embeddable":true,"href":"https:\/\/metal-badge.ch\/fr\/wp-json\/wp\/v2\/product_tag?post=49079"}],"curies":[{"name":"wp","href":"https:\/\/api.w.org\/{rel}","templated":true}]}}