{"id":49069,"date":"2019-11-29T22:23:58","date_gmt":"2019-11-29T22:23:58","guid":{"rendered":"https:\/\/shop.metal-badge.ch\/?product=g-shock-casio-gwg-100-1a3er"},"modified":"2022-06-12T07:29:08","modified_gmt":"2022-06-12T05:29:08","slug":"g-shock-mudmaster-casio-gwg-100-1a3er","status":"publish","type":"product","link":"https:\/\/metal-badge.ch\/fr\/product\/49069\/g-shock-mudmaster-casio-gwg-100-1a3er\/","title":{"rendered":"G-SHOCK MUDMASTER (CASIO) GWG-100-1A3ER"},"content":{"rendered":"<p><strong>SPECIFICATION<\/strong><\/p>\n<ul>\n<li>Cat\u00e9gorie: Montres<\/li>\n<li>Collection: G-SHOCK MUDMASTER<\/li>\n<li>Genre: Hommes<\/li>\n<li>Mouvement: 5561<\/li>\n<li>Affichage: Analog + Digital<\/li>\n<li>Solaire: Oui<\/li>\n<li>Couleur du cadran: Noir<\/li>\n<li>\u00c9tanch\u00e9it\u00e9 \u00e0 l&rsquo;eau: 200<\/li>\n<li>L&rsquo;exactitude: radio-controlled<\/li>\n<li>Verre: Verre min\u00e9ral<\/li>\n<li>Mati\u00e8re du bo\u00eetier: R\u00e9sine<\/li>\n<li>Couleur du bo\u00eetier: Noir<\/li>\n<li>Hauteur du bo\u00eetier: 56.2<\/li>\n<li>\u00c9paisseur du bo\u00eetier: 17.3<\/li>\n<li>Largeur du Bo\u00eetier&nbsp;: 54.9<\/li>\n<li>Mati\u00e8re du bracelet: R\u00e9sine<\/li>\n<li>Poids (gramme): 88<\/li>\n<li>Couleur du bracelet: Vert<\/li>\n<li>Fermoir: Boucle ardillon<\/li>\n<li>Batterie: CTL920<\/li>\n<li>Chronom\u00e8tre: Oui<\/li>\n<\/ul>\n<p><strong>INFORMATIONS TECHNIQUE&nbsp;<\/strong><br \/>\nEclairage Full Auto LED, R\u00e9sistance aux chocs, Bo\u00eetier r\u00e9sistant aux salissures, Neobrite :, Fonction d&rsquo;heure universelle, Fonction de chronom\u00e9trage &#8211; 1\/100 sec &#8211; 1 h, Compte \u00e0 rebours &#8211; 1\/1 sec &#8211; 100 minutes, Alarme quotidienne, Calendrier automatique, Format de l&rsquo;heure 12\/24 heures, Indicateur de niveau des batteries<\/p>\n","protected":false},"excerpt":{"rendered":"<p>Eclairage Full Auto LED, R\u00e9sistance aux chocs, Bo\u00eetier r\u00e9sistant aux salissures, Neobrite :, Fonction d&rsquo;heure universelle, Fonction de chronom\u00e9trage &#8211; 1\/100 sec &#8211; 1 h, Compte \u00e0 rebours &#8211; 1\/1 sec &#8211; 100 minutes, Alarme quotidienne, Calendrier automatique, Format de l&rsquo;heure 12\/24 heures, Indicateur de niveau des batteries<\/p>\n","protected":false},"featured_media":87731,"comment_status":"open","ping_status":"closed","template":"","meta":{"inline_featured_image":false},"product_brand":[],"product_cat":[2299,2387,967],"product_tag":[1800,1765],"class_list":{"0":"post-49069","1":"product","2":"type-product","3":"status-publish","4":"has-post-thumbnail","6":"product_cat-casio-fr","7":"product_cat-g-shock-fr","8":"product_cat-montres","9":"product_tag-casio-fr","10":"product_tag-sport-outdoor-fr","12":"first","13":"instock","14":"taxable","15":"shipping-taxable","16":"purchasable","17":"product-type-simple"},"_links":{"self":[{"href":"https:\/\/metal-badge.ch\/fr\/wp-json\/wp\/v2\/product\/49069","targetHints":{"allow":["GET"]}}],"collection":[{"href":"https:\/\/metal-badge.ch\/fr\/wp-json\/wp\/v2\/product"}],"about":[{"href":"https:\/\/metal-badge.ch\/fr\/wp-json\/wp\/v2\/types\/product"}],"replies":[{"embeddable":true,"href":"https:\/\/metal-badge.ch\/fr\/wp-json\/wp\/v2\/comments?post=49069"}],"wp:featuredmedia":[{"embeddable":true,"href":"https:\/\/metal-badge.ch\/fr\/wp-json\/wp\/v2\/media\/87731"}],"wp:attachment":[{"href":"https:\/\/metal-badge.ch\/fr\/wp-json\/wp\/v2\/media?parent=49069"}],"wp:term":[{"taxonomy":"product_brand","embeddable":true,"href":"https:\/\/metal-badge.ch\/fr\/wp-json\/wp\/v2\/product_brand?post=49069"},{"taxonomy":"product_cat","embeddable":true,"href":"https:\/\/metal-badge.ch\/fr\/wp-json\/wp\/v2\/product_cat?post=49069"},{"taxonomy":"product_tag","embeddable":true,"href":"https:\/\/metal-badge.ch\/fr\/wp-json\/wp\/v2\/product_tag?post=49069"}],"curies":[{"name":"wp","href":"https:\/\/api.w.org\/{rel}","templated":true}]}}