{"id":48971,"date":"2019-11-29T18:23:45","date_gmt":"2019-11-29T18:23:45","guid":{"rendered":"https:\/\/shop.metal-badge.ch\/?product=g-shock-limited-casio-gmw-b5000gd-9er"},"modified":"2022-06-19T16:03:24","modified_gmt":"2022-06-19T14:03:24","slug":"g-shock-limited-casio-gmw-b5000gd-9er","status":"publish","type":"product","link":"https:\/\/metal-badge.ch\/fr\/product\/48971\/g-shock-limited-casio-gmw-b5000gd-9er\/","title":{"rendered":"G-SHOCK LIMITED (CASIO) GMW-B5000GD-9ER"},"content":{"rendered":"<p><strong>SPECIFICATION<\/strong><\/p>\n<ul>\n<li>Cat\u00e9gorie: Montres<\/li>\n<li>Collection: G-SHOCK Limited<\/li>\n<li>Genre: Hommes<\/li>\n<li>Mouvement: 3459<\/li>\n<li>Affichage: Digital<\/li>\n<li>Solaire: Oui<\/li>\n<li>Couleur du cadran: Noir<\/li>\n<li>\u00c9tanch\u00e9it\u00e9 \u00e0 l&rsquo;eau: 200<\/li>\n<li>L&rsquo;exactitude: Smartphone Link<\/li>\n<li>Verre: Verre min\u00e9ral<\/li>\n<li>Mati\u00e8re du bo\u00eetier: Acier<\/li>\n<li>Couleur du bo\u00eetier&nbsp;: Dor\u00e9e<\/li>\n<li>Hauteur du bo\u00eetier: 49.3<\/li>\n<li>\u00c9paisseur du bo\u00eetier: 13<\/li>\n<li>Largeur du Bo\u00eetier&nbsp;: 43.2<\/li>\n<li>Mati\u00e8re du bracelet: Acier<\/li>\n<li>Poids (gramme): 167<\/li>\n<li>Couleur du bracelet: Dor\u00e9e<\/li>\n<li>Fermoir: Femoir de s\u00e9curit\u00e9<\/li>\n<li>Batterie: CTL1616<\/li>\n<li>Chronom\u00e8tre: Oui<\/li>\n<\/ul>\n<p><strong>INFORMATIONS TECHNIQUE&nbsp;<\/strong><\/p>\n<p>Eclairage LED, R\u00e9sistance aux chocs, Smartphone time, Fonction d&rsquo;heure universelle, Chronom\u00e8tre 1\/100 s &#8211; 24 heures, Comptes \u00e0 rebours &#8211; 1\/1 sec &#8211; 24 heures, Alarme quotidienne, Fonction Snooze, Affichage du jour de la semaine en plusieurs langues, Fonction, Fonction journal de vol<\/p>\n","protected":false},"excerpt":{"rendered":"<p>Eclairage LED, R\u00e9sistance aux chocs, Smartphone time, Fonction d&rsquo;heure universelle, Chronom\u00e8tre 1\/100 s &#8211; 24 heures, Comptes \u00e0 rebours &#8211; 1\/1 sec &#8211; 24 heures, Alarme quotidienne, Fonction Snooze, Affichage du jour de la semaine en plusieurs langues, Fonction, Fonction journal de vol<\/p>\n","protected":false},"featured_media":87767,"comment_status":"open","ping_status":"closed","template":"","meta":{"inline_featured_image":false},"product_brand":[],"product_cat":[2299,2387,967],"product_tag":[1800,1765],"class_list":{"0":"post-48971","1":"product","2":"type-product","3":"status-publish","4":"has-post-thumbnail","6":"product_cat-casio-fr","7":"product_cat-g-shock-fr","8":"product_cat-montres","9":"product_tag-casio-fr","10":"product_tag-sport-outdoor-fr","12":"first","13":"instock","14":"taxable","15":"shipping-taxable","16":"purchasable","17":"product-type-simple"},"_links":{"self":[{"href":"https:\/\/metal-badge.ch\/fr\/wp-json\/wp\/v2\/product\/48971","targetHints":{"allow":["GET"]}}],"collection":[{"href":"https:\/\/metal-badge.ch\/fr\/wp-json\/wp\/v2\/product"}],"about":[{"href":"https:\/\/metal-badge.ch\/fr\/wp-json\/wp\/v2\/types\/product"}],"replies":[{"embeddable":true,"href":"https:\/\/metal-badge.ch\/fr\/wp-json\/wp\/v2\/comments?post=48971"}],"wp:featuredmedia":[{"embeddable":true,"href":"https:\/\/metal-badge.ch\/fr\/wp-json\/wp\/v2\/media\/87767"}],"wp:attachment":[{"href":"https:\/\/metal-badge.ch\/fr\/wp-json\/wp\/v2\/media?parent=48971"}],"wp:term":[{"taxonomy":"product_brand","embeddable":true,"href":"https:\/\/metal-badge.ch\/fr\/wp-json\/wp\/v2\/product_brand?post=48971"},{"taxonomy":"product_cat","embeddable":true,"href":"https:\/\/metal-badge.ch\/fr\/wp-json\/wp\/v2\/product_cat?post=48971"},{"taxonomy":"product_tag","embeddable":true,"href":"https:\/\/metal-badge.ch\/fr\/wp-json\/wp\/v2\/product_tag?post=48971"}],"curies":[{"name":"wp","href":"https:\/\/api.w.org\/{rel}","templated":true}]}}