{"id":48918,"date":"2019-11-26T00:18:11","date_gmt":"2019-11-26T00:18:11","guid":{"rendered":"https:\/\/shop.metal-badge.ch\/?product=g-shock-mudmaster-casio-gg-b100-1a3er"},"modified":"2022-06-14T19:03:39","modified_gmt":"2022-06-14T17:03:39","slug":"g-shock-mudmaster-casio-gg-b100-1a3er","status":"publish","type":"product","link":"https:\/\/metal-badge.ch\/fr\/product\/48918\/g-shock-mudmaster-casio-gg-b100-1a3er\/","title":{"rendered":"G-SHOCK MUDMASTER (CASIO) GG-B100-1A3ER"},"content":{"rendered":"<p><strong>SPECIFICATION<\/strong><\/p>\n<ul>\n<li>Cat\u00e9gorie: Montres<\/li>\n<li>Collection: G-SHOCK MUDMASTER<\/li>\n<li>Genre: Hommes<\/li>\n<li>Mouvement: 5594<\/li>\n<li>Affichage: Analog + Digital<\/li>\n<li>Couleur du cadran: Noir<\/li>\n<li>\u00c9tanch\u00e9it\u00e9 \u00e0 l&rsquo;eau: 200<\/li>\n<li>L&rsquo;exactitude: Smartphone Link<\/li>\n<li>Verre: Verre min\u00e9ral<\/li>\n<li>Couleur du bo\u00eetier: Noir<\/li>\n<li>Hauteur du bo\u00eetier: 55.4<\/li>\n<li>\u00c9paisseur du bo\u00eetier: 19.3<\/li>\n<li>Largeur du Bo\u00eetier: 34.9<\/li>\n<li>Mati\u00e8re du bracelet: R\u00e9sine<\/li>\n<li>Poids (gramme): 92<\/li>\n<li>Couleur du bracelet: Vert<\/li>\n<li>Fermoir: Boucle ardillon<\/li>\n<li>Batterie: CR2025<\/li>\n<li>Chronom\u00e8tre: Oui<\/li>\n<\/ul>\n<p><strong>INFORMATIONS TECHNIQUE<\/strong><\/p>\n<p>Illuminator double, Bo\u00eetier r\u00e9sistant aux salissures, Neobrite :, Barom\u00e8tre (260 \/ 1.100 hPa), Thermom\u00e8tre (-10\u00b0C \/ +60\u00b0C), Boussole, Altim\u00e8tre 10000 m, Cumul des altitudes, M\u00e9moire altim\u00e8tre, Step Tracker, Lever et coucher du soleil, Fonction d&rsquo;heure universelle, Chronom\u00e8tre 1\/100 s &#8211; 24 heures, Comptes \u00e0 rebours &#8211; 1\/1 min &#8211; 24 heures, Alarme quotidienne, Marche\/Arr\u00eat bip sonore des touches, Fonction d\u00e9placement des aiguilles, Fonction, Calendrier automatique, Format de l&rsquo;heure 12\/24 heures, Indicateur de niveau des batteries, 2 ans &#8211; 1 pile<\/p>\n","protected":false},"excerpt":{"rendered":"<p>Illuminator double, Bo\u00eetier r\u00e9sistant aux salissures, Neobrite :, Barom\u00e8tre (260 \/ 1.100 hPa), Thermom\u00e8tre (-10\u00b0C \/ +60\u00b0C), Boussole, Altim\u00e8tre 10000 m, Cumul des altitudes, M\u00e9moire altim\u00e8tre, Step Tracker, Lever et coucher du soleil, Fonction d&rsquo;heure universelle, Chronom\u00e8tre 1\/100 s &#8211; 24 heures, Comptes \u00e0 rebours &#8211; 1\/1 min &#8211; 24 heures, Alarme quotidienne, Marche\/Arr\u00eat bip sonore des touches, Fonction d\u00e9placement des aiguilles, Fonction, Calendrier automatique, Format de l&rsquo;heure 12\/24 heures, Indicateur de niveau des batteries, 2 ans &#8211; 1 pile<\/p>\n","protected":false},"featured_media":87783,"comment_status":"open","ping_status":"closed","template":"","meta":{"inline_featured_image":false},"product_brand":[],"product_cat":[2299,2387,967],"product_tag":[1800,1765],"class_list":{"0":"post-48918","1":"product","2":"type-product","3":"status-publish","4":"has-post-thumbnail","6":"product_cat-casio-fr","7":"product_cat-g-shock-fr","8":"product_cat-montres","9":"product_tag-casio-fr","10":"product_tag-sport-outdoor-fr","12":"first","13":"instock","14":"taxable","15":"shipping-taxable","16":"purchasable","17":"product-type-simple"},"_links":{"self":[{"href":"https:\/\/metal-badge.ch\/fr\/wp-json\/wp\/v2\/product\/48918","targetHints":{"allow":["GET"]}}],"collection":[{"href":"https:\/\/metal-badge.ch\/fr\/wp-json\/wp\/v2\/product"}],"about":[{"href":"https:\/\/metal-badge.ch\/fr\/wp-json\/wp\/v2\/types\/product"}],"replies":[{"embeddable":true,"href":"https:\/\/metal-badge.ch\/fr\/wp-json\/wp\/v2\/comments?post=48918"}],"wp:featuredmedia":[{"embeddable":true,"href":"https:\/\/metal-badge.ch\/fr\/wp-json\/wp\/v2\/media\/87783"}],"wp:attachment":[{"href":"https:\/\/metal-badge.ch\/fr\/wp-json\/wp\/v2\/media?parent=48918"}],"wp:term":[{"taxonomy":"product_brand","embeddable":true,"href":"https:\/\/metal-badge.ch\/fr\/wp-json\/wp\/v2\/product_brand?post=48918"},{"taxonomy":"product_cat","embeddable":true,"href":"https:\/\/metal-badge.ch\/fr\/wp-json\/wp\/v2\/product_cat?post=48918"},{"taxonomy":"product_tag","embeddable":true,"href":"https:\/\/metal-badge.ch\/fr\/wp-json\/wp\/v2\/product_tag?post=48918"}],"curies":[{"name":"wp","href":"https:\/\/api.w.org\/{rel}","templated":true}]}}