{"id":48853,"date":"2019-11-25T16:32:03","date_gmt":"2019-11-25T16:32:03","guid":{"rendered":"https:\/\/shop.metal-badge.ch\/?product=g-shock-casio-ga-710gb-1aer"},"modified":"2022-05-27T23:17:07","modified_gmt":"2022-05-27T21:17:07","slug":"g-shock-style-series-casio-ga-710gb-1aer","status":"publish","type":"product","link":"https:\/\/metal-badge.ch\/fr\/product\/48853\/g-shock-style-series-casio-ga-710gb-1aer\/","title":{"rendered":"G-SHOCK STYLE SERIES (CASIO) GA-710GB-1AER"},"content":{"rendered":"<p><strong>SPECIFICATION<\/strong><\/p>\n<ul>\n<li>Cat\u00e9gorie: Montres<\/li>\n<li>Collection: G-SHOCK Style Series<\/li>\n<li>Genre: Hommes<\/li>\n<li>Mouvement: 5522<\/li>\n<li>Affichage: Analog + Digital<\/li>\n<li>Couleur du cadran: Dor\u00e9e<\/li>\n<li>\u00c9tanch\u00e9it\u00e9 \u00e0 l&rsquo;eau: 200<\/li>\n<li>L&rsquo;exactitude: +\/- 15 sec<\/li>\n<li>Verre: Verre min\u00e9ral<\/li>\n<li>Mati\u00e8re du bo\u00eetier: R\u00e9sine<\/li>\n<li>Couleur du bo\u00eetier: Noir<\/li>\n<li>Hauteur du bo\u00eetier: 57.5<\/li>\n<li>\u00c9paisseur du bo\u00eetier: 18.4<\/li>\n<li>Largeur du Bo\u00eetier: 53.4<\/li>\n<li>Mati\u00e8re du bracelet: R\u00e9sine<\/li>\n<li>Poids (gramme): 72<\/li>\n<li>Couleur du bracelet: Noir<\/li>\n<li>Fermoir: Boucle ardillon<\/li>\n<li>Batterie: CR2016<\/li>\n<li>Chronom\u00e8tre: Oui<\/li>\n<\/ul>\n<p><strong>INFORMATIONS TECHNIQUE&nbsp;<\/strong><\/p>\n<p>Super Illuminator, R\u00e9sistance aux chocs, Fonction d&rsquo;heure universelle, Chronom\u00e8tre 1\/100 s &#8211; 24 heures, Comptes \u00e0 rebours &#8211; 1\/1 min &#8211; 1 heure, Alarme quotidienne, Fonction Snooze, Marche\/Arr\u00eat bip sonore des touches, Fonction d\u00e9placement des aiguilles, Calendrier automatique, Format de l&rsquo;heure 12\/24 heures, 5 ans &#8211; 1 pile<\/p>\n","protected":false},"excerpt":{"rendered":"<p>Super Illuminator, R\u00e9sistance aux chocs, Fonction d&rsquo;heure universelle, Chronom\u00e8tre 1\/100 s &#8211; 24 heures, Comptes \u00e0 rebours &#8211; 1\/1 min &#8211; 1 heure, Alarme quotidienne, Fonction Snooze, Marche\/Arr\u00eat bip sonore des touches, Fonction d\u00e9placement des aiguilles, Calendrier automatique, Format de l&rsquo;heure 12\/24 heures, 5 ans &#8211; 1 pile<\/p>\n","protected":false},"featured_media":87805,"comment_status":"open","ping_status":"closed","template":"","meta":{"inline_featured_image":false},"product_brand":[],"product_cat":[2299,2387,967],"product_tag":[1800,1765],"class_list":{"0":"post-48853","1":"product","2":"type-product","3":"status-publish","4":"has-post-thumbnail","6":"product_cat-casio-fr","7":"product_cat-g-shock-fr","8":"product_cat-montres","9":"product_tag-casio-fr","10":"product_tag-sport-outdoor-fr","12":"first","13":"instock","14":"taxable","15":"shipping-taxable","16":"purchasable","17":"product-type-simple"},"_links":{"self":[{"href":"https:\/\/metal-badge.ch\/fr\/wp-json\/wp\/v2\/product\/48853","targetHints":{"allow":["GET"]}}],"collection":[{"href":"https:\/\/metal-badge.ch\/fr\/wp-json\/wp\/v2\/product"}],"about":[{"href":"https:\/\/metal-badge.ch\/fr\/wp-json\/wp\/v2\/types\/product"}],"replies":[{"embeddable":true,"href":"https:\/\/metal-badge.ch\/fr\/wp-json\/wp\/v2\/comments?post=48853"}],"wp:featuredmedia":[{"embeddable":true,"href":"https:\/\/metal-badge.ch\/fr\/wp-json\/wp\/v2\/media\/87805"}],"wp:attachment":[{"href":"https:\/\/metal-badge.ch\/fr\/wp-json\/wp\/v2\/media?parent=48853"}],"wp:term":[{"taxonomy":"product_brand","embeddable":true,"href":"https:\/\/metal-badge.ch\/fr\/wp-json\/wp\/v2\/product_brand?post=48853"},{"taxonomy":"product_cat","embeddable":true,"href":"https:\/\/metal-badge.ch\/fr\/wp-json\/wp\/v2\/product_cat?post=48853"},{"taxonomy":"product_tag","embeddable":true,"href":"https:\/\/metal-badge.ch\/fr\/wp-json\/wp\/v2\/product_tag?post=48853"}],"curies":[{"name":"wp","href":"https:\/\/api.w.org\/{rel}","templated":true}]}}