{"id":48739,"date":"2019-11-24T15:19:17","date_gmt":"2019-11-24T15:19:17","guid":{"rendered":"https:\/\/shop.metal-badge.ch\/?product=g-shock-casio-ga-110gb-1aer"},"modified":"2022-06-10T03:08:57","modified_gmt":"2022-06-10T01:08:57","slug":"g-shock-original-casio-ga-110gb-1aer","status":"publish","type":"product","link":"https:\/\/metal-badge.ch\/fr\/product\/48739\/g-shock-original-casio-ga-110gb-1aer\/","title":{"rendered":"G-SHOCK ORIGINAL (CASIO) GA-110GB-1AER"},"content":{"rendered":"<p><strong>SPECIFICATION<\/strong><\/p>\n<ul>\n<li>Cat\u00e9gorie: Montres<\/li>\n<li>Collection: G-SHOCK Original<\/li>\n<li>Genre: Hommes<\/li>\n<li>Mouvement: 5146<\/li>\n<li>Affichage: Analog + Digital<\/li>\n<li>Couleur du cadran: Noir<\/li>\n<li>\u00c9tanch\u00e9it\u00e9 \u00e0 l&rsquo;eau: 200<\/li>\n<li>L&rsquo;exactitude: +\/- 15 sec<\/li>\n<li>Verre: Verre min\u00e9ral<\/li>\n<li>Mati\u00e8re du bo\u00eetier: R\u00e9sine<\/li>\n<li>Couleur du bo\u00eetier: Noir<\/li>\n<li>Hauteur du bo\u00eetier: 55<\/li>\n<li>\u00c9paisseur du bo\u00eetier: 16.9<\/li>\n<li>Largeur du Bo\u00eetier: 51.2<\/li>\n<li>Mati\u00e8re du bracelet: R\u00e9sine<\/li>\n<li>Poids (gramme): 72<\/li>\n<li>Couleur du bracelet: Noir<\/li>\n<li>Fermoir: Boucle ardillon<\/li>\n<li>Batterie: CR1220<\/li>\n<li>Chronom\u00e8tre: Oui<\/li>\n<\/ul>\n<p><strong>INFORMATIONS TECHNIQUE<\/strong><\/p>\n<p>Eclairage LED automatique, R\u00e9sistance aux chocs, R\u00e9sistance aux champs magn\u00e9tiques, Fonction d&rsquo;heure universelle, Chronom\u00e8tre 1\/1000\u00e8me de s. &#8211; 100 heures, Comptes \u00e0 rebours &#8211; 1\/1 min &#8211; 24 heures (avec r\u00e9p\u00e9tition autom.), Alarme quotidienne, Fonction Snooze, Affichage de vitesse, Calendrier automatique, Format de l&rsquo;heure 12\/24 heures, 2 ans &#8211; 1 pile<\/p>\n","protected":false},"excerpt":{"rendered":"<p>Eclairage LED automatique, R\u00e9sistance aux chocs, R\u00e9sistance aux champs magn\u00e9tiques, Fonction d&rsquo;heure universelle, Chronom\u00e8tre 1\/1000\u00e8me de s. &#8211; 100 heures, Comptes \u00e0 rebours &#8211; 1\/1 min &#8211; 24 heures (avec r\u00e9p\u00e9tition autom.), Alarme quotidienne, Fonction Snooze, Affichage de vitesse, Calendrier automatique, Format de l&rsquo;heure 12\/24 heures, 2 ans &#8211; 1 pile<\/p>\n","protected":false},"featured_media":87847,"comment_status":"open","ping_status":"closed","template":"","meta":{"inline_featured_image":false},"product_brand":[],"product_cat":[2299,2387,967],"product_tag":[1800,1765],"class_list":{"0":"post-48739","1":"product","2":"type-product","3":"status-publish","4":"has-post-thumbnail","6":"product_cat-casio-fr","7":"product_cat-g-shock-fr","8":"product_cat-montres","9":"product_tag-casio-fr","10":"product_tag-sport-outdoor-fr","12":"first","13":"instock","14":"taxable","15":"shipping-taxable","16":"purchasable","17":"product-type-simple"},"_links":{"self":[{"href":"https:\/\/metal-badge.ch\/fr\/wp-json\/wp\/v2\/product\/48739","targetHints":{"allow":["GET"]}}],"collection":[{"href":"https:\/\/metal-badge.ch\/fr\/wp-json\/wp\/v2\/product"}],"about":[{"href":"https:\/\/metal-badge.ch\/fr\/wp-json\/wp\/v2\/types\/product"}],"replies":[{"embeddable":true,"href":"https:\/\/metal-badge.ch\/fr\/wp-json\/wp\/v2\/comments?post=48739"}],"wp:featuredmedia":[{"embeddable":true,"href":"https:\/\/metal-badge.ch\/fr\/wp-json\/wp\/v2\/media\/87847"}],"wp:attachment":[{"href":"https:\/\/metal-badge.ch\/fr\/wp-json\/wp\/v2\/media?parent=48739"}],"wp:term":[{"taxonomy":"product_brand","embeddable":true,"href":"https:\/\/metal-badge.ch\/fr\/wp-json\/wp\/v2\/product_brand?post=48739"},{"taxonomy":"product_cat","embeddable":true,"href":"https:\/\/metal-badge.ch\/fr\/wp-json\/wp\/v2\/product_cat?post=48739"},{"taxonomy":"product_tag","embeddable":true,"href":"https:\/\/metal-badge.ch\/fr\/wp-json\/wp\/v2\/product_tag?post=48739"}],"curies":[{"name":"wp","href":"https:\/\/api.w.org\/{rel}","templated":true}]}}