{"id":48390,"date":"2019-11-06T07:48:00","date_gmt":"2019-11-06T07:48:00","guid":{"rendered":"https:\/\/shop.metal-badge.ch\/?product=g-shock-casio-awg-m100sb-2aer"},"modified":"2024-11-08T21:54:32","modified_gmt":"2024-11-08T20:54:32","slug":"g-shock-original-awg-m100sb-2aer","status":"publish","type":"product","link":"https:\/\/metal-badge.ch\/fr\/product\/48390\/g-shock-original-awg-m100sb-2aer\/","title":{"rendered":"G-SHOCK Original AWG-M100SB-2AER"},"content":{"rendered":"<p><strong>SPECIFICATION<\/strong><\/p>\n<ul>\n<li>Cat\u00e9gorie: Montres<\/li>\n<li>Collection: G-SHOCK Original<\/li>\n<li>Genre: Hommes<\/li>\n<li>Mouvement: 5230<\/li>\n<li>Affichage: Analog + Digital<\/li>\n<li>Solaire: Oui<\/li>\n<li>Couleur du cadran: Bleu<\/li>\n<li>\u00c9tanch\u00e9it\u00e9 \u00e0 l&rsquo;eau: 200<\/li>\n<li>L&rsquo;exactitude: radio-controlled<\/li>\n<li>Verre: Verre min\u00e9ral<\/li>\n<li>Mati\u00e8re du bo\u00eetier: R\u00e9sine<\/li>\n<li>Couleur du bo\u00eetier: Noir<\/li>\n<li>Hauteur du bo\u00eetier: 52<\/li>\n<li>\u00c9paisseur du bo\u00eetier: 14.9<\/li>\n<li>Largeur du Bo\u00eetier: 46.4<\/li>\n<li>Mati\u00e8re du bracelet: R\u00e9sine<\/li>\n<li>Poids (gramme): 56.4<\/li>\n<li>Couleur du bracelet: Noir<\/li>\n<li>Fermoir: Boucle ardillon<\/li>\n<li>Batterie: CTL920<\/li>\n<li>Chronom\u00e8tre: Oui<\/li>\n<\/ul>\n<p><strong>INFORMATIONS TECHNIQUE &nbsp;<\/strong><br \/>\nEclairage Full Auto LED, R\u00e9sistance aux chocs, Fonction d&rsquo;heure universelle, Fonction de chronom\u00e9trage &#8211; 1\/100 sec &#8211; 1 h, Compte \u00e0 rebours &#8211; 1\/1 sec &#8211; 100 minutes, Alarme quotidienne, Marche\/Arr\u00eat bip sonore des touches, Fonction d\u00e9placement des aiguilles, Calendrier automatique, Format de l&rsquo;heure 12\/24 heures, Indicateur de niveau des batteries<\/p>\n","protected":false},"excerpt":{"rendered":"<p>Eclairage Full Auto LED, R\u00e9sistance aux chocs, Fonction d&rsquo;heure universelle, Fonction de chronom\u00e9trage &#8211; 1\/100 sec &#8211; 1 h, Compte \u00e0 rebours &#8211; 1\/1 sec &#8211; 100 minutes, Alarme quotidienne, Marche\/Arr\u00eat bip sonore des touches, Fonction d\u00e9placement des aiguilles, Calendrier automatique, Format de l&rsquo;heure 12\/24 heures, Indicateur de niveau des batteries<\/p>\n","protected":false},"featured_media":87905,"comment_status":"open","ping_status":"closed","template":"","meta":{"inline_featured_image":false},"product_brand":[],"product_cat":[967,2299,2387],"product_tag":[1800,1765],"class_list":{"0":"post-48390","1":"product","2":"type-product","3":"status-publish","4":"has-post-thumbnail","6":"product_cat-montres","7":"product_cat-casio-fr","8":"product_cat-g-shock-fr","9":"product_tag-casio-fr","10":"product_tag-sport-outdoor-fr","12":"first","13":"instock","14":"taxable","15":"shipping-taxable","16":"purchasable","17":"product-type-simple"},"_links":{"self":[{"href":"https:\/\/metal-badge.ch\/fr\/wp-json\/wp\/v2\/product\/48390","targetHints":{"allow":["GET"]}}],"collection":[{"href":"https:\/\/metal-badge.ch\/fr\/wp-json\/wp\/v2\/product"}],"about":[{"href":"https:\/\/metal-badge.ch\/fr\/wp-json\/wp\/v2\/types\/product"}],"replies":[{"embeddable":true,"href":"https:\/\/metal-badge.ch\/fr\/wp-json\/wp\/v2\/comments?post=48390"}],"wp:featuredmedia":[{"embeddable":true,"href":"https:\/\/metal-badge.ch\/fr\/wp-json\/wp\/v2\/media\/87905"}],"wp:attachment":[{"href":"https:\/\/metal-badge.ch\/fr\/wp-json\/wp\/v2\/media?parent=48390"}],"wp:term":[{"taxonomy":"product_brand","embeddable":true,"href":"https:\/\/metal-badge.ch\/fr\/wp-json\/wp\/v2\/product_brand?post=48390"},{"taxonomy":"product_cat","embeddable":true,"href":"https:\/\/metal-badge.ch\/fr\/wp-json\/wp\/v2\/product_cat?post=48390"},{"taxonomy":"product_tag","embeddable":true,"href":"https:\/\/metal-badge.ch\/fr\/wp-json\/wp\/v2\/product_tag?post=48390"}],"curies":[{"name":"wp","href":"https:\/\/api.w.org\/{rel}","templated":true}]}}