{"id":48369,"date":"2019-11-04T07:56:31","date_gmt":"2019-11-04T07:56:31","guid":{"rendered":"https:\/\/shop.metal-badge.ch\/?product=pro-trek-casio-prw-6600yb-3er"},"modified":"2019-11-17T23:58:59","modified_gmt":"2019-11-17T23:58:59","slug":"pro-trek-casio-prw-6600yb-3er","status":"publish","type":"product","link":"https:\/\/metal-badge.ch\/fr\/product\/48369\/pro-trek-casio-prw-6600yb-3er\/","title":{"rendered":"PRO TREK (CASIO) PRW-6600YB-3ER"},"content":{"rendered":"<p style=\"margin-left:0cm; margin-right:0cm\"><span style=\"font-family:Calibri,sans-serif\"><strong>SPECIFICATION<\/strong><\/span><\/p>\n<ul>\n<li><span style=\"font-family:Calibri,sans-serif\">Cat\u00e9gorie: Montres<\/span><\/li>\n<li><span style=\"font-family:Calibri,sans-serif\">Collection: PRO TREK<\/span><\/li>\n<li><span style=\"font-family:Calibri,sans-serif\">Genre: Hommes<\/span><\/li>\n<li><span style=\"font-family:Calibri,sans-serif\">Mouvement: 5571<\/span><\/li>\n<li><span style=\"font-family:Calibri,sans-serif\">Affichage: Analog + Digital<\/span><\/li>\n<li><span style=\"font-family:Calibri,sans-serif\">Solaire: Oui<\/span><\/li>\n<li><span style=\"font-family:Calibri,sans-serif\">Couleur du cadran: Noir<\/span><\/li>\n<li><span style=\"font-family:Calibri,sans-serif\">\u00c9tanch\u00e9it\u00e9 \u00e0 l&rsquo;eau: 100<\/span><\/li>\n<li><span style=\"font-family:Calibri,sans-serif\">L&rsquo;exactitude: +\/- 15 sec<\/span><\/li>\n<li><span style=\"font-family:Calibri,sans-serif\">Verre: Verre min\u00e9ral<\/span><\/li>\n<li><span style=\"font-family:Calibri,sans-serif\">Mati\u00e8re du bo\u00eetier: R\u00e9sine<\/span><\/li>\n<li><span style=\"font-family:Calibri,sans-serif\">Couleur du bo\u00eetier: Noir<\/span><\/li>\n<li><span style=\"font-family:Calibri,sans-serif\">Hauteur du bo\u00eetier: 51.6<\/span><\/li>\n<li><span style=\"font-family:Calibri,sans-serif\">\u00c9paisseur du bo\u00eetier: 13.6<\/span><\/li>\n<li><span style=\"font-family:Calibri,sans-serif\">Largeur du Bo\u00eetier: 51.5<\/span><\/li>\n<li><span style=\"font-family:Calibri,sans-serif\">Mati\u00e8re du bracelet: Tissu<\/span><\/li>\n<li><span style=\"font-family:Calibri,sans-serif\">Poids (gramme): 67<\/span><\/li>\n<li><span style=\"font-family:Calibri,sans-serif\">Couleur du bracelet: Vert<\/span><\/li>\n<li><span style=\"font-family:Calibri,sans-serif\">Fermoir: Boucle ardillon<\/span><\/li>\n<li><span style=\"font-family:Calibri,sans-serif\">Batterie: CTL1616<\/span><\/li>\n<li><span style=\"font-family:Calibri,sans-serif\">Chronom\u00e8tre: Oui<\/span><\/li>\n<\/ul>\n<p style=\"margin-left:0cm; margin-right:0cm\"><span style=\"font-family:Calibri,sans-serif\"><strong>INFORMATIONS TECHNIQUE\u00a0<\/strong><\/span><br \/>\n<span style=\"font-family:Calibri,sans-serif\">Eclairage Full Auto LED, Insensible au froid (-10 \u00b0C), Neobrite :, Barom\u00e8tre (260 \/ 1.100 hPa), Thermom\u00e8tre (-10\u00b0C \/ +60\u00b0C), Boussole, Altim\u00e8tre 10000 m, Cumul des altitudes, M\u00e9moire altim\u00e8tre, Fonction d&rsquo;heure universelle, Chronom\u00e8tre 1\/100 s &#8211; 24 heures, Comptes \u00e0 rebours &#8211; 1\/1 min &#8211; 1 heure, Alarme quotidienne, Correction automatique des aiguilles, Marche\/Arr\u00eat bip sonore des touches, Fonction d\u00e9placement des aiguilles, Verrouillage du bouton de la couronne, Technologie Smart Access, Calendrier automatique, Format de l&rsquo;heure 12\/24 heures, Indicateur de niveau des batteries<\/span><\/p>\n","protected":false},"excerpt":{"rendered":"<p>SPECIFICATION Cat\u00e9gorie: Montres Collection: PRO TREK Genre: Hommes Mouvement: 5571 Affichage: Analog + Digital Solaire: Oui Couleur du cadran: Noir \u00c9tanch\u00e9it\u00e9 \u00e0 l&rsquo;eau: 100 L&rsquo;exactitude: +\/- 15 sec Verre: Verre min\u00e9ral Mati\u00e8re du bo\u00eetier: R\u00e9sine Couleur du bo\u00eetier: Noir Hauteur du bo\u00eetier: 51.6 \u00c9paisseur du bo\u00eetier: 13.6 Largeur du Bo\u00eetier: 51.5 Mati\u00e8re du bracelet: Tissu [&hellip;]<\/p>\n","protected":false},"featured_media":87913,"comment_status":"open","ping_status":"closed","template":"","meta":{"inline_featured_image":false},"product_brand":[],"product_cat":[2299,967,2307],"product_tag":[1800,1940,1765],"class_list":{"0":"post-48369","1":"product","2":"type-product","3":"status-publish","4":"has-post-thumbnail","6":"product_cat-casio-fr","7":"product_cat-montres","8":"product_cat-pro-trek-fr","9":"product_tag-casio-fr","10":"product_tag-protrek-fr","11":"product_tag-sport-outdoor-fr","13":"first","14":"instock","15":"taxable","16":"shipping-taxable","17":"purchasable","18":"product-type-simple"},"_links":{"self":[{"href":"https:\/\/metal-badge.ch\/fr\/wp-json\/wp\/v2\/product\/48369","targetHints":{"allow":["GET"]}}],"collection":[{"href":"https:\/\/metal-badge.ch\/fr\/wp-json\/wp\/v2\/product"}],"about":[{"href":"https:\/\/metal-badge.ch\/fr\/wp-json\/wp\/v2\/types\/product"}],"replies":[{"embeddable":true,"href":"https:\/\/metal-badge.ch\/fr\/wp-json\/wp\/v2\/comments?post=48369"}],"wp:featuredmedia":[{"embeddable":true,"href":"https:\/\/metal-badge.ch\/fr\/wp-json\/wp\/v2\/media\/87913"}],"wp:attachment":[{"href":"https:\/\/metal-badge.ch\/fr\/wp-json\/wp\/v2\/media?parent=48369"}],"wp:term":[{"taxonomy":"product_brand","embeddable":true,"href":"https:\/\/metal-badge.ch\/fr\/wp-json\/wp\/v2\/product_brand?post=48369"},{"taxonomy":"product_cat","embeddable":true,"href":"https:\/\/metal-badge.ch\/fr\/wp-json\/wp\/v2\/product_cat?post=48369"},{"taxonomy":"product_tag","embeddable":true,"href":"https:\/\/metal-badge.ch\/fr\/wp-json\/wp\/v2\/product_tag?post=48369"}],"curies":[{"name":"wp","href":"https:\/\/api.w.org\/{rel}","templated":true}]}}