{"id":48224,"date":"2019-10-26T01:57:42","date_gmt":"2019-10-26T01:57:42","guid":{"rendered":"https:\/\/shop.metal-badge.ch\/?product=edifice-casio-efr-s107d-1avuef"},"modified":"2024-11-07T19:37:36","modified_gmt":"2024-11-07T18:37:36","slug":"edifice-classic-efr-s107d-1avuef","status":"publish","type":"product","link":"https:\/\/metal-badge.ch\/fr\/product\/48224\/edifice-classic-efr-s107d-1avuef\/","title":{"rendered":"EDIFICE Classic EFR-S107D-1AVUEF"},"content":{"rendered":"<p><strong>SPECIFICATION<\/strong><\/p>\n<ul>\n<li>Cat\u00e9gorie: Montres<\/li>\n<li>Collection: EDIFICE Classic<\/li>\n<li>Genre: Hommes<\/li>\n<li>Mouvement: 5359<\/li>\n<li>Affichage: Analog<\/li>\n<li>Couleur du cadran: Noir<\/li>\n<li>\u00c9tanch\u00e9it\u00e9 \u00e0 l&rsquo;eau: 100<\/li>\n<li>L&rsquo;exactitude: +\/- 20 sec<\/li>\n<li>Verre: Verre saphire<\/li>\n<li>Mati\u00e8re du bo\u00eetier: Acier<\/li>\n<li>Couleur du bo\u00eetier: Argent\u00e9<\/li>\n<li>Hauteur du bo\u00eetier: 47.5<\/li>\n<li>\u00c9paisseur du bo\u00eetier: 8.3<\/li>\n<li>Largeur du Bo\u00eetier: 42.5<\/li>\n<li>Mati\u00e8re du bracelet: Acier<\/li>\n<li>Poids (gramme): 117<\/li>\n<li>Couleur du bracelet: Argent\u00e9<\/li>\n<li>Fermoir: Femoir de s\u00e9curit\u00e9<\/li>\n<li>Batterie: SR916SW<\/li>\n<li>Chronom\u00e8tre: Non<\/li>\n<\/ul>\n<p><strong>INFORMATIONS TECHNIQUE<\/strong>&nbsp;<\/p>\n<p>Neobrite :, Indication de la date, Fond de bo\u00eetier viss\u00e9, 3 ans &#8211; 1 pile<\/p>\n","protected":false},"excerpt":{"rendered":"<p>Neobrite :, Indication de la date, Fond de bo\u00eetier viss\u00e9, 3 ans &#8211; 1 pile<\/p>\n","protected":false},"featured_media":87971,"comment_status":"open","ping_status":"closed","template":"","meta":{"inline_featured_image":false},"product_brand":[],"product_cat":[967,2299,2303],"product_tag":[1800,1938,1765],"class_list":{"0":"post-48224","1":"product","2":"type-product","3":"status-publish","4":"has-post-thumbnail","6":"product_cat-montres","7":"product_cat-casio-fr","8":"product_cat-edifice-fr","9":"product_tag-casio-fr","10":"product_tag-edifice-fr","11":"product_tag-sport-outdoor-fr","13":"first","14":"instock","15":"taxable","16":"shipping-taxable","17":"purchasable","18":"product-type-simple"},"_links":{"self":[{"href":"https:\/\/metal-badge.ch\/fr\/wp-json\/wp\/v2\/product\/48224","targetHints":{"allow":["GET"]}}],"collection":[{"href":"https:\/\/metal-badge.ch\/fr\/wp-json\/wp\/v2\/product"}],"about":[{"href":"https:\/\/metal-badge.ch\/fr\/wp-json\/wp\/v2\/types\/product"}],"replies":[{"embeddable":true,"href":"https:\/\/metal-badge.ch\/fr\/wp-json\/wp\/v2\/comments?post=48224"}],"wp:featuredmedia":[{"embeddable":true,"href":"https:\/\/metal-badge.ch\/fr\/wp-json\/wp\/v2\/media\/87971"}],"wp:attachment":[{"href":"https:\/\/metal-badge.ch\/fr\/wp-json\/wp\/v2\/media?parent=48224"}],"wp:term":[{"taxonomy":"product_brand","embeddable":true,"href":"https:\/\/metal-badge.ch\/fr\/wp-json\/wp\/v2\/product_brand?post=48224"},{"taxonomy":"product_cat","embeddable":true,"href":"https:\/\/metal-badge.ch\/fr\/wp-json\/wp\/v2\/product_cat?post=48224"},{"taxonomy":"product_tag","embeddable":true,"href":"https:\/\/metal-badge.ch\/fr\/wp-json\/wp\/v2\/product_tag?post=48224"}],"curies":[{"name":"wp","href":"https:\/\/api.w.org\/{rel}","templated":true}]}}