{"id":48203,"date":"2019-10-24T19:50:21","date_gmt":"2019-10-24T19:50:21","guid":{"rendered":"https:\/\/shop.metal-badge.ch\/?product=edifice-casio-efr-552d-1a2vuef"},"modified":"2024-11-07T19:31:40","modified_gmt":"2024-11-07T18:31:40","slug":"edifice-classic-efr-552d-1a2vuef","status":"publish","type":"product","link":"https:\/\/metal-badge.ch\/fr\/product\/48203\/edifice-classic-efr-552d-1a2vuef\/","title":{"rendered":"EDIFICE Classic EFR-552D-1A2VUEF"},"content":{"rendered":"<p style=\"margin-left: 0cm; margin-right: 0cm;\"><span style=\"font-family: Calibri,sans-serif;\"><strong>SPECIFICATION<\/strong><\/span><\/p>\n<ul>\n<li><span style=\"font-family: Calibri,sans-serif;\">Cat\u00e9gorie: Montres<\/span><\/li>\n<li><span style=\"font-family: Calibri,sans-serif;\">Collection: EDIFICE Classic<\/span><\/li>\n<li><span style=\"font-family: Calibri,sans-serif;\">Genre: Hommes<\/span><\/li>\n<li><span style=\"font-family: Calibri,sans-serif;\">Mouvement: 5490<\/span><\/li>\n<li><span style=\"font-family: Calibri,sans-serif;\">Affichage: Analog<\/span><\/li>\n<li><span style=\"font-family: Calibri,sans-serif;\">Couleur du cadran: Noir<\/span><\/li>\n<li><span style=\"font-family: Calibri,sans-serif;\">\u00c9tanch\u00e9it\u00e9 \u00e0 l&rsquo;eau: 100<\/span><\/li>\n<li><span style=\"font-family: Calibri,sans-serif;\">L&rsquo;exactitude: +\/- 20 sec<\/span><\/li>\n<li><span style=\"font-family: Calibri,sans-serif;\">Verre: Verre min\u00e9ral<\/span><\/li>\n<li><span style=\"font-family: Calibri,sans-serif;\">Mati\u00e8re du bo\u00eetier: Acier<\/span><\/li>\n<li><span style=\"font-family: Calibri,sans-serif;\">Couleur du bo\u00eetier: Argent\u00e9<\/span><\/li>\n<li><span style=\"font-family: Calibri,sans-serif;\">Hauteur du bo\u00eetier: 53<\/span><\/li>\n<li><span style=\"font-family: Calibri,sans-serif;\">\u00c9paisseur du bo\u00eetier: 12.3<\/span><\/li>\n<li><span style=\"font-family: Calibri,sans-serif;\">Largeur du Bo\u00eetier: 47<\/span><\/li>\n<li><span style=\"font-family: Calibri,sans-serif;\">Mati\u00e8re du bracelet: Acier<\/span><\/li>\n<li><span style=\"font-family: Calibri,sans-serif;\">Poids (gramme): 157<\/span><\/li>\n<li><span style=\"font-family: Calibri,sans-serif;\">Couleur du bracelet: Argent\u00e9<\/span><\/li>\n<li><span style=\"font-family: Calibri,sans-serif;\">Fermoir: Femoir de s\u00e9curit\u00e9<\/span><\/li>\n<li><span style=\"font-family: Calibri,sans-serif;\">Batterie: SR920SW<\/span><\/li>\n<\/ul>\n<p style=\"margin-left: 0cm; margin-right: 0cm;\"><span style=\"font-family: Calibri,sans-serif;\"><strong>INFORMATIONS TECHNIQUE<\/strong>&nbsp;<br \/>\n<\/span><\/p>\n<p style=\"margin-left: 0cm; margin-right: 0cm;\"><span style=\"font-family: Calibri,sans-serif;\">Neobrite :, Indication de la date, Fonction de chronom\u00e9trage &#8211; 10 min, Fond de bo\u00eetier viss\u00e9, 3 ans &#8211; 1 pile<\/span><\/p>\n","protected":false},"excerpt":{"rendered":"<p><span style=\"font-family: Calibri,sans-serif;\">Neobrite :, Indication de la date, Fonction de chronom\u00e9trage &#8211; 10 min, Fond de bo\u00eetier viss\u00e9, 3 ans &#8211; 1 pile<\/span><\/p>\n","protected":false},"featured_media":87977,"comment_status":"open","ping_status":"closed","template":"","meta":{"inline_featured_image":false},"product_brand":[],"product_cat":[967,2299,2303],"product_tag":[1800,1938,1765],"class_list":{"0":"post-48203","1":"product","2":"type-product","3":"status-publish","4":"has-post-thumbnail","6":"product_cat-montres","7":"product_cat-casio-fr","8":"product_cat-edifice-fr","9":"product_tag-casio-fr","10":"product_tag-edifice-fr","11":"product_tag-sport-outdoor-fr","13":"first","14":"instock","15":"taxable","16":"shipping-taxable","17":"purchasable","18":"product-type-simple"},"_links":{"self":[{"href":"https:\/\/metal-badge.ch\/fr\/wp-json\/wp\/v2\/product\/48203","targetHints":{"allow":["GET"]}}],"collection":[{"href":"https:\/\/metal-badge.ch\/fr\/wp-json\/wp\/v2\/product"}],"about":[{"href":"https:\/\/metal-badge.ch\/fr\/wp-json\/wp\/v2\/types\/product"}],"replies":[{"embeddable":true,"href":"https:\/\/metal-badge.ch\/fr\/wp-json\/wp\/v2\/comments?post=48203"}],"wp:featuredmedia":[{"embeddable":true,"href":"https:\/\/metal-badge.ch\/fr\/wp-json\/wp\/v2\/media\/87977"}],"wp:attachment":[{"href":"https:\/\/metal-badge.ch\/fr\/wp-json\/wp\/v2\/media?parent=48203"}],"wp:term":[{"taxonomy":"product_brand","embeddable":true,"href":"https:\/\/metal-badge.ch\/fr\/wp-json\/wp\/v2\/product_brand?post=48203"},{"taxonomy":"product_cat","embeddable":true,"href":"https:\/\/metal-badge.ch\/fr\/wp-json\/wp\/v2\/product_cat?post=48203"},{"taxonomy":"product_tag","embeddable":true,"href":"https:\/\/metal-badge.ch\/fr\/wp-json\/wp\/v2\/product_tag?post=48203"}],"curies":[{"name":"wp","href":"https:\/\/api.w.org\/{rel}","templated":true}]}}