{"id":48143,"date":"2019-10-18T15:23:24","date_gmt":"2019-10-18T15:23:24","guid":{"rendered":"https:\/\/shop.metal-badge.ch\/?product=traser-p68-pathfinder-gmt-verte"},"modified":"2026-01-02T20:43:43","modified_gmt":"2026-01-02T19:43:43","slug":"traser-p68-pathfinder-gmt-green-109035","status":"publish","type":"product","link":"https:\/\/metal-badge.ch\/fr\/product\/48143\/traser-p68-pathfinder-gmt-green-109035\/","title":{"rendered":"Traser P68 Pathfinder GMT Green &#8211; 109035"},"content":{"rendered":"<p data-start=\"2584\" data-end=\"2773\"><strong data-start=\"2584\" data-end=\"2629\">L\u2019aventure vous attend\u2014o\u00f9 que vous soyez.<\/strong><br data-start=\"2629\" data-end=\"2632\" \/>La Traser P68 Pathfinder GMT vous relie \u00e0 deux mondes simultan\u00e9ment et vous accompagne avec pr\u00e9cision et \u00e9l\u00e9gance dans tous vos d\u00e9placements.<\/p>\n<p data-start=\"2775\" data-end=\"2810\">Toujours trouver votre chemin<\/p>\n<p data-start=\"2811\" data-end=\"3057\">Que vous parcouriez les rues anim\u00e9es de Tokyo ou la for\u00eat amazonienne, la P68 Pathfinder GMT est votre compagnon de confiance. Elle relie les fuseaux horaires et les terrains, vous garde connect\u00e9 \u00e0 votre foyer et vous invite \u00e0 explorer l\u2019inconnu.<\/p>\n<p data-start=\"3059\" data-end=\"3088\"><strong>Un design spectaculaire<\/strong><\/p>\n<p data-start=\"3089\" data-end=\"3622\">La P68 Pathfinder GMT s\u00e9duit par un design robuste et raffin\u00e9. Son bo\u00eetier en acier inoxydable rev\u00eatu de PVD offre une grande durabilit\u00e9 et une finition mate \u00e9l\u00e9gante qui r\u00e9duit les reflets\u2014id\u00e9ale pour les aventures en plein air. Le verre saphir antireflet garantit une lisibilit\u00e9 parfaite en toutes conditions de lumi\u00e8re, tandis que le bracelet NATO vert assure confort et r\u00e9sistance. Int\u00e9gr\u00e9e au bo\u00eetier, la lunette boussole est \u00e0 la fois un outil fonctionnel et une signature esth\u00e9tique refl\u00e9tant l\u2019esprit aventurier de la montre.<\/p>\n<p data-start=\"3624\" data-end=\"3682\"><strong>La pr\u00e9cision suisse sur laquelle vous pouvez compter<\/strong><\/p>\n<p data-start=\"3683\" data-end=\"4219\">Con\u00e7ue pour la pr\u00e9cision, la P68 Pathfinder GMT est \u00e9quip\u00e9e d\u2019un mouvement quartz Swiss Made assurant une mesure du temps fiable \u00e0 travers les fuseaux horaires. La fonction GMT permet de suivre deux fuseaux horaires simultan\u00e9ment\u2014indispensable pour les voyageurs internationaux. La lunette boussole int\u00e9gr\u00e9e, r\u00e9glable via une couronne d\u00e9di\u00e9e, offre une aide \u00e0 la navigation fiable. \u00c9tanche jusqu\u2019\u00e0 10 bar, elle est pr\u00eate pour toutes les aventures, des explorations urbaines aux exp\u00e9ditions en pleine nature\u2014une montre con\u00e7ue pour durer.<\/p>\n<p data-start=\"4221\" data-end=\"4259\"><strong>Technologie autonome trigalight\u00ae<\/strong><\/p>\n<p data-start=\"4260\" data-end=\"4621\">La technologie trigalight distingue les montres traser. Gr\u00e2ce \u00e0 son \u00e9clairage auto-aliment\u00e9, elle garantit une lisibilit\u00e9 constante dans tous les environnements, sans d\u00e9pendre d\u2019aucune source d\u2019\u00e9nergie externe. Cette innovation suisse t\u00e9moigne de l\u2019engagement de traser envers la fonctionnalit\u00e9 et la fiabilit\u00e9, avec une luminosit\u00e9 pouvant durer jusqu\u2019\u00e0 20 ans.<\/p>\n<p data-start=\"4623\" data-end=\"4656\"><strong>Caract\u00e9ristiques techniques<\/strong><\/p>\n<ul data-start=\"4657\" data-end=\"5049\">\n<li data-start=\"4657\" data-end=\"4708\">\n<p data-start=\"4659\" data-end=\"4708\">\u00c9l\u00e9ments lumineux : trigalight &amp; Super-LumiNova<\/p>\n<\/li>\n<li data-start=\"4709\" data-end=\"4746\">\n<p data-start=\"4711\" data-end=\"4746\">Aiguilles lumineuses : trigalight<\/p>\n<\/li>\n<li data-start=\"4747\" data-end=\"4782\">\n<p data-start=\"4749\" data-end=\"4782\">Joint de verre : Joint lumineux<\/p>\n<\/li>\n<li data-start=\"4783\" data-end=\"4816\">\n<p data-start=\"4785\" data-end=\"4816\">Mouvement : Quartz Swiss Made<\/p>\n<\/li>\n<li data-start=\"4817\" data-end=\"4850\">\n<p data-start=\"4819\" data-end=\"4850\">Diam\u00e8tre du bo\u00eetier : \u00d8 46 mm<\/p>\n<\/li>\n<li data-start=\"4851\" data-end=\"4880\">\n<p data-start=\"4853\" data-end=\"4880\">Verre : Saphir antireflet<\/p>\n<\/li>\n<li data-start=\"4881\" data-end=\"4922\">\n<p data-start=\"4883\" data-end=\"4922\">Bo\u00eetier : Acier inoxydable rev\u00eatu PVD<\/p>\n<\/li>\n<li data-start=\"4923\" data-end=\"4940\">\n<p data-start=\"4925\" data-end=\"4940\">Cadran : Vert<\/p>\n<\/li>\n<li data-start=\"4941\" data-end=\"4971\">\n<p data-start=\"4943\" data-end=\"4971\">Couronne : Couronne viss\u00e9e<\/p>\n<\/li>\n<li data-start=\"4972\" data-end=\"4991\">\n<p data-start=\"4974\" data-end=\"4991\">Bracelet : NATO<\/p>\n<\/li>\n<li data-start=\"4992\" data-end=\"5024\">\n<p data-start=\"4994\" data-end=\"5024\">\u00c9tanch\u00e9it\u00e9 : 10 ATM \/ 10 bar<\/p>\n<\/li>\n<li data-start=\"5025\" data-end=\"5049\">\n<p data-start=\"5027\" data-end=\"5049\">Entre-cornes : 24 mm<\/p>\n<\/li>\n<\/ul>\n","protected":false},"excerpt":{"rendered":"<p><strong data-start=\"2584\" data-end=\"2629\">L\u2019aventure vous attend\u2014o\u00f9 que vous soyez.<\/strong><br data-start=\"2629\" data-end=\"2632\" \/>La Traser P68 Pathfinder GMT vous relie \u00e0 deux mondes simultan\u00e9ment et vous accompagne avec pr\u00e9cision et \u00e9l\u00e9gance dans tous vos d\u00e9placements.<\/p>\n","protected":false},"featured_media":87987,"comment_status":"open","ping_status":"closed","template":"","meta":{"inline_featured_image":false},"product_brand":[],"product_cat":[967,2315],"product_tag":[1765,1932],"class_list":{"0":"post-48143","1":"product","2":"type-product","3":"status-publish","4":"has-post-thumbnail","6":"product_cat-montres","7":"product_cat-traser-fr","8":"product_tag-sport-outdoor-fr","9":"product_tag-traser-fr","11":"first","12":"instock","13":"taxable","14":"shipping-taxable","15":"purchasable","16":"product-type-simple"},"_links":{"self":[{"href":"https:\/\/metal-badge.ch\/fr\/wp-json\/wp\/v2\/product\/48143","targetHints":{"allow":["GET"]}}],"collection":[{"href":"https:\/\/metal-badge.ch\/fr\/wp-json\/wp\/v2\/product"}],"about":[{"href":"https:\/\/metal-badge.ch\/fr\/wp-json\/wp\/v2\/types\/product"}],"replies":[{"embeddable":true,"href":"https:\/\/metal-badge.ch\/fr\/wp-json\/wp\/v2\/comments?post=48143"}],"wp:featuredmedia":[{"embeddable":true,"href":"https:\/\/metal-badge.ch\/fr\/wp-json\/wp\/v2\/media\/87987"}],"wp:attachment":[{"href":"https:\/\/metal-badge.ch\/fr\/wp-json\/wp\/v2\/media?parent=48143"}],"wp:term":[{"taxonomy":"product_brand","embeddable":true,"href":"https:\/\/metal-badge.ch\/fr\/wp-json\/wp\/v2\/product_brand?post=48143"},{"taxonomy":"product_cat","embeddable":true,"href":"https:\/\/metal-badge.ch\/fr\/wp-json\/wp\/v2\/product_cat?post=48143"},{"taxonomy":"product_tag","embeddable":true,"href":"https:\/\/metal-badge.ch\/fr\/wp-json\/wp\/v2\/product_tag?post=48143"}],"curies":[{"name":"wp","href":"https:\/\/api.w.org\/{rel}","templated":true}]}}