{"id":48132,"date":"2019-10-18T14:29:28","date_gmt":"2019-10-18T14:29:28","guid":{"rendered":"https:\/\/shop.metal-badge.ch\/?product=traser-p68-pathfinder-gmt-bleu"},"modified":"2026-01-02T19:49:08","modified_gmt":"2026-01-02T18:49:08","slug":"trase-p68-pathfinder-gmt-blue-109034","status":"publish","type":"product","link":"https:\/\/metal-badge.ch\/fr\/product\/48132\/trase-p68-pathfinder-gmt-blue-109034\/","title":{"rendered":"Trase P68 Pathfinder GMT Blue &#8211; 109034"},"content":{"rendered":"<p><!--StartFragment --><\/p>\n<p><strong><span class=\"cf0\">L\u2019aventure<\/span> <span class=\"cf0\">vous<\/span><span class=\"cf0\"> attend<\/span><span class=\"cf1\">\u2014<\/span><span class=\"cf1\">o<\/span><span class=\"cf0\">\u00f9<\/span><span class=\"cf0\"> que <\/span><span class=\"cf0\">vous<\/span> <span class=\"cf0\">soyez<\/span><span class=\"cf0\">.<\/span><\/strong><\/p>\n<p><span class=\"cf0\">La <\/span><span class=\"cf0\">Traser<\/span><span class=\"cf0\"> P68 Pathfinder GMT <\/span><span class=\"cf0\">vous<\/span> <span class=\"cf0\">relie<\/span><span class=\"cf0\"> \u00e0 deux mondes <\/span><span class=\"cf0\">simultan\u00e9ment<\/span><span class=\"cf0\"> et <\/span><span class=\"cf0\">vous<\/span><span class=\"cf0\"> guide avec <\/span><span class=\"cf0\">pr\u00e9cision<\/span><span class=\"cf0\"> et <\/span><span class=\"cf0\">\u00e9l\u00e9gance<\/span><span class=\"cf0\"> tout au long de <\/span><span class=\"cf0\">votre<\/span><span class=\"cf0\"> voyage.<\/span><\/p>\n<p><strong><span class=\"cf0\">Toujours<\/span> <span class=\"cf0\">trouver<\/span> <span class=\"cf0\">votre<\/span><span class=\"cf0\"> chemin<\/span><\/strong><\/p>\n<p><span class=\"cf0\">Que <\/span><span class=\"cf0\">vous<\/span> <span class=\"cf0\">exploriez<\/span><span class=\"cf0\"> les rues <\/span><span class=\"cf0\">anim\u00e9es<\/span><span class=\"cf0\"> de Tokyo <\/span><span class=\"cf0\">ou<\/span><span class=\"cf0\"> que <\/span><span class=\"cf0\">vous<\/span> <span class=\"cf0\">parcouriez<\/span><span class=\"cf0\"> la <\/span><span class=\"cf0\">for\u00eat<\/span> <span class=\"cf0\">amazonienne<\/span><span class=\"cf0\">, la P68 Pathfinder GMT <\/span><span class=\"cf0\">est<\/span> <span class=\"cf0\">votre<\/span> <span class=\"cf0\">compagnon<\/span><span class=\"cf0\"> de <\/span><span class=\"cf0\">confiance<\/span><span class=\"cf0\">. Elle <\/span><span class=\"cf0\">relie<\/span><span class=\"cf0\"> les <\/span><span class=\"cf0\">fuseaux<\/span> <span class=\"cf0\">horaires<\/span><span class=\"cf0\"> et les terrains, <\/span><span class=\"cf0\">vous<\/span><span class=\"cf0\"> gardant <\/span><span class=\"cf0\">connect\u00e9<\/span><span class=\"cf0\"> \u00e0 <\/span><span class=\"cf0\">votre<\/span><span class=\"cf0\"> foyer tout en <\/span><span class=\"cf0\">vous<\/span> <span class=\"cf0\">invitant<\/span><span class=\"cf0\"> \u00e0 <\/span><span class=\"cf0\">d\u00e9couvrir<\/span> <span class=\"cf0\">l\u2019inconnu<\/span><span class=\"cf0\">.<\/span><\/p>\n<p><strong><span class=\"cf0\">Un design <\/span><span class=\"cf0\">spectaculaire<\/span><\/strong><\/p>\n<p><span class=\"cf0\">La P68 Pathfinder GMT <\/span><span class=\"cf0\">s\u00e9duit<\/span><span class=\"cf0\"> par un design <\/span><span class=\"cf0\">robuste<\/span><span class=\"cf0\"> et raffin\u00e9. Son <\/span><span class=\"cf0\">bo\u00eetier<\/span><span class=\"cf0\"> en <\/span><span class=\"cf0\">acier<\/span> <span class=\"cf0\">inoxydable<\/span> <span class=\"cf0\">rev\u00eatu<\/span><span class=\"cf0\"> de PVD <\/span><span class=\"cf0\">offre<\/span><span class=\"cf0\"> une grande <\/span><span class=\"cf0\">durabilit\u00e9<\/span><span class=\"cf0\"> et une <\/span><span class=\"cf0\">finition<\/span><span class=\"cf0\"> mate <\/span><span class=\"cf0\">\u00e9l\u00e9gante<\/span><span class=\"cf0\"> qui <\/span><span class=\"cf0\">r\u00e9duit<\/span><span class=\"cf0\"> les reflets<\/span><span class=\"cf1\">\u2014id<\/span><span class=\"cf0\">\u00e9ale pour les aventures en plein air. Le <\/span><span class=\"cf0\">verre<\/span> <span class=\"cf0\">saphir<\/span> <span class=\"cf0\">antireflet<\/span> <span class=\"cf0\">garantit<\/span><span class=\"cf0\"> une <\/span><span class=\"cf0\">lisibilit\u00e9<\/span> <span class=\"cf0\">parfaite<\/span><span class=\"cf0\"> en <\/span><span class=\"cf0\">toutes<\/span><span class=\"cf0\"> conditions de lumi\u00e8re, <\/span><span class=\"cf0\">tandis<\/span><span class=\"cf0\"> que le bracelet NATO bleu assure confort et <\/span><span class=\"cf0\">r\u00e9sistance<\/span><span class=\"cf0\">. <\/span><span class=\"cf0\">Int\u00e9gr\u00e9e<\/span><span class=\"cf0\"> au <\/span><span class=\"cf0\">bo\u00eetier<\/span><span class=\"cf0\">, la lunette <\/span><span class=\"cf0\">boussole<\/span> <span class=\"cf0\">est<\/span><span class=\"cf0\"> \u00e0 la <\/span><span class=\"cf0\">fois<\/span><span class=\"cf0\"> un <\/span><span class=\"cf0\">outil<\/span> <span class=\"cf0\">fonctionnel<\/span><span class=\"cf0\"> et une <\/span><span class=\"cf0\">v\u00e9ritable<\/span><span class=\"cf0\"> signature <\/span><span class=\"cf0\">esth\u00e9tique<\/span> <span class=\"cf0\">refl\u00e9tant<\/span> <span class=\"cf0\">l\u2019esprit<\/span> <span class=\"cf0\">aventurier<\/span><span class=\"cf0\"> de la <\/span><span class=\"cf0\">montre<\/span><span class=\"cf0\">.<\/span><\/p>\n<p><strong><span class=\"cf0\">La <\/span><span class=\"cf0\">pr\u00e9cision<\/span> <span class=\"cf0\">suisse<\/span><span class=\"cf0\"> sur <\/span><span class=\"cf0\">laquelle<\/span> <span class=\"cf0\">vous<\/span> <span class=\"cf0\">pouvez<\/span> <span class=\"cf0\">compter<\/span><\/strong><\/p>\n<p><span class=\"cf0\">Con\u00e7ue<\/span><span class=\"cf0\"> pour la <\/span><span class=\"cf0\">pr\u00e9cision<\/span><span class=\"cf0\">, la P68 Pathfinder GMT <\/span><span class=\"cf0\">est<\/span> <span class=\"cf0\">\u00e9quip\u00e9e<\/span><span class=\"cf0\"> d\u2019un <\/span><span class=\"cf0\">mouvement<\/span><span class=\"cf0\"> quartz Swiss Made <\/span><span class=\"cf0\">assurant<\/span><span class=\"cf0\"> une mesure du temps fiable \u00e0 travers les <\/span><span class=\"cf0\">fuseaux<\/span> <span class=\"cf0\">horaires<\/span><span class=\"cf0\">. La <\/span><span class=\"cf0\">fonction<\/span><span class=\"cf0\"> GMT <\/span><span class=\"cf0\">permet<\/span><span class=\"cf0\"> de <\/span><span class=\"cf0\">suivre<\/span><span class=\"cf0\"> deux <\/span><span class=\"cf0\">fuseaux<\/span> <span class=\"cf0\">horaires<\/span> <span class=\"cf0\">simultan\u00e9ment<\/span><span class=\"cf1\">\u2014indispensable pour les voyageurs <\/span><span class=\"cf1\">internationaux<\/span><span class=\"cf1\">. La lunette <\/span><span class=\"cf1\">boussole<\/span> <span class=\"cf1\">int<\/span><span class=\"cf0\">\u00e9gr\u00e9e<\/span><span class=\"cf0\">, <\/span><span class=\"cf0\">r\u00e9glable<\/span><span class=\"cf0\"> via une couronne <\/span><span class=\"cf0\">d\u00e9di\u00e9e<\/span><span class=\"cf0\">, <\/span><span class=\"cf0\">offre<\/span><span class=\"cf0\"> une aide \u00e0 la navigation fiable. <\/span><span class=\"cf0\">\u00c9tanche<\/span> <span class=\"cf0\">jusqu\u2019\u00e0<\/span><span class=\"cf0\"> 10 bar, elle <\/span><span class=\"cf0\">est<\/span> <span class=\"cf0\">pr\u00eate<\/span><span class=\"cf0\"> pour <\/span><span class=\"cf0\">toutes<\/span><span class=\"cf0\"> les aventures, des explorations <\/span><span class=\"cf0\">urbaines<\/span><span class=\"cf0\"> aux <\/span><span class=\"cf0\">exp\u00e9ditions<\/span><span class=\"cf0\"> en <\/span><span class=\"cf0\">pleine<\/span><span class=\"cf0\"> nature<\/span><span class=\"cf1\">\u2014une <\/span><span class=\"cf1\">montre<\/span> <span class=\"cf1\">con<\/span><span class=\"cf0\">\u00e7ue<\/span><span class=\"cf0\"> pour <\/span><span class=\"cf0\">durer<\/span><span class=\"cf0\">.<\/span><\/p>\n<p><strong><span class=\"cf0\">Technologie<\/span> <span class=\"cf0\">autonome<\/span> <span class=\"cf0\">trigalight<\/span><span class=\"cf0\">\u00ae<\/span><\/strong><\/p>\n<p><span class=\"cf0\">La <\/span><span class=\"cf0\">technologie<\/span> <span class=\"cf0\">trigalight<\/span><span class=\"cf0\"> distingue les <\/span><span class=\"cf0\">montres<\/span> <span class=\"cf0\">traser<\/span><span class=\"cf0\">. Gr\u00e2ce \u00e0 son <\/span><span class=\"cf0\">\u00e9clairage<\/span><span class=\"cf0\"> auto-aliment\u00e9, elle <\/span><span class=\"cf0\">garantit<\/span><span class=\"cf0\"> une <\/span><span class=\"cf0\">lisibilit\u00e9<\/span><span class=\"cf0\"> constante dans <\/span><span class=\"cf0\">tous<\/span><span class=\"cf0\"> les <\/span><span class=\"cf0\">environnements<\/span><span class=\"cf0\">, sans <\/span><span class=\"cf0\">d\u00e9pendre<\/span> <span class=\"cf0\">d\u2019aucune<\/span><span class=\"cf0\"> source <\/span><span class=\"cf0\">d\u2019\u00e9nergie<\/span><span class=\"cf0\"> externe. <\/span><span class=\"cf0\">Cette<\/span><span class=\"cf0\"> innovation <\/span><span class=\"cf0\">suisse<\/span> <span class=\"cf0\">t\u00e9moigne<\/span><span class=\"cf0\"> de <\/span><span class=\"cf0\">l\u2019engagement<\/span><span class=\"cf0\"> de <\/span><span class=\"cf0\">traser<\/span> <span class=\"cf0\">envers<\/span><span class=\"cf0\"> la <\/span><span class=\"cf0\">fonctionnalit\u00e9<\/span><span class=\"cf0\"> et la <\/span><span class=\"cf0\">fiabilit\u00e9<\/span><span class=\"cf0\">, avec une <\/span><span class=\"cf0\">luminosit\u00e9<\/span> <span class=\"cf0\">pouvant<\/span> <span class=\"cf0\">durer<\/span> <span class=\"cf0\">jusqu\u2019\u00e0<\/span><span class=\"cf0\"> 20 <\/span><span class=\"cf0\">ans<\/span><span class=\"cf0\">.<\/span><\/p>\n<p><strong><span class=\"cf0\">Caract\u00e9ristiques<\/span><span class=\"cf0\"> techniques<\/span><\/strong><\/p>\n<ul>\n<li><span class=\"cf0\">\u00c9l\u00e9ments<\/span> <span class=\"cf0\">lumineux<\/span><span class=\"cf0\"> : <\/span><span class=\"cf0\">trigalight<\/span><span class=\"cf0\"> &amp; Super-<\/span><span class=\"cf0\">LumiNova<\/span><\/li>\n<li><span class=\"cf0\">Aiguilles <\/span><span class=\"cf0\">lumineuses<\/span><span class=\"cf0\"> : <\/span><span class=\"cf0\">trigalight<\/span><\/li>\n<li><span class=\"cf0\">Joint de <\/span><span class=\"cf0\">verre<\/span><span class=\"cf0\"> : Joint <\/span><span class=\"cf0\">lumineux<\/span><\/li>\n<li><span class=\"cf0\">Mouvement<\/span><span class=\"cf0\"> : Quartz Swiss Made<\/span><\/li>\n<li><span class=\"cf0\">Diam\u00e8tre<\/span><span class=\"cf0\"> du <\/span><span class=\"cf0\">bo\u00eetier<\/span><span class=\"cf0\"> : \u00d8 46 mm<\/span><\/li>\n<li><span class=\"cf0\">Verre<\/span><span class=\"cf0\"> : Saphir <\/span><span class=\"cf0\">antireflet<\/span><\/li>\n<li><span class=\"cf0\">Bo\u00eetier<\/span><span class=\"cf0\"> : <\/span><span class=\"cf0\">Acier<\/span> <span class=\"cf0\">inoxydable<\/span> <span class=\"cf0\">rev\u00eatu<\/span><span class=\"cf0\"> PVD<\/span><\/li>\n<li><span class=\"cf0\">Cadran<\/span><span class=\"cf0\"> : Bleu<\/span><\/li>\n<li><span class=\"cf0\">Couronne : Couronne <\/span><span class=\"cf0\">viss\u00e9e<\/span><\/li>\n<li><span class=\"cf0\">Bracelet : NATO<\/span><\/li>\n<li><span class=\"cf0\">\u00c9tanch\u00e9it\u00e9<\/span><span class=\"cf0\"> : 10 ATM \/ 10 bar<\/span><\/li>\n<li><span class=\"cf0\">Entre-<\/span><span class=\"cf0\">cornes<\/span><span class=\"cf0\"> : 24 mm<\/span><\/li>\n<\/ul>\n<p><!--EndFragment --><\/p>\n","protected":false},"excerpt":{"rendered":"<p><strong><span class=\"cf0\">L\u2019aventure<\/span> <span class=\"cf0\">vous<\/span><span class=\"cf0\"> attend<\/span><span class=\"cf1\">\u2014<\/span><span class=\"cf1\">o<\/span><span class=\"cf0\">\u00f9<\/span><span class=\"cf0\"> que <\/span><span class=\"cf0\">vous<\/span> <span class=\"cf0\">soyez<\/span><span class=\"cf0\">.<\/span><\/strong><\/p>\n<p><span class=\"cf0\">La <\/span><span class=\"cf0\">Traser<\/span><span class=\"cf0\"> P68 Pathfinder GMT <\/span><span class=\"cf0\">vous<\/span> <span class=\"cf0\">relie<\/span><span class=\"cf0\"> \u00e0 deux mondes <\/span><span class=\"cf0\">simultan\u00e9ment<\/span><span class=\"cf0\"> et <\/span><span class=\"cf0\">vous<\/span><span class=\"cf0\"> guide avec <\/span><span class=\"cf0\">pr\u00e9cision<\/span><span class=\"cf0\"> et <\/span><span class=\"cf0\">\u00e9l\u00e9gance<\/span><span class=\"cf0\"> tout au long de <\/span><span class=\"cf0\">votre<\/span><span class=\"cf0\"> voyage.<\/span><\/p>\n","protected":false},"featured_media":87989,"comment_status":"open","ping_status":"closed","template":"","meta":{"inline_featured_image":false},"product_brand":[],"product_cat":[967,2315],"product_tag":[1765,1932],"class_list":{"0":"post-48132","1":"product","2":"type-product","3":"status-publish","4":"has-post-thumbnail","6":"product_cat-montres","7":"product_cat-traser-fr","8":"product_tag-sport-outdoor-fr","9":"product_tag-traser-fr","11":"first","12":"instock","13":"taxable","14":"shipping-taxable","15":"purchasable","16":"product-type-simple"},"_links":{"self":[{"href":"https:\/\/metal-badge.ch\/fr\/wp-json\/wp\/v2\/product\/48132","targetHints":{"allow":["GET"]}}],"collection":[{"href":"https:\/\/metal-badge.ch\/fr\/wp-json\/wp\/v2\/product"}],"about":[{"href":"https:\/\/metal-badge.ch\/fr\/wp-json\/wp\/v2\/types\/product"}],"replies":[{"embeddable":true,"href":"https:\/\/metal-badge.ch\/fr\/wp-json\/wp\/v2\/comments?post=48132"}],"wp:featuredmedia":[{"embeddable":true,"href":"https:\/\/metal-badge.ch\/fr\/wp-json\/wp\/v2\/media\/87989"}],"wp:attachment":[{"href":"https:\/\/metal-badge.ch\/fr\/wp-json\/wp\/v2\/media?parent=48132"}],"wp:term":[{"taxonomy":"product_brand","embeddable":true,"href":"https:\/\/metal-badge.ch\/fr\/wp-json\/wp\/v2\/product_brand?post=48132"},{"taxonomy":"product_cat","embeddable":true,"href":"https:\/\/metal-badge.ch\/fr\/wp-json\/wp\/v2\/product_cat?post=48132"},{"taxonomy":"product_tag","embeddable":true,"href":"https:\/\/metal-badge.ch\/fr\/wp-json\/wp\/v2\/product_tag?post=48132"}],"curies":[{"name":"wp","href":"https:\/\/api.w.org\/{rel}","templated":true}]}}