{"id":48109,"date":"2019-09-29T12:38:31","date_gmt":"2019-09-29T12:38:31","guid":{"rendered":"https:\/\/shop.metal-badge.ch\/?product=traser-p96-odp-evolution-grey"},"modified":"2026-01-07T02:39:59","modified_gmt":"2026-01-07T01:39:59","slug":"traser-p96-odp-evolution-grey-109037","status":"publish","type":"product","link":"https:\/\/metal-badge.ch\/fr\/product\/48109\/traser-p96-odp-evolution-grey-109037\/","title":{"rendered":"Traser P96 OdP Evolution Grey &#8211; 109037"},"content":{"rendered":"<p data-start=\"1225\" data-end=\"1530\"><strong data-start=\"1225\" data-end=\"1295\">La robustesse polyvalente rencontre un design pens\u00e9 pour la ville.<\/strong><br data-start=\"1295\" data-end=\"1298\" \/>Renforc\u00e9e pour r\u00e9sister aux chocs et aux fortes pluies, cette montre s\u2019adapte aussi bien aux sentiers de montagne qu\u2019\u00e0 la jungle urbaine. La lueur trigalight transforme l\u2019obscurit\u00e9 en clart\u00e9\u2014car l\u2019aventure ne conna\u00eet pas d\u2019horaires.<\/p>\n<h3 data-start=\"1532\" data-end=\"1573\">La montre pour toutes les aventures<\/h3>\n<p data-start=\"1574\" data-end=\"1972\">Cette montre est le compagnon id\u00e9al des amateurs d\u2019aventure : totalement fonctionnelle et dot\u00e9e d\u2019un design remarquable. Les mod\u00e8les P96 Outdoor Pioneer r\u00e9unissent tout ce que les aventuriers et passionn\u00e9s d\u2019activit\u00e9s outdoor peuvent rencontrer en toute situation. La technologie d\u2019illumination autonome trigalight garantit une lisibilit\u00e9 parfaite de l\u2019heure, m\u00eame de nuit et par faible visibilit\u00e9.<\/p>\n<h3 data-start=\"1974\" data-end=\"1994\">Sp\u00e9cifications<\/h3>\n<ul data-start=\"1995\" data-end=\"2338\">\n<li data-start=\"1995\" data-end=\"2051\">\n<p data-start=\"1997\" data-end=\"2051\">Illumination du cadran : trigalight &amp; Super-LumiNova<\/p>\n<\/li>\n<li data-start=\"2052\" data-end=\"2095\">\n<p data-start=\"2054\" data-end=\"2095\">Illumination de la lunette : trigalight<\/p>\n<\/li>\n<li data-start=\"2096\" data-end=\"2129\">\n<p data-start=\"2098\" data-end=\"2129\">Mouvement : quartz Swiss Made<\/p>\n<\/li>\n<li data-start=\"2130\" data-end=\"2150\">\n<p data-start=\"2132\" data-end=\"2150\">Taille : \u00d8 44 mm<\/p>\n<\/li>\n<li data-start=\"2151\" data-end=\"2180\">\n<p data-start=\"2153\" data-end=\"2180\">Verre : saphir antireflet<\/p>\n<\/li>\n<li data-start=\"2181\" data-end=\"2231\">\n<p data-start=\"2183\" data-end=\"2231\">Bo\u00eetier : polym\u00e8re renforc\u00e9 de fibres de verre<\/p>\n<\/li>\n<li data-start=\"2232\" data-end=\"2250\">\n<p data-start=\"2234\" data-end=\"2250\">Cadran : rouge<\/p>\n<\/li>\n<li data-start=\"2251\" data-end=\"2270\">\n<p data-start=\"2253\" data-end=\"2270\">Bracelet : NATO<\/p>\n<\/li>\n<li data-start=\"2271\" data-end=\"2303\">\n<p data-start=\"2273\" data-end=\"2303\">\u00c9tanch\u00e9it\u00e9 : 20 atm \/ 20 bar<\/p>\n<\/li>\n<li data-start=\"2304\" data-end=\"2338\">\n<p data-start=\"2306\" data-end=\"2338\">Largeur d\u2019entre-cornes : 22 mm<\/p>\n<\/li>\n<\/ul>\n","protected":false},"excerpt":{"rendered":"<p><strong data-start=\"1225\" data-end=\"1295\">La robustesse polyvalente rencontre un design pens\u00e9 pour la ville.<\/strong><br data-start=\"1295\" data-end=\"1298\" \/>Renforc\u00e9e pour r\u00e9sister aux chocs et aux fortes pluies, cette montre s\u2019adapte aussi bien aux sentiers de montagne qu\u2019\u00e0 la jungle urbaine. La lueur trigalight transforme l\u2019obscurit\u00e9 en clart\u00e9\u2014car l\u2019aventure ne conna\u00eet pas d\u2019horaires.<\/p>\n","protected":false},"featured_media":87997,"comment_status":"open","ping_status":"closed","template":"","meta":{"inline_featured_image":false},"product_brand":[],"product_cat":[967,2315],"product_tag":[1765,1932],"class_list":{"0":"post-48109","1":"product","2":"type-product","3":"status-publish","4":"has-post-thumbnail","6":"product_cat-montres","7":"product_cat-traser-fr","8":"product_tag-sport-outdoor-fr","9":"product_tag-traser-fr","11":"first","12":"instock","13":"taxable","14":"shipping-taxable","15":"purchasable","16":"product-type-simple"},"_links":{"self":[{"href":"https:\/\/metal-badge.ch\/fr\/wp-json\/wp\/v2\/product\/48109","targetHints":{"allow":["GET"]}}],"collection":[{"href":"https:\/\/metal-badge.ch\/fr\/wp-json\/wp\/v2\/product"}],"about":[{"href":"https:\/\/metal-badge.ch\/fr\/wp-json\/wp\/v2\/types\/product"}],"replies":[{"embeddable":true,"href":"https:\/\/metal-badge.ch\/fr\/wp-json\/wp\/v2\/comments?post=48109"}],"wp:featuredmedia":[{"embeddable":true,"href":"https:\/\/metal-badge.ch\/fr\/wp-json\/wp\/v2\/media\/87997"}],"wp:attachment":[{"href":"https:\/\/metal-badge.ch\/fr\/wp-json\/wp\/v2\/media?parent=48109"}],"wp:term":[{"taxonomy":"product_brand","embeddable":true,"href":"https:\/\/metal-badge.ch\/fr\/wp-json\/wp\/v2\/product_brand?post=48109"},{"taxonomy":"product_cat","embeddable":true,"href":"https:\/\/metal-badge.ch\/fr\/wp-json\/wp\/v2\/product_cat?post=48109"},{"taxonomy":"product_tag","embeddable":true,"href":"https:\/\/metal-badge.ch\/fr\/wp-json\/wp\/v2\/product_tag?post=48109"}],"curies":[{"name":"wp","href":"https:\/\/api.w.org\/{rel}","templated":true}]}}