{"id":48091,"date":"2019-09-29T11:13:24","date_gmt":"2019-09-29T11:13:24","guid":{"rendered":"https:\/\/shop.metal-badge.ch\/?product=traser-p96-odp-evolution-green"},"modified":"2026-01-04T00:37:26","modified_gmt":"2026-01-03T23:37:26","slug":"traser-p96-odp-evolution-green-109038","status":"publish","type":"product","link":"https:\/\/metal-badge.ch\/fr\/product\/48091\/traser-p96-odp-evolution-green-109038\/","title":{"rendered":"Traser P96 OdP Evolution Green &#8211; 109038"},"content":{"rendered":"<p data-start=\"1081\" data-end=\"1272\"><strong data-start=\"1081\" data-end=\"1122\">Robuste. Polyvalente. Indestructible.<\/strong> La P96 Outdoor Pioneer r\u00e9siste \u00e0 la boue, aux chutes et aux conditions extr\u00eames\u2014dans la nature comme en ville. Trigalight fait de la nuit une alli\u00e9e.<\/p>\n<p data-start=\"1274\" data-end=\"1744\"><strong data-start=\"1274\" data-end=\"1308\">La montre pour chaque aventure<\/strong><br data-start=\"1308\" data-end=\"1311\" \/>Cette montre est le compagnon id\u00e9al pour les aventures les plus audacieuses, offrant une fonctionnalit\u00e9 sans compromis tout en conservant une esth\u00e9tique soign\u00e9e. Les mod\u00e8les P96 Outdoor Pioneer r\u00e9unissent toutes les exigences dont les aventuriers et les passionn\u00e9s d\u2019outdoor ont besoin en toute circonstance. La technologie d\u2019illumination autonome trigalight garantit une lisibilit\u00e9 parfaite de l\u2019heure, m\u00eame dans l\u2019obscurit\u00e9 totale.<\/p>\n<p data-start=\"1746\" data-end=\"1764\"><strong data-start=\"1746\" data-end=\"1764\">Sp\u00e9cifications<\/strong><\/p>\n<ul>\n<li data-start=\"1766\" data-end=\"2096\">\u00c9l\u00e9ments lumineux : trigalight &amp; Super-LumiNova<\/li>\n<li data-start=\"1766\" data-end=\"2096\">\u00c9l\u00e9ments lumineux de la lunette : trigalight<\/li>\n<li data-start=\"1766\" data-end=\"2096\">Mouvement : quartz Swiss Made<\/li>\n<li data-start=\"1766\" data-end=\"2096\">Taille : \u00d8 44 mm<\/li>\n<li data-start=\"1766\" data-end=\"2096\">Verre : saphir antireflet<\/li>\n<li data-start=\"1766\" data-end=\"2096\">Bo\u00eetier : polym\u00e8re renforc\u00e9 de fibres de verre<\/li>\n<li data-start=\"1766\" data-end=\"2096\">Cadran : vert<\/li>\n<li data-start=\"1766\" data-end=\"2096\">Bracelet : NATO en cuir<\/li>\n<li data-start=\"1766\" data-end=\"2096\">\u00c9tanch\u00e9it\u00e9 : 20 atm \/ 20 bar<\/li>\n<li data-start=\"1766\" data-end=\"2096\">Largeur d\u2019entre-cornes : 22 mm<\/li>\n<\/ul>\n","protected":false},"excerpt":{"rendered":"<p><strong data-start=\"1081\" data-end=\"1122\">Robuste. Polyvalente. Indestructible.<\/strong> La P96 Outdoor Pioneer r\u00e9siste \u00e0 la boue, aux chutes et aux conditions extr\u00eames\u2014dans la nature comme en ville. Trigalight fait de la nuit une alli\u00e9e.<\/p>\n","protected":false},"featured_media":48088,"comment_status":"open","ping_status":"closed","template":"","meta":{"inline_featured_image":false},"product_brand":[],"product_cat":[967,2315],"product_tag":[1765,1932],"class_list":{"0":"post-48091","1":"product","2":"type-product","3":"status-publish","4":"has-post-thumbnail","6":"product_cat-montres","7":"product_cat-traser-fr","8":"product_tag-sport-outdoor-fr","9":"product_tag-traser-fr","11":"first","12":"instock","13":"taxable","14":"shipping-taxable","15":"purchasable","16":"product-type-simple"},"_links":{"self":[{"href":"https:\/\/metal-badge.ch\/fr\/wp-json\/wp\/v2\/product\/48091","targetHints":{"allow":["GET"]}}],"collection":[{"href":"https:\/\/metal-badge.ch\/fr\/wp-json\/wp\/v2\/product"}],"about":[{"href":"https:\/\/metal-badge.ch\/fr\/wp-json\/wp\/v2\/types\/product"}],"replies":[{"embeddable":true,"href":"https:\/\/metal-badge.ch\/fr\/wp-json\/wp\/v2\/comments?post=48091"}],"wp:featuredmedia":[{"embeddable":true,"href":"https:\/\/metal-badge.ch\/fr\/wp-json\/wp\/v2\/media\/48088"}],"wp:attachment":[{"href":"https:\/\/metal-badge.ch\/fr\/wp-json\/wp\/v2\/media?parent=48091"}],"wp:term":[{"taxonomy":"product_brand","embeddable":true,"href":"https:\/\/metal-badge.ch\/fr\/wp-json\/wp\/v2\/product_brand?post=48091"},{"taxonomy":"product_cat","embeddable":true,"href":"https:\/\/metal-badge.ch\/fr\/wp-json\/wp\/v2\/product_cat?post=48091"},{"taxonomy":"product_tag","embeddable":true,"href":"https:\/\/metal-badge.ch\/fr\/wp-json\/wp\/v2\/product_tag?post=48091"}],"curies":[{"name":"wp","href":"https:\/\/api.w.org\/{rel}","templated":true}]}}