{"id":48037,"date":"2019-09-23T18:28:22","date_gmt":"2019-09-23T18:28:22","guid":{"rendered":"https:\/\/shop.metal-badge.ch\/?product=traser-p96-odp-evolution"},"modified":"2026-01-03T17:27:45","modified_gmt":"2026-01-03T16:27:45","slug":"traser-p96-odp-evolution-black-108673","status":"publish","type":"product","link":"https:\/\/metal-badge.ch\/fr\/product\/48037\/traser-p96-odp-evolution-black-108673\/","title":{"rendered":"Traser P96 OdP Evolution Black &#8211; 108673"},"content":{"rendered":"<p data-start=\"1086\" data-end=\"1277\"><strong data-start=\"1086\" data-end=\"1127\">Robuste. Polyvalente. Indestructible.<\/strong> La P96 Outdoor Pioneer r\u00e9siste \u00e0 la boue, aux chutes et aux conditions extr\u00eames\u2014dans la nature comme en ville. Trigalight fait de la nuit une alli\u00e9e.<\/p>\n<p data-start=\"1279\" data-end=\"1737\"><strong data-start=\"1279\" data-end=\"1313\">La montre pour chaque aventure<\/strong><br data-start=\"1313\" data-end=\"1316\" \/>Cette montre est le compagnon id\u00e9al pour les aventures les plus audacieuses, offrant une fonctionnalit\u00e9 sans compromis tout en restant \u00e9l\u00e9gante. Les mod\u00e8les P96 Outdoor Pioneer r\u00e9unissent toutes les caract\u00e9ristiques dont les aventuriers et les amateurs d\u2019outdoor ont besoin en toute circonstance. La technologie d\u2019illumination autonome trigalight garantit une lisibilit\u00e9 parfaite de l\u2019heure, m\u00eame dans l\u2019obscurit\u00e9 totale.<\/p>\n<p data-start=\"1739\" data-end=\"2065\"><strong data-start=\"1739\" data-end=\"1757\">Sp\u00e9cifications<\/strong><\/p>\n<ul>\n<li data-start=\"1739\" data-end=\"2065\">\u00c9l\u00e9ments lumineux : trigalight<\/li>\n<li data-start=\"1739\" data-end=\"2065\">\u00c9l\u00e9ments lumineux de la lunette : trigalight<\/li>\n<li data-start=\"1739\" data-end=\"2065\">Mouvement : quartz Swiss Made<\/li>\n<li data-start=\"1739\" data-end=\"2065\">Taille : \u00d8 44 mm<\/li>\n<li data-start=\"1739\" data-end=\"2065\">Verre : saphir antireflet<\/li>\n<li data-start=\"1739\" data-end=\"2065\">Bo\u00eetier : polym\u00e8re renforc\u00e9 de fibres de verre<\/li>\n<li data-start=\"1739\" data-end=\"2065\">Cadran : noir<\/li>\n<li data-start=\"1739\" data-end=\"2065\">Bracelet : NATO<\/li>\n<li data-start=\"1739\" data-end=\"2065\">\u00c9tanch\u00e9it\u00e9 : 20 atm \/ 20 bar<\/li>\n<li data-start=\"1739\" data-end=\"2065\">Largeur d\u2019entre-cornes : 22 mm<\/li>\n<\/ul>\n","protected":false},"excerpt":{"rendered":"<p><strong data-start=\"1086\" data-end=\"1127\">Robuste. Polyvalente. Indestructible.<\/strong> La P96 Outdoor Pioneer r\u00e9siste \u00e0 la boue, aux chutes et aux conditions extr\u00eames\u2014dans la nature comme en ville. Trigalight fait de la nuit une alli\u00e9e.<\/p>\n","protected":false},"featured_media":88009,"comment_status":"open","ping_status":"closed","template":"","meta":{"inline_featured_image":false},"product_brand":[],"product_cat":[967,2315],"product_tag":[1765,1932],"class_list":{"0":"post-48037","1":"product","2":"type-product","3":"status-publish","4":"has-post-thumbnail","6":"product_cat-montres","7":"product_cat-traser-fr","8":"product_tag-sport-outdoor-fr","9":"product_tag-traser-fr","11":"first","12":"instock","13":"taxable","14":"shipping-taxable","15":"purchasable","16":"product-type-simple"},"_links":{"self":[{"href":"https:\/\/metal-badge.ch\/fr\/wp-json\/wp\/v2\/product\/48037","targetHints":{"allow":["GET"]}}],"collection":[{"href":"https:\/\/metal-badge.ch\/fr\/wp-json\/wp\/v2\/product"}],"about":[{"href":"https:\/\/metal-badge.ch\/fr\/wp-json\/wp\/v2\/types\/product"}],"replies":[{"embeddable":true,"href":"https:\/\/metal-badge.ch\/fr\/wp-json\/wp\/v2\/comments?post=48037"}],"wp:featuredmedia":[{"embeddable":true,"href":"https:\/\/metal-badge.ch\/fr\/wp-json\/wp\/v2\/media\/88009"}],"wp:attachment":[{"href":"https:\/\/metal-badge.ch\/fr\/wp-json\/wp\/v2\/media?parent=48037"}],"wp:term":[{"taxonomy":"product_brand","embeddable":true,"href":"https:\/\/metal-badge.ch\/fr\/wp-json\/wp\/v2\/product_brand?post=48037"},{"taxonomy":"product_cat","embeddable":true,"href":"https:\/\/metal-badge.ch\/fr\/wp-json\/wp\/v2\/product_cat?post=48037"},{"taxonomy":"product_tag","embeddable":true,"href":"https:\/\/metal-badge.ch\/fr\/wp-json\/wp\/v2\/product_tag?post=48037"}],"curies":[{"name":"wp","href":"https:\/\/api.w.org\/{rel}","templated":true}]}}