{"id":48015,"date":"2019-09-22T17:56:37","date_gmt":"2019-09-22T17:56:37","guid":{"rendered":"https:\/\/shop.metal-badge.ch\/?product=traser-p68-pathfinder-automatic-blue"},"modified":"2026-01-02T19:31:06","modified_gmt":"2026-01-02T18:31:06","slug":"traser-p68-pathfinder-automatic-blue-107719","status":"publish","type":"product","link":"https:\/\/metal-badge.ch\/fr\/product\/48015\/traser-p68-pathfinder-automatic-blue-107719\/","title":{"rendered":"Traser P68 Pathfinder Automatic Blue &#8211; 107719"},"content":{"rendered":"<p data-start=\"2160\" data-end=\"2407\"><strong data-start=\"2160\" data-end=\"2191\">La P68 Pathfinder Automatic<\/strong> est votre compagnon id\u00e9al pour les aventures en plein air. Con\u00e7ue pour r\u00e9sister aux conditions les plus extr\u00eames, elle associe un design robuste \u00e0 des fonctionnalit\u00e9s avanc\u00e9es pour vous guider sur tous les terrains.<\/p>\n<p data-start=\"2409\" data-end=\"2444\"><strong>Toujours trouver votre chemin<\/strong><\/p>\n<p data-start=\"2445\" data-end=\"2758\">Que vous traversiez des sommets enneig\u00e9s ou des for\u00eats denses, la P68 Pathfinder Automatic \u00e0 votre poignet est un v\u00e9ritable rep\u00e8re de fiabilit\u00e9. Ses aiguilles et index lumineux garantissent une lisibilit\u00e9 permanente, tandis que la lunette boussole vous maintient sur le bon cap, quelles que soient les conditions.<\/p>\n<p data-start=\"2760\" data-end=\"2789\"><strong>Un design spectaculaire<\/strong><\/p>\n<p data-start=\"2790\" data-end=\"3142\">La P68 Pathfinder Automatic se distingue par un cadran bleu saisissant \u00e9voquant l\u2019immensit\u00e9 du ciel et de la mer. Le bo\u00eetier en acier inoxydable rev\u00eatu de PVD anthracite offre une allure \u00e0 la fois robuste et \u00e9l\u00e9gante, tandis que le bracelet NATO apporte une touche d\u00e9contract\u00e9e et aventureuse. Le verre saphir antireflet assure une parfaite lisibilit\u00e9.<\/p>\n<p data-start=\"3144\" data-end=\"3202\"><strong>La pr\u00e9cision suisse sur laquelle vous pouvez compter<\/strong><\/p>\n<p data-start=\"3203\" data-end=\"3485\">Anim\u00e9e par un mouvement automatique Swiss Made, la P68 Pathfinder Automatic garantit pr\u00e9cision et fiabilit\u00e9. La lunette boussole r\u00e9glable, command\u00e9e par une couronne viss\u00e9e, est un outil essentiel pour la navigation. \u00c9tanche jusqu\u2019\u00e0 10 ATM, elle est pr\u00eate pour toutes les aventures.<\/p>\n<p data-start=\"3487\" data-end=\"3526\"><strong>Illumination autonome trigalight\u00ae<\/strong><\/p>\n<p data-start=\"3527\" data-end=\"3816\">Dot\u00e9e de la technologie exclusive trigalight sur les index, les aiguilles et sous le logo, la P68 Pathfinder Automatic assure une visibilit\u00e9 constante. De plus, le Super-LumiNova sur le cadran et le joint de verre lumineux renforcent la lisibilit\u00e9 dans des conditions de faible luminosit\u00e9.<\/p>\n<p data-start=\"3818\" data-end=\"3851\"><strong>Caract\u00e9ristiques techniques<\/strong><\/p>\n<ul data-start=\"3852\" data-end=\"4253\">\n<li data-start=\"3852\" data-end=\"3908\">\n<p data-start=\"3854\" data-end=\"3908\">Illumination du cadran : trigalight &amp; Super-LumiNova<\/p>\n<\/li>\n<li data-start=\"3909\" data-end=\"3938\">\n<p data-start=\"3911\" data-end=\"3938\">Illumination : trigalight<\/p>\n<\/li>\n<li data-start=\"3939\" data-end=\"3974\">\n<p data-start=\"3941\" data-end=\"3974\">Joint de verre : Joint lumineux<\/p>\n<\/li>\n<li data-start=\"3975\" data-end=\"4013\">\n<p data-start=\"3977\" data-end=\"4013\">Mouvement : Automatique Swiss Made<\/p>\n<\/li>\n<li data-start=\"4014\" data-end=\"4047\">\n<p data-start=\"4016\" data-end=\"4047\">Diam\u00e8tre du bo\u00eetier : \u00d8 46 mm<\/p>\n<\/li>\n<li data-start=\"4048\" data-end=\"4077\">\n<p data-start=\"4050\" data-end=\"4077\">Verre : Saphir antireflet<\/p>\n<\/li>\n<li data-start=\"4078\" data-end=\"4119\">\n<p data-start=\"4080\" data-end=\"4119\">Bo\u00eetier : Acier inoxydable rev\u00eatu PVD<\/p>\n<\/li>\n<li data-start=\"4120\" data-end=\"4137\">\n<p data-start=\"4122\" data-end=\"4137\">Cadran : Bleu<\/p>\n<\/li>\n<li data-start=\"4138\" data-end=\"4168\">\n<p data-start=\"4140\" data-end=\"4168\">Couronne : Couronne viss\u00e9e<\/p>\n<\/li>\n<li data-start=\"4169\" data-end=\"4188\">\n<p data-start=\"4171\" data-end=\"4188\">Bracelet : NATO<\/p>\n<\/li>\n<li data-start=\"4189\" data-end=\"4221\">\n<p data-start=\"4191\" data-end=\"4221\">\u00c9tanch\u00e9it\u00e9 : 10 ATM \/ 10 bar<\/p>\n<\/li>\n<li data-start=\"4222\" data-end=\"4253\">\n<p data-start=\"4224\" data-end=\"4253\">Largeur du bracelet : 24 mm<\/p>\n<\/li>\n<\/ul>\n","protected":false},"excerpt":{"rendered":"<p><strong data-start=\"2160\" data-end=\"2191\">La P68 Pathfinder Automatic<\/strong> est votre compagnon id\u00e9al pour les aventures en plein air. Con\u00e7ue pour r\u00e9sister aux conditions les plus extr\u00eames, elle associe un design robuste \u00e0 des fonctionnalit\u00e9s avanc\u00e9es pour vous guider sur tous les terrains.<\/p>\n","protected":false},"featured_media":88017,"comment_status":"open","ping_status":"closed","template":"","meta":{"inline_featured_image":false},"product_brand":[],"product_cat":[967,2315],"product_tag":[1765,1932],"class_list":{"0":"post-48015","1":"product","2":"type-product","3":"status-publish","4":"has-post-thumbnail","6":"product_cat-montres","7":"product_cat-traser-fr","8":"product_tag-sport-outdoor-fr","9":"product_tag-traser-fr","11":"first","12":"instock","13":"taxable","14":"shipping-taxable","15":"purchasable","16":"product-type-simple"},"_links":{"self":[{"href":"https:\/\/metal-badge.ch\/fr\/wp-json\/wp\/v2\/product\/48015","targetHints":{"allow":["GET"]}}],"collection":[{"href":"https:\/\/metal-badge.ch\/fr\/wp-json\/wp\/v2\/product"}],"about":[{"href":"https:\/\/metal-badge.ch\/fr\/wp-json\/wp\/v2\/types\/product"}],"replies":[{"embeddable":true,"href":"https:\/\/metal-badge.ch\/fr\/wp-json\/wp\/v2\/comments?post=48015"}],"wp:featuredmedia":[{"embeddable":true,"href":"https:\/\/metal-badge.ch\/fr\/wp-json\/wp\/v2\/media\/88017"}],"wp:attachment":[{"href":"https:\/\/metal-badge.ch\/fr\/wp-json\/wp\/v2\/media?parent=48015"}],"wp:term":[{"taxonomy":"product_brand","embeddable":true,"href":"https:\/\/metal-badge.ch\/fr\/wp-json\/wp\/v2\/product_brand?post=48015"},{"taxonomy":"product_cat","embeddable":true,"href":"https:\/\/metal-badge.ch\/fr\/wp-json\/wp\/v2\/product_cat?post=48015"},{"taxonomy":"product_tag","embeddable":true,"href":"https:\/\/metal-badge.ch\/fr\/wp-json\/wp\/v2\/product_tag?post=48015"}],"curies":[{"name":"wp","href":"https:\/\/api.w.org\/{rel}","templated":true}]}}