{"id":47998,"date":"2019-09-22T16:21:04","date_gmt":"2019-09-22T16:21:04","guid":{"rendered":"https:\/\/shop.metal-badge.ch\/?product=traser-p67-officer-pro-gunmetal-black-orange"},"modified":"2026-01-17T06:08:59","modified_gmt":"2026-01-17T05:08:59","slug":"traser-p67-p67-officer-pro-gunmetal-black-orange-107425","status":"publish","type":"product","link":"https:\/\/metal-badge.ch\/fr\/product\/47998\/traser-p67-p67-officer-pro-gunmetal-black-orange-107425\/","title":{"rendered":"Traser P67 P67 Officer Pro GunMetal Black\/Orange &#8211; 107425"},"content":{"rendered":"<p>Une lisibilit\u00e9 parfaite, quand vous en avez besoin : la P67 Officer Pro offre une lisibilit\u00e9 de niveau militaire, de jour comme de nuit. Assez compacte pour la ville, suffisamment robuste pour la nature.<\/p>\n<p><strong>Fonctionnalit\u00e9, authenticit\u00e9 et esth\u00e9tique r\u00e9unies dans une seule montre<\/strong><\/p>\n<p>Cette montre a \u00e9t\u00e9 con\u00e7ue pour affronter toutes les situations, \u00e0 toutes les temp\u00e9ratures et quelles que soient les conditions de visibilit\u00e9\u2014pr\u00eate pour chaque aventure que la vie r\u00e9serve. M\u00eame dans l\u2019obscurit\u00e9 totale, l\u2019heure reste parfaitement lisible gr\u00e2ce aux capillaires en verre trigalight.<\/p>\n<p><strong>Sp\u00e9cifications<\/strong><\/p>\n<ul>\n<li>\u00c9l\u00e9ments luminescents : trigalight &amp; Super-LumiNova<\/li>\n<li>Joint lumineux : Joint lumineux<\/li>\n<li>Mouvement : Quartz Swiss Made<\/li>\n<li>Taille : \u00d8 42 mm<\/li>\n<li>Verre : Saphir antireflet<\/li>\n<li>Bo\u00eetier : Acier inoxydable avec rev\u00eatement PVD<\/li>\n<li>Cadran : Noir<\/li>\n<li>Bracelet : NATO<\/li>\n<li>\u00c9tanch\u00e9it\u00e9 : 10 atm \/ 10 bar<\/li>\n<\/ul>\n","protected":false},"excerpt":{"rendered":"<p>Une lisibilit\u00e9 parfaite, quand vous en avez besoin : la P67 Officer Pro offre une lisibilit\u00e9 de niveau militaire, de jour comme de nuit. Assez compacte pour la ville, suffisamment robuste pour la nature.<\/p>\n","protected":false},"featured_media":153126,"comment_status":"open","ping_status":"closed","template":"","meta":{"inline_featured_image":false},"product_brand":[],"product_cat":[967,2315],"product_tag":[1765,1932],"class_list":{"0":"post-47998","1":"product","2":"type-product","3":"status-publish","4":"has-post-thumbnail","6":"product_cat-montres","7":"product_cat-traser-fr","8":"product_tag-sport-outdoor-fr","9":"product_tag-traser-fr","11":"first","12":"instock","13":"taxable","14":"shipping-taxable","15":"purchasable","16":"product-type-simple"},"_links":{"self":[{"href":"https:\/\/metal-badge.ch\/fr\/wp-json\/wp\/v2\/product\/47998","targetHints":{"allow":["GET"]}}],"collection":[{"href":"https:\/\/metal-badge.ch\/fr\/wp-json\/wp\/v2\/product"}],"about":[{"href":"https:\/\/metal-badge.ch\/fr\/wp-json\/wp\/v2\/types\/product"}],"replies":[{"embeddable":true,"href":"https:\/\/metal-badge.ch\/fr\/wp-json\/wp\/v2\/comments?post=47998"}],"wp:featuredmedia":[{"embeddable":true,"href":"https:\/\/metal-badge.ch\/fr\/wp-json\/wp\/v2\/media\/153126"}],"wp:attachment":[{"href":"https:\/\/metal-badge.ch\/fr\/wp-json\/wp\/v2\/media?parent=47998"}],"wp:term":[{"taxonomy":"product_brand","embeddable":true,"href":"https:\/\/metal-badge.ch\/fr\/wp-json\/wp\/v2\/product_brand?post=47998"},{"taxonomy":"product_cat","embeddable":true,"href":"https:\/\/metal-badge.ch\/fr\/wp-json\/wp\/v2\/product_cat?post=47998"},{"taxonomy":"product_tag","embeddable":true,"href":"https:\/\/metal-badge.ch\/fr\/wp-json\/wp\/v2\/product_tag?post=47998"}],"curies":[{"name":"wp","href":"https:\/\/api.w.org\/{rel}","templated":true}]}}