{"id":47973,"date":"2019-09-17T16:12:02","date_gmt":"2019-09-17T16:12:02","guid":{"rendered":"https:\/\/shop.metal-badge.ch\/?product=traser-p67-officer-pro-gunmetal-black"},"modified":"2026-01-16T14:11:48","modified_gmt":"2026-01-16T13:11:48","slug":"p67-officer-pro-gunmetal-black-107422","status":"publish","type":"product","link":"https:\/\/metal-badge.ch\/fr\/product\/47973\/p67-officer-pro-gunmetal-black-107422\/","title":{"rendered":"P67 Officer Pro GunMetal Black &#8211; 107422"},"content":{"rendered":"<p>Une lisibilit\u00e9 optimale, \u00e0 tout moment : la P67 Officer Pro offre une lecture de niveau militaire, de jour comme de nuit. Assez compacte pour la ville, suffisamment robuste pour la nature.<\/p>\n<p><strong>Fonctionnalit\u00e9, authenticit\u00e9 et esth\u00e9tique r\u00e9unies dans une seule montre<\/strong><\/p>\n<p>Con\u00e7ue pour s\u2019adapter \u00e0 toutes les situations, \u00e0 toutes les temp\u00e9ratures et quelles que soient les conditions de visibilit\u00e9, cette montre est pr\u00eate \u00e0 relever chaque aventure que la vie r\u00e9serve. M\u00eame dans l\u2019obscurit\u00e9 totale, l\u2019heure reste parfaitement lisible gr\u00e2ce aux capillaires en verre trigalight.<\/p>\n<p><strong>Sp\u00e9cifications<\/strong><\/p>\n<ul>\n<li>\u00c9l\u00e9ments lumineux : trigalight<\/li>\n<li>Joint lumineux : joint lumineux<\/li>\n<li>Mouvement : quartz Swiss Made<\/li>\n<li>Diam\u00e8tre : \u00d8 42 mm<\/li>\n<li>Verre : saphir antireflet<\/li>\n<li>Bo\u00eetier : acier inoxydable rev\u00eatu PVD<\/li>\n<li>Cadran : noir<\/li>\n<li>Bracelet : NATO<\/li>\n<li>\u00c9tanch\u00e9it\u00e9 : 10 atm \/ 10 bar<\/li>\n<\/ul>\n","protected":false},"excerpt":{"rendered":"<p>Une lisibilit\u00e9 optimale, \u00e0 tout moment : la P67 Officer Pro offre une lecture de niveau militaire, de jour comme de nuit. Assez compacte pour la ville, suffisamment robuste pour la nature.<\/p>\n","protected":false},"featured_media":153095,"comment_status":"open","ping_status":"closed","template":"","meta":{"inline_featured_image":false},"product_brand":[],"product_cat":[967,2315],"product_tag":[1765,1932],"class_list":{"0":"post-47973","1":"product","2":"type-product","3":"status-publish","4":"has-post-thumbnail","6":"product_cat-montres","7":"product_cat-traser-fr","8":"product_tag-sport-outdoor-fr","9":"product_tag-traser-fr","11":"first","12":"instock","13":"taxable","14":"shipping-taxable","15":"purchasable","16":"product-type-simple"},"_links":{"self":[{"href":"https:\/\/metal-badge.ch\/fr\/wp-json\/wp\/v2\/product\/47973","targetHints":{"allow":["GET"]}}],"collection":[{"href":"https:\/\/metal-badge.ch\/fr\/wp-json\/wp\/v2\/product"}],"about":[{"href":"https:\/\/metal-badge.ch\/fr\/wp-json\/wp\/v2\/types\/product"}],"replies":[{"embeddable":true,"href":"https:\/\/metal-badge.ch\/fr\/wp-json\/wp\/v2\/comments?post=47973"}],"wp:featuredmedia":[{"embeddable":true,"href":"https:\/\/metal-badge.ch\/fr\/wp-json\/wp\/v2\/media\/153095"}],"wp:attachment":[{"href":"https:\/\/metal-badge.ch\/fr\/wp-json\/wp\/v2\/media?parent=47973"}],"wp:term":[{"taxonomy":"product_brand","embeddable":true,"href":"https:\/\/metal-badge.ch\/fr\/wp-json\/wp\/v2\/product_brand?post=47973"},{"taxonomy":"product_cat","embeddable":true,"href":"https:\/\/metal-badge.ch\/fr\/wp-json\/wp\/v2\/product_cat?post=47973"},{"taxonomy":"product_tag","embeddable":true,"href":"https:\/\/metal-badge.ch\/fr\/wp-json\/wp\/v2\/product_tag?post=47973"}],"curies":[{"name":"wp","href":"https:\/\/api.w.org\/{rel}","templated":true}]}}