{"id":47965,"date":"2019-09-17T13:39:17","date_gmt":"2019-09-17T13:39:17","guid":{"rendered":"https:\/\/shop.metal-badge.ch\/?product=traser-p67-officer-pro-automatic-black"},"modified":"2025-12-18T05:43:29","modified_gmt":"2025-12-18T04:43:29","slug":"p67-officer-pro-automatic-black-108075","status":"publish","type":"product","link":"https:\/\/metal-badge.ch\/fr\/product\/47965\/p67-officer-pro-automatic-black-108075\/","title":{"rendered":"P67 Officer Pro Automatic Black &#8211; 108075"},"content":{"rendered":"<p data-start=\"143\" data-end=\"819\"><strong data-start=\"143\" data-end=\"253\">Inspir\u00e9e de la premi\u00e8re montre de traser, THE ORIGINAL de 1989, la famille P66 perp\u00e9tue l\u2019esprit tactique.<\/strong><br data-start=\"253\" data-end=\"256\" \/>Con\u00e7ue selon les strictes sp\u00e9cifications militaires <strong data-start=\"308\" data-end=\"339\">MIL-G de l\u2019arm\u00e9e am\u00e9ricaine<\/strong>, cette montre incassable surpasse toutes les missions. Son noyau robuste en acier inoxydable, prot\u00e9g\u00e9 par un bo\u00eetier ext\u00e9rieur r\u00e9sistant en polym\u00e8re renforc\u00e9 de fibres de verre, en fait un instrument indispensable pour les situations extr\u00eames.<\/p>\n<p data-start=\"143\" data-end=\"819\">L\u2019ensemble de ces \u00e9l\u00e9ments, combin\u00e9 \u00e0 l\u2019illumination autonome <strong data-start=\"648\" data-end=\"662\">trigalight<\/strong>, garantit une lisibilit\u00e9 constante de l\u2019heure en toutes circonstances, m\u00eame dans les conditions les plus difficiles et les environnements les plus hostiles.<\/p>\n<h3 data-start=\"821\" data-end=\"848\">POINTS DE VENTE UNIQUES<\/h3>\n<ul data-start=\"850\" data-end=\"1038\">\n<li data-start=\"850\" data-end=\"892\">\n<p data-start=\"852\" data-end=\"892\"><strong data-start=\"852\" data-end=\"890\">ILLUMINATION : trigalight autonome<\/strong><\/p>\n<\/li>\n<li data-start=\"893\" data-end=\"955\">\n<p data-start=\"895\" data-end=\"955\">Technologie d\u2019illumination <strong data-start=\"922\" data-end=\"953\">trigalight &amp; Super-LumiNova<\/strong><\/p>\n<\/li>\n<li data-start=\"956\" data-end=\"1016\">\n<p data-start=\"958\" data-end=\"1016\">Bo\u00eetier en acier inoxydable avec rev\u00eatement <strong data-start=\"1002\" data-end=\"1014\">gunmetal<\/strong><\/p>\n<\/li>\n<li data-start=\"1017\" data-end=\"1038\">\n<p data-start=\"1019\" data-end=\"1038\">Mod\u00e8les <strong data-start=\"1027\" data-end=\"1038\">unisexe<\/strong><\/p>\n<\/li>\n<\/ul>\n<p data-start=\"1040\" data-end=\"1058\"><strong data-start=\"1040\" data-end=\"1058\">Sp\u00e9cifications<\/strong><\/p>\n<ul data-start=\"1060\" data-end=\"1341\">\n<li data-start=\"1060\" data-end=\"1107\">\n<p data-start=\"1062\" data-end=\"1107\">Illumination : trigalight\u00ae &amp; Super-LumiNova<\/p>\n<\/li>\n<li data-start=\"1108\" data-end=\"1135\">\n<p data-start=\"1110\" data-end=\"1135\">Mouvement : automatique<\/p>\n<\/li>\n<li data-start=\"1136\" data-end=\"1167\">\n<p data-start=\"1138\" data-end=\"1167\">Diam\u00e8tre du bo\u00eetier : 45 mm<\/p>\n<\/li>\n<li data-start=\"1168\" data-end=\"1240\">\n<p data-start=\"1170\" data-end=\"1240\">Bo\u00eetier : acier inoxydable rev\u00eatu PVD, fond en verre, joint lumineux<\/p>\n<\/li>\n<li data-start=\"1241\" data-end=\"1259\">\n<p data-start=\"1243\" data-end=\"1259\">Verre : saphir<\/p>\n<\/li>\n<li data-start=\"1260\" data-end=\"1291\">\n<p data-start=\"1262\" data-end=\"1291\">Largeur du bracelet : 22 mm<\/p>\n<\/li>\n<li data-start=\"1292\" data-end=\"1321\">\n<p data-start=\"1294\" data-end=\"1321\">\u00c9tanch\u00e9it\u00e9 : 10 ATM \/ bar<\/p>\n<\/li>\n<li data-start=\"1322\" data-end=\"1341\">\n<p data-start=\"1324\" data-end=\"1341\">Bracelet : cuir<\/p>\n<\/li>\n<\/ul>\n","protected":false},"excerpt":{"rendered":"<p><strong data-start=\"143\" data-end=\"253\">Inspir\u00e9e de la premi\u00e8re montre de traser, THE ORIGINAL de 1989, la famille P66 perp\u00e9tue l\u2019esprit tactique.<\/strong><br data-start=\"253\" data-end=\"256\" \/>Con\u00e7ue selon les strictes sp\u00e9cifications militaires <strong data-start=\"308\" data-end=\"339\">MIL-G de l\u2019arm\u00e9e am\u00e9ricaine<\/strong>, cette montre incassable surpasse toutes les missions. Son noyau robuste en acier inoxydable, prot\u00e9g\u00e9 par un bo\u00eetier ext\u00e9rieur r\u00e9sistant en polym\u00e8re renforc\u00e9 de fibres de verre, en fait un instrument indispensable pour les situations extr\u00eames.<\/p>\n<p>L\u2019ensemble de ces \u00e9l\u00e9ments, combin\u00e9 \u00e0 l\u2019illumination autonome <strong data-start=\"648\" data-end=\"662\">trigalight<\/strong>, garantit une lisibilit\u00e9 constante de l\u2019heure en toutes circonstances, m\u00eame dans les conditions les plus difficiles et les environnements les plus hostiles.<\/p>\n","protected":false},"featured_media":88031,"comment_status":"open","ping_status":"closed","template":"","meta":{"inline_featured_image":false},"product_brand":[],"product_cat":[967,2315],"product_tag":[1765,1932],"class_list":{"0":"post-47965","1":"product","2":"type-product","3":"status-publish","4":"has-post-thumbnail","6":"product_cat-montres","7":"product_cat-traser-fr","8":"product_tag-sport-outdoor-fr","9":"product_tag-traser-fr","11":"first","12":"instock","13":"taxable","14":"shipping-taxable","15":"purchasable","16":"product-type-simple"},"_links":{"self":[{"href":"https:\/\/metal-badge.ch\/fr\/wp-json\/wp\/v2\/product\/47965","targetHints":{"allow":["GET"]}}],"collection":[{"href":"https:\/\/metal-badge.ch\/fr\/wp-json\/wp\/v2\/product"}],"about":[{"href":"https:\/\/metal-badge.ch\/fr\/wp-json\/wp\/v2\/types\/product"}],"replies":[{"embeddable":true,"href":"https:\/\/metal-badge.ch\/fr\/wp-json\/wp\/v2\/comments?post=47965"}],"wp:featuredmedia":[{"embeddable":true,"href":"https:\/\/metal-badge.ch\/fr\/wp-json\/wp\/v2\/media\/88031"}],"wp:attachment":[{"href":"https:\/\/metal-badge.ch\/fr\/wp-json\/wp\/v2\/media?parent=47965"}],"wp:term":[{"taxonomy":"product_brand","embeddable":true,"href":"https:\/\/metal-badge.ch\/fr\/wp-json\/wp\/v2\/product_brand?post=47965"},{"taxonomy":"product_cat","embeddable":true,"href":"https:\/\/metal-badge.ch\/fr\/wp-json\/wp\/v2\/product_cat?post=47965"},{"taxonomy":"product_tag","embeddable":true,"href":"https:\/\/metal-badge.ch\/fr\/wp-json\/wp\/v2\/product_tag?post=47965"}],"curies":[{"name":"wp","href":"https:\/\/api.w.org\/{rel}","templated":true}]}}