{"id":47843,"date":"2019-08-14T11:06:42","date_gmt":"2019-08-14T11:06:42","guid":{"rendered":"https:\/\/shop.metal-badge.ch\/?product=camo-f179-arc-recurve-take-down-56-pouces"},"modified":"2019-08-16T11:50:45","modified_gmt":"2019-08-16T11:50:45","slug":"camo-f179-arc-recurve-take-down-56-pouces","status":"publish","type":"product","link":"https:\/\/metal-badge.ch\/fr\/product\/47843\/camo-f179-arc-recurve-take-down-56-pouces\/","title":{"rendered":"Camo F179 &#8211; Arc Recurve Take Down 56 pouces"},"content":{"rendered":"<p>Cet arc Recurve Take Down et ses trois parties, avec une longueur de 56 pouces, est pr\u00e9sent\u00e9 avec une pi\u00e8ce centrale couleur camouflage. Le pr\u00e9jug\u00e9 selon lequel les pi\u00e8ces centrales en m\u00e9tal sont lourdes est r\u00e9fut\u00e9 par cet arc recourb\u00e9 \u00ab Camo F179 \u00bb, avec seulement 675 g de pi\u00e8ce centrale en m\u00e9tal et un poids complet de 1040 g pour l&rsquo;arc entier dans la zone inf\u00e9rieure. Et aussi petite que soit la pi\u00e8ce centrale du Black Raven, elle poss\u00e8de une visi\u00e8re, un stabilisateur et une prise pour bouton ainsi que des pi\u00e8ces centrales plus grandes. Avec la possibilit\u00e9 de tirer des poids entre 30, 35, 40, 45 et 50 livres et un bras lanceur en \u00e9rable fort et fibre de verre noire, cet arc convient aussi bien aux d\u00e9butants qu&rsquo;aux pratiquants avanc\u00e9s et offre un tr\u00e8s bon rapport qualit\u00e9\/prix.<\/p>\n<p><strong>Donn\u00e9es techniques :<\/strong><br \/>\nPoids en traction : 30 &#8211; 50 livres<br \/>\nLongueur de tir, draw lenght : 28 pouces \/ 71,5 cm<br \/>\nLongueur de l&rsquo;arc : 56 pouces \/ 143 cm<br \/>\nPoids total : environ 1040g<br \/>\nBande d&rsquo;arc : 6,5 \u2013 7,25 pouces<br \/>\nLongueur pi\u00e8ce centrale aluminium \/ \u00e9l\u00e9vateur : 43,18 cm \/ 17 pouces<br \/>\nPoids (pi\u00e8ce interm\u00e9diaire) : 675 g.<br \/>\nPoids (bras lanceur) : 365 g.<br \/>\nMat\u00e9riau (pi\u00e8ce interm\u00e9diaire) : Aluminium<br \/>\nMati\u00e8re (bras lanceur) : bois, fibre de verre<br \/>\nCouleur pi\u00e8ce centrale : camouflage<br \/>\nCouleur bras lanceur : noir<br \/>\nMod\u00e8le : main droite<br \/>\nArc livr\u00e9 avec corde \u00ab dyneema 16 strands)<\/p>\n","protected":false},"excerpt":{"rendered":"<p>Cet arc Recurve Take Down et ses trois parties, avec une longueur de 56 pouces, est pr\u00e9sent\u00e9 avec une pi\u00e8ce centrale couleur camouflage. Le pr\u00e9jug\u00e9 selon lequel les pi\u00e8ces centrales en m\u00e9tal sont lourdes est r\u00e9fut\u00e9 par cet arc recourb\u00e9 \u00ab Camo F179 \u00bb, avec seulement 675 g de pi\u00e8ce centrale en m\u00e9tal et un [&hellip;]<\/p>\n","protected":false},"featured_media":88061,"comment_status":"open","ping_status":"closed","template":"","meta":{"inline_featured_image":false},"product_brand":[],"product_cat":[1347,1475],"product_tag":[1769,1773,1765],"class_list":{"0":"post-47843","1":"product","2":"type-product","3":"status-publish","4":"has-post-thumbnail","6":"product_cat-accessoires-militaires-de-chasse","7":"product_cat-tir-a-larc-arbalete-sarbacane","8":"product_tag-army-survival-fr","9":"product_tag-chasse-peche","10":"product_tag-sport-outdoor-fr","12":"first","13":"instock","14":"taxable","15":"shipping-taxable","16":"purchasable","17":"product-type-simple"},"_links":{"self":[{"href":"https:\/\/metal-badge.ch\/fr\/wp-json\/wp\/v2\/product\/47843","targetHints":{"allow":["GET"]}}],"collection":[{"href":"https:\/\/metal-badge.ch\/fr\/wp-json\/wp\/v2\/product"}],"about":[{"href":"https:\/\/metal-badge.ch\/fr\/wp-json\/wp\/v2\/types\/product"}],"replies":[{"embeddable":true,"href":"https:\/\/metal-badge.ch\/fr\/wp-json\/wp\/v2\/comments?post=47843"}],"wp:featuredmedia":[{"embeddable":true,"href":"https:\/\/metal-badge.ch\/fr\/wp-json\/wp\/v2\/media\/88061"}],"wp:attachment":[{"href":"https:\/\/metal-badge.ch\/fr\/wp-json\/wp\/v2\/media?parent=47843"}],"wp:term":[{"taxonomy":"product_brand","embeddable":true,"href":"https:\/\/metal-badge.ch\/fr\/wp-json\/wp\/v2\/product_brand?post=47843"},{"taxonomy":"product_cat","embeddable":true,"href":"https:\/\/metal-badge.ch\/fr\/wp-json\/wp\/v2\/product_cat?post=47843"},{"taxonomy":"product_tag","embeddable":true,"href":"https:\/\/metal-badge.ch\/fr\/wp-json\/wp\/v2\/product_tag?post=47843"}],"curies":[{"name":"wp","href":"https:\/\/api.w.org\/{rel}","templated":true}]}}