{"id":47835,"date":"2019-08-14T10:34:20","date_gmt":"2019-08-14T10:34:20","guid":{"rendered":"https:\/\/shop.metal-badge.ch\/?product=carquois-telescopique-pour-fleches"},"modified":"2019-08-14T10:34:54","modified_gmt":"2019-08-14T10:34:54","slug":"carquois-telescopique-pour-fleches","status":"publish","type":"product","link":"https:\/\/metal-badge.ch\/fr\/product\/47835\/carquois-telescopique-pour-fleches\/","title":{"rendered":"Carquois t\u00e9lescopique pour fl\u00e8ches"},"content":{"rendered":"<p>Carquois pratique pour ranger et transporter vos fl\u00e8ches en toute s\u00e9curit\u00e9. Longueur t\u00e9lescopique r\u00e9glable de 63 cm \u00e0 103 cm. Le carquois est en plastique et \u00e9quip\u00e9 d&rsquo;une fermeture \u00e0 ba\u00efonnette avec couvercle. Absolument imperm\u00e9able et offre de la place pour environ 15 \u00e0 20 fl\u00e8ches. Gr\u00e2ce \u00e0 la longue sangle de transport, r\u00e9glable, notre carquois peut \u00eatre facilement transport\u00e9 ou transf\u00e9r\u00e9.<br \/>\nIl est \u00e9galement parfois pour le transport de posters, de cartes ou de cannes \u00e0 p\u00eache.<\/p>\n<p><strong>Propri\u00e9t\u00e9s du produit :<\/strong><br \/>\nLe carquois t\u00e9lescopique permet de ranger jusqu\u2019\u00e0 20 fl\u00e8ches<br \/>\nSangle de transport r\u00e9glable<br \/>\nPoids : 340 g.<br \/>\nFermeture : rabat avec fermeture \u00e0 ba\u00efonnette<br \/>\nCouleur : noir et rouge<br \/>\nMati\u00e8re : PE, plastique<br \/>\n\u00c9tanche<br \/>\nDiam\u00e8tre : 7,5 cm<br \/>\nLongueur min. : 63 cm env.<br \/>\nLongueur max. : 103 cm<\/p>\n","protected":false},"excerpt":{"rendered":"<p>Carquois pratique pour ranger et transporter vos fl\u00e8ches en toute s\u00e9curit\u00e9. Longueur t\u00e9lescopique r\u00e9glable de 63 cm \u00e0 103 cm. Le carquois est en plastique et \u00e9quip\u00e9 d&rsquo;une fermeture \u00e0 ba\u00efonnette avec couvercle. Absolument imperm\u00e9able et offre de la place pour environ 15 \u00e0 20 fl\u00e8ches. Gr\u00e2ce \u00e0 la longue sangle de transport, r\u00e9glable, notre [&hellip;]<\/p>\n","protected":false},"featured_media":88063,"comment_status":"open","ping_status":"closed","template":"","meta":{"inline_featured_image":false},"product_brand":[],"product_cat":[1347,1475],"product_tag":[1769,1773,1765],"class_list":{"0":"post-47835","1":"product","2":"type-product","3":"status-publish","4":"has-post-thumbnail","6":"product_cat-accessoires-militaires-de-chasse","7":"product_cat-tir-a-larc-arbalete-sarbacane","8":"product_tag-army-survival-fr","9":"product_tag-chasse-peche","10":"product_tag-sport-outdoor-fr","12":"first","13":"instock","14":"taxable","15":"shipping-taxable","16":"purchasable","17":"product-type-simple"},"_links":{"self":[{"href":"https:\/\/metal-badge.ch\/fr\/wp-json\/wp\/v2\/product\/47835","targetHints":{"allow":["GET"]}}],"collection":[{"href":"https:\/\/metal-badge.ch\/fr\/wp-json\/wp\/v2\/product"}],"about":[{"href":"https:\/\/metal-badge.ch\/fr\/wp-json\/wp\/v2\/types\/product"}],"replies":[{"embeddable":true,"href":"https:\/\/metal-badge.ch\/fr\/wp-json\/wp\/v2\/comments?post=47835"}],"wp:featuredmedia":[{"embeddable":true,"href":"https:\/\/metal-badge.ch\/fr\/wp-json\/wp\/v2\/media\/88063"}],"wp:attachment":[{"href":"https:\/\/metal-badge.ch\/fr\/wp-json\/wp\/v2\/media?parent=47835"}],"wp:term":[{"taxonomy":"product_brand","embeddable":true,"href":"https:\/\/metal-badge.ch\/fr\/wp-json\/wp\/v2\/product_brand?post=47835"},{"taxonomy":"product_cat","embeddable":true,"href":"https:\/\/metal-badge.ch\/fr\/wp-json\/wp\/v2\/product_cat?post=47835"},{"taxonomy":"product_tag","embeddable":true,"href":"https:\/\/metal-badge.ch\/fr\/wp-json\/wp\/v2\/product_tag?post=47835"}],"curies":[{"name":"wp","href":"https:\/\/api.w.org\/{rel}","templated":true}]}}