{"id":47825,"date":"2019-08-14T10:21:56","date_gmt":"2019-08-14T10:21:56","guid":{"rendered":"https:\/\/shop.metal-badge.ch\/?product=carquois-de-fleche-a-4-tubes-jx730"},"modified":"2019-08-14T10:22:53","modified_gmt":"2019-08-14T10:22:53","slug":"carquois-de-fleche-a-4-tubes-jx730","status":"publish","type":"product","link":"https:\/\/metal-badge.ch\/fr\/product\/47825\/carquois-de-fleche-a-4-tubes-jx730\/","title":{"rendered":"Carquois de fl\u00e8che \u00e0 4 tubes JX730"},"content":{"rendered":"<p>Carquois de fl\u00e8ches camouflage pour env. 20 fl\u00e8ches. Ce carquois robuste et imperm\u00e9able est muni d&rsquo;une poche ext\u00e9rieure avec fermeture \u00e9clair, ainsi que de 3 compartiments enfichables cousus. Une poche lat\u00e9rale en velcro de 13 cm x 13 cm se trouve \u00e9galement \u00e0 l&rsquo;ext\u00e9rieur. Ce carquois \u00e0 quatre tubes peut \u00eatre port\u00e9 sur l&rsquo;\u00e9paule ou autour de la hanche. Le harnais peut \u00eatre adapt\u00e9 aux diff\u00e9rents types de port et le rembourrage adapt\u00e9. Les quatre tubes en plastique peuvent \u00eatre retir\u00e9s et retir\u00e9s, ce qui donne un grand compartiment de carquois. Les tuyaux en plastique mesurent chacun 45 cm de longueur et 3,5 cm de diam\u00e8tre. Les tubes sont mont\u00e9s par \u00e9tapes dans le carquois, ce qui permet de tirer plus facilement les fl\u00e8ches. Ce carquois lat\u00e9ral convient aux droitiers. Il est con\u00e7u pour diff\u00e9rents types de port, et la ceinture avec boucle rembourr\u00e9e peut \u00eatre enlev\u00e9e. Nous offrons ce mod\u00e8le aussi pour gauchers.<\/p>\n<p><strong>Description du produit :<\/strong><br \/>\nCarquois JX730 Mathews<br \/>\nCouleur : camouflage<br \/>\nPoids : 510 g.<br \/>\nMati\u00e8re : nylon oxford renforc\u00e9 et 4 tubes en plastique<br \/>\nHauteur avant 50 cm.<br \/>\nHauteur arri\u00e8re 40 cm.<br \/>\nLargeur : 15 cm<br \/>\n\u00c9tanche<br \/>\nPoche ext\u00e9rieure avec fermeture \u00e9clair, hauteur 29 cm<br \/>\nPoche ext\u00e9rieure, largeur : 14 cm<br \/>\nVersion : droitier<br \/>\nPour env. 20 fl\u00e8ches<\/p>\n","protected":false},"excerpt":{"rendered":"<p>Carquois de fl\u00e8ches camouflage pour env. 20 fl\u00e8ches. Ce carquois robuste et imperm\u00e9able est muni d&rsquo;une poche ext\u00e9rieure avec fermeture \u00e9clair, ainsi que de 3 compartiments enfichables cousus. Une poche lat\u00e9rale en velcro de 13 cm x 13 cm se trouve \u00e9galement \u00e0 l&rsquo;ext\u00e9rieur. Ce carquois \u00e0 quatre tubes peut \u00eatre port\u00e9 sur l&rsquo;\u00e9paule ou [&hellip;]<\/p>\n","protected":false},"featured_media":88065,"comment_status":"open","ping_status":"closed","template":"","meta":{"inline_featured_image":false},"product_brand":[],"product_cat":[1347,1475],"product_tag":[1769,1773,1765],"class_list":{"0":"post-47825","1":"product","2":"type-product","3":"status-publish","4":"has-post-thumbnail","6":"product_cat-accessoires-militaires-de-chasse","7":"product_cat-tir-a-larc-arbalete-sarbacane","8":"product_tag-army-survival-fr","9":"product_tag-chasse-peche","10":"product_tag-sport-outdoor-fr","12":"first","13":"instock","14":"taxable","15":"shipping-taxable","16":"purchasable","17":"product-type-simple"},"_links":{"self":[{"href":"https:\/\/metal-badge.ch\/fr\/wp-json\/wp\/v2\/product\/47825","targetHints":{"allow":["GET"]}}],"collection":[{"href":"https:\/\/metal-badge.ch\/fr\/wp-json\/wp\/v2\/product"}],"about":[{"href":"https:\/\/metal-badge.ch\/fr\/wp-json\/wp\/v2\/types\/product"}],"replies":[{"embeddable":true,"href":"https:\/\/metal-badge.ch\/fr\/wp-json\/wp\/v2\/comments?post=47825"}],"wp:featuredmedia":[{"embeddable":true,"href":"https:\/\/metal-badge.ch\/fr\/wp-json\/wp\/v2\/media\/88065"}],"wp:attachment":[{"href":"https:\/\/metal-badge.ch\/fr\/wp-json\/wp\/v2\/media?parent=47825"}],"wp:term":[{"taxonomy":"product_brand","embeddable":true,"href":"https:\/\/metal-badge.ch\/fr\/wp-json\/wp\/v2\/product_brand?post=47825"},{"taxonomy":"product_cat","embeddable":true,"href":"https:\/\/metal-badge.ch\/fr\/wp-json\/wp\/v2\/product_cat?post=47825"},{"taxonomy":"product_tag","embeddable":true,"href":"https:\/\/metal-badge.ch\/fr\/wp-json\/wp\/v2\/product_tag?post=47825"}],"curies":[{"name":"wp","href":"https:\/\/api.w.org\/{rel}","templated":true}]}}