{"id":47815,"date":"2019-08-14T10:11:53","date_gmt":"2019-08-14T10:11:53","guid":{"rendered":"https:\/\/shop.metal-badge.ch\/?product=carquois-etanche"},"modified":"2019-08-14T10:12:48","modified_gmt":"2019-08-14T10:12:48","slug":"carquois-etanche","status":"publish","type":"product","link":"https:\/\/metal-badge.ch\/fr\/product\/47815\/carquois-etanche\/","title":{"rendered":"Carquois \u00e9tanche"},"content":{"rendered":"<p>Carquois de fl\u00e8ches camouflage pour env. 14 fl\u00e8ches. Ce carquois tr\u00e8s robuste et imperm\u00e9able est muni d&rsquo;une poche ext\u00e9rieure avec fermeture \u00e9clair. Le carquois peut \u00eatre attach\u00e9 avec la ceinture r\u00e9glable. Ainsi, les fl\u00e8ches peuvent toujours \u00eatre retir\u00e9es rapidement et facilement du carquois \u00e0 la bonne hauteur. Le carquois est imperm\u00e9able et conserve sa forme m\u00eame dans des conditions humides. Ce carquois lat\u00e9ral convient aux droitiers. Nous offrons ce mod\u00e8le aussi pour gauchers.<\/p>\n<p><strong>Description du produit :<\/strong><br \/>\nCarquois IX733<br \/>\nCouleur : camouflage<br \/>\nPoids : 330 g.<br \/>\nMati\u00e8re : nylon Oxford renforc\u00e9<br \/>\nHauteur avant 50 cm.<br \/>\nHauteur arri\u00e8re 40 cm.<br \/>\nLargeur : 15 cm<br \/>\n\u00c9tanche<br \/>\nPoche ext\u00e9rieure avec fermeture \u00e9clair, hauteur 23 cm<br \/>\nPoche ext\u00e9rieure, largeur : 11 cm<br \/>\nVersion : droitier<br \/>\nPour env. 14 fl\u00e8ches<\/p>\n","protected":false},"excerpt":{"rendered":"<p>Carquois de fl\u00e8ches camouflage pour env. 14 fl\u00e8ches. Ce carquois tr\u00e8s robuste et imperm\u00e9able est muni d&rsquo;une poche ext\u00e9rieure avec fermeture \u00e9clair. Le carquois peut \u00eatre attach\u00e9 avec la ceinture r\u00e9glable. Ainsi, les fl\u00e8ches peuvent toujours \u00eatre retir\u00e9es rapidement et facilement du carquois \u00e0 la bonne hauteur. Le carquois est imperm\u00e9able et conserve sa forme [&hellip;]<\/p>\n","protected":false},"featured_media":88067,"comment_status":"open","ping_status":"closed","template":"","meta":{"inline_featured_image":false},"product_brand":[],"product_cat":[1347,1475],"product_tag":[1769,1773,1765],"class_list":{"0":"post-47815","1":"product","2":"type-product","3":"status-publish","4":"has-post-thumbnail","6":"product_cat-accessoires-militaires-de-chasse","7":"product_cat-tir-a-larc-arbalete-sarbacane","8":"product_tag-army-survival-fr","9":"product_tag-chasse-peche","10":"product_tag-sport-outdoor-fr","12":"first","13":"instock","14":"taxable","15":"shipping-taxable","16":"purchasable","17":"product-type-simple"},"_links":{"self":[{"href":"https:\/\/metal-badge.ch\/fr\/wp-json\/wp\/v2\/product\/47815","targetHints":{"allow":["GET"]}}],"collection":[{"href":"https:\/\/metal-badge.ch\/fr\/wp-json\/wp\/v2\/product"}],"about":[{"href":"https:\/\/metal-badge.ch\/fr\/wp-json\/wp\/v2\/types\/product"}],"replies":[{"embeddable":true,"href":"https:\/\/metal-badge.ch\/fr\/wp-json\/wp\/v2\/comments?post=47815"}],"wp:featuredmedia":[{"embeddable":true,"href":"https:\/\/metal-badge.ch\/fr\/wp-json\/wp\/v2\/media\/88067"}],"wp:attachment":[{"href":"https:\/\/metal-badge.ch\/fr\/wp-json\/wp\/v2\/media?parent=47815"}],"wp:term":[{"taxonomy":"product_brand","embeddable":true,"href":"https:\/\/metal-badge.ch\/fr\/wp-json\/wp\/v2\/product_brand?post=47815"},{"taxonomy":"product_cat","embeddable":true,"href":"https:\/\/metal-badge.ch\/fr\/wp-json\/wp\/v2\/product_cat?post=47815"},{"taxonomy":"product_tag","embeddable":true,"href":"https:\/\/metal-badge.ch\/fr\/wp-json\/wp\/v2\/product_tag?post=47815"}],"curies":[{"name":"wp","href":"https:\/\/api.w.org\/{rel}","templated":true}]}}