{"id":47805,"date":"2019-08-14T10:00:03","date_gmt":"2019-08-14T10:00:03","guid":{"rendered":"https:\/\/shop.metal-badge.ch\/?product=visiere-pour-arc-recurve"},"modified":"2019-08-14T10:00:26","modified_gmt":"2019-08-14T10:00:26","slug":"visiere-pour-arc-recurve","status":"publish","type":"product","link":"https:\/\/metal-badge.ch\/fr\/product\/47805\/visiere-pour-arc-recurve\/","title":{"rendered":"Visi\u00e8re pour arc Recurve"},"content":{"rendered":"<p>Visi\u00e8re simple et fonctionnelle en plastique avec de nombreuses possibilit\u00e9s de r\u00e9glage et tunnel en plastique. La visi\u00e8re convient aussi bien aux droitiers qu&rsquo;aux gauchers.<\/p>\n<p>Mati\u00e8re : Plastique<br \/>\nCouleur : Noir<br \/>\nPoids : 110 g.<br \/>\nFl\u00e8che : 6 1\/4 pouces (15,8 cm)<br \/>\nVisi\u00e8re : 5 7\/8 pouces (14,7 cm)<br \/>\nVisi\u00e8re : 8 &#8211; 32<br \/>\nFiletage de tunnel : 8 mm<\/p>\n","protected":false},"excerpt":{"rendered":"<p>Visi\u00e8re simple et fonctionnelle en plastique avec de nombreuses possibilit\u00e9s de r\u00e9glage et tunnel en plastique. La visi\u00e8re convient aussi bien aux droitiers qu&rsquo;aux gauchers. Mati\u00e8re : Plastique Couleur : Noir Poids : 110 g. Fl\u00e8che : 6 1\/4 pouces (15,8 cm) Visi\u00e8re : 5 7\/8 pouces (14,7 cm) Visi\u00e8re : 8 &#8211; 32 Filetage [&hellip;]<\/p>\n","protected":false},"featured_media":88069,"comment_status":"open","ping_status":"closed","template":"","meta":{"inline_featured_image":false},"product_brand":[],"product_cat":[1347,1475],"product_tag":[1769,1773,1765],"class_list":{"0":"post-47805","1":"product","2":"type-product","3":"status-publish","4":"has-post-thumbnail","6":"product_cat-accessoires-militaires-de-chasse","7":"product_cat-tir-a-larc-arbalete-sarbacane","8":"product_tag-army-survival-fr","9":"product_tag-chasse-peche","10":"product_tag-sport-outdoor-fr","12":"first","13":"instock","14":"taxable","15":"shipping-taxable","16":"purchasable","17":"product-type-simple"},"_links":{"self":[{"href":"https:\/\/metal-badge.ch\/fr\/wp-json\/wp\/v2\/product\/47805","targetHints":{"allow":["GET"]}}],"collection":[{"href":"https:\/\/metal-badge.ch\/fr\/wp-json\/wp\/v2\/product"}],"about":[{"href":"https:\/\/metal-badge.ch\/fr\/wp-json\/wp\/v2\/types\/product"}],"replies":[{"embeddable":true,"href":"https:\/\/metal-badge.ch\/fr\/wp-json\/wp\/v2\/comments?post=47805"}],"wp:featuredmedia":[{"embeddable":true,"href":"https:\/\/metal-badge.ch\/fr\/wp-json\/wp\/v2\/media\/88069"}],"wp:attachment":[{"href":"https:\/\/metal-badge.ch\/fr\/wp-json\/wp\/v2\/media?parent=47805"}],"wp:term":[{"taxonomy":"product_brand","embeddable":true,"href":"https:\/\/metal-badge.ch\/fr\/wp-json\/wp\/v2\/product_brand?post=47805"},{"taxonomy":"product_cat","embeddable":true,"href":"https:\/\/metal-badge.ch\/fr\/wp-json\/wp\/v2\/product_cat?post=47805"},{"taxonomy":"product_tag","embeddable":true,"href":"https:\/\/metal-badge.ch\/fr\/wp-json\/wp\/v2\/product_tag?post=47805"}],"curies":[{"name":"wp","href":"https:\/\/api.w.org\/{rel}","templated":true}]}}