{"id":47797,"date":"2019-08-13T17:47:51","date_gmt":"2019-08-13T17:47:51","guid":{"rendered":"https:\/\/shop.metal-badge.ch\/?product=sac-de-transport-pour-tir-a-larc-noir"},"modified":"2020-08-02T04:07:02","modified_gmt":"2020-08-02T04:07:02","slug":"sac-de-transport-pour-tir-a-larc-noir","status":"publish","type":"product","link":"https:\/\/metal-badge.ch\/fr\/product\/47797\/sac-de-transport-pour-tir-a-larc-noir\/","title":{"rendered":"Sac de transport pour tir \u00e0 l&rsquo;arc noir"},"content":{"rendered":"<p>Le sac pour arc parfait qui offre tout ce dont vous avez besoin pour un excellent prix. A l&rsquo;int\u00e9rieur, il y a assez d&rsquo;espace pour les arcs, les \u00e9l\u00e9vateurs, les bras de lancement et autres accessoires. Ce sac pour arc est \u00e9quip\u00e9 de deux poches zipp\u00e9es suppl\u00e9mentaires de 23 cm x 12 cm \u00e0 l&rsquo;ext\u00e9rieur. Une petite poche ext\u00e9rieure avec fermeture \u00e0 glissi\u00e8re pour les petits accessoires de 10 cm x 10 cm est \u00e9galement fix\u00e9e \u00e0 l&rsquo;avant et \u00e0 l&rsquo;arri\u00e8re. Ce sac pour arc polyvalent et abordable est compl\u00e9t\u00e9 par deux poign\u00e9es de transport et une bandouli\u00e8re.<\/p>\n<p><strong>Description du produit :<\/strong><br \/>\nSac en nylon JX 87-1, base et parois int\u00e9rieures rembourr\u00e9es.<br \/>\nCouleur : noir \/ orange<br \/>\nDimensions compartiment principal : 82 cm de long x 21 cm de haut x 15 cm de large<br \/>\nAvec poign\u00e9es de transport et bretelles<br \/>\nDeux poches ext\u00e9rieures avec fermeture \u00e9clair lat\u00e9rale 23 cm x 12 cm<br \/>\nUn petit compartiment \u00e0 fermeture \u00e9clair avant et arri\u00e8re 10 cm x 10 cm<\/p>\n","protected":false},"excerpt":{"rendered":"<p>Le sac pour arc parfait qui offre tout ce dont vous avez besoin pour un excellent prix. A l&rsquo;int\u00e9rieur, il y a assez d&rsquo;espace pour les arcs, les \u00e9l\u00e9vateurs, les bras de lancement et autres accessoires. Ce sac pour arc est \u00e9quip\u00e9 de deux poches zipp\u00e9es suppl\u00e9mentaires de 23 cm x 12 cm \u00e0 l&rsquo;ext\u00e9rieur. [&hellip;]<\/p>\n","protected":false},"featured_media":88071,"comment_status":"open","ping_status":"closed","template":"","meta":{"inline_featured_image":false},"product_brand":[],"product_cat":[1347,1475],"product_tag":[1769,1773,1765],"class_list":{"0":"post-47797","1":"product","2":"type-product","3":"status-publish","4":"has-post-thumbnail","6":"product_cat-accessoires-militaires-de-chasse","7":"product_cat-tir-a-larc-arbalete-sarbacane","8":"product_tag-army-survival-fr","9":"product_tag-chasse-peche","10":"product_tag-sport-outdoor-fr","12":"first","13":"instock","14":"taxable","15":"shipping-taxable","16":"purchasable","17":"product-type-simple"},"_links":{"self":[{"href":"https:\/\/metal-badge.ch\/fr\/wp-json\/wp\/v2\/product\/47797","targetHints":{"allow":["GET"]}}],"collection":[{"href":"https:\/\/metal-badge.ch\/fr\/wp-json\/wp\/v2\/product"}],"about":[{"href":"https:\/\/metal-badge.ch\/fr\/wp-json\/wp\/v2\/types\/product"}],"replies":[{"embeddable":true,"href":"https:\/\/metal-badge.ch\/fr\/wp-json\/wp\/v2\/comments?post=47797"}],"wp:featuredmedia":[{"embeddable":true,"href":"https:\/\/metal-badge.ch\/fr\/wp-json\/wp\/v2\/media\/88071"}],"wp:attachment":[{"href":"https:\/\/metal-badge.ch\/fr\/wp-json\/wp\/v2\/media?parent=47797"}],"wp:term":[{"taxonomy":"product_brand","embeddable":true,"href":"https:\/\/metal-badge.ch\/fr\/wp-json\/wp\/v2\/product_brand?post=47797"},{"taxonomy":"product_cat","embeddable":true,"href":"https:\/\/metal-badge.ch\/fr\/wp-json\/wp\/v2\/product_cat?post=47797"},{"taxonomy":"product_tag","embeddable":true,"href":"https:\/\/metal-badge.ch\/fr\/wp-json\/wp\/v2\/product_tag?post=47797"}],"curies":[{"name":"wp","href":"https:\/\/api.w.org\/{rel}","templated":true}]}}