{"id":47790,"date":"2019-08-13T17:30:33","date_gmt":"2019-08-13T17:30:33","guid":{"rendered":"https:\/\/shop.metal-badge.ch\/?product=cordon-tendeur-arc-recurve"},"modified":"2019-08-13T18:35:50","modified_gmt":"2019-08-13T18:35:50","slug":"cordon-tendeur-arc-recurve","status":"publish","type":"product","link":"https:\/\/metal-badge.ch\/fr\/product\/47790\/cordon-tendeur-arc-recurve\/","title":{"rendered":"CORDON TENDEUR ARC RECURVE"},"content":{"rendered":"<p>Cordon tendeur pour tendre les arcs Recurve. Un cordon tenseur est n\u00e9cessaire pour vous assurer que l&rsquo;arc est charg\u00e9 de mani\u00e8re uniforme. Ainsi, il n&rsquo;y a aucun danger que l&rsquo;arc se d\u00e9forme ou m\u00eame se brise.<\/p>\n<p>Cordon de tension appropri\u00e9 pour arc de chasse, arc Recurve de chasse, arc nu et arc Recurve ; les caches sont en cuir robuste.<\/p>\n<p><strong>Donn\u00e9es techniques<\/strong><br \/>\nMati\u00e8re : cuir<br \/>\nUtilisation : Recurve<br \/>\nCorde : nylon<br \/>\nMontage : voir vid\u00e9o<\/p>\n<p><em>Indication<br \/>\nImportant : tous les arcs doivent toujours \u00eatre tendus et d\u00e9tendus avec un cordon tendeur<\/em><\/p>\n","protected":false},"excerpt":{"rendered":"<p>Cordon tendeur pour tendre les arcs Recurve. Un cordon tenseur est n\u00e9cessaire pour vous assurer que l&rsquo;arc est charg\u00e9 de mani\u00e8re uniforme. Ainsi, il n&rsquo;y a aucun danger que l&rsquo;arc se d\u00e9forme ou m\u00eame se brise. Cordon de tension appropri\u00e9 pour arc de chasse, arc Recurve de chasse, arc nu et arc Recurve ; les [&hellip;]<\/p>\n","protected":false},"featured_media":88073,"comment_status":"open","ping_status":"closed","template":"","meta":{"inline_featured_image":false},"product_brand":[],"product_cat":[1347,1475],"product_tag":[1769,1773,1765],"class_list":{"0":"post-47790","1":"product","2":"type-product","3":"status-publish","4":"has-post-thumbnail","6":"product_cat-accessoires-militaires-de-chasse","7":"product_cat-tir-a-larc-arbalete-sarbacane","8":"product_tag-army-survival-fr","9":"product_tag-chasse-peche","10":"product_tag-sport-outdoor-fr","12":"first","13":"instock","14":"taxable","15":"shipping-taxable","16":"purchasable","17":"product-type-simple"},"_links":{"self":[{"href":"https:\/\/metal-badge.ch\/fr\/wp-json\/wp\/v2\/product\/47790","targetHints":{"allow":["GET"]}}],"collection":[{"href":"https:\/\/metal-badge.ch\/fr\/wp-json\/wp\/v2\/product"}],"about":[{"href":"https:\/\/metal-badge.ch\/fr\/wp-json\/wp\/v2\/types\/product"}],"replies":[{"embeddable":true,"href":"https:\/\/metal-badge.ch\/fr\/wp-json\/wp\/v2\/comments?post=47790"}],"wp:featuredmedia":[{"embeddable":true,"href":"https:\/\/metal-badge.ch\/fr\/wp-json\/wp\/v2\/media\/88073"}],"wp:attachment":[{"href":"https:\/\/metal-badge.ch\/fr\/wp-json\/wp\/v2\/media?parent=47790"}],"wp:term":[{"taxonomy":"product_brand","embeddable":true,"href":"https:\/\/metal-badge.ch\/fr\/wp-json\/wp\/v2\/product_brand?post=47790"},{"taxonomy":"product_cat","embeddable":true,"href":"https:\/\/metal-badge.ch\/fr\/wp-json\/wp\/v2\/product_cat?post=47790"},{"taxonomy":"product_tag","embeddable":true,"href":"https:\/\/metal-badge.ch\/fr\/wp-json\/wp\/v2\/product_tag?post=47790"}],"curies":[{"name":"wp","href":"https:\/\/api.w.org\/{rel}","templated":true}]}}