{"id":47784,"date":"2019-08-13T16:24:24","date_gmt":"2019-08-13T16:24:24","guid":{"rendered":"https:\/\/shop.metal-badge.ch\/?product=outil-de-tir-a-larc-echelle-de-corde-verificateur"},"modified":"2019-08-13T18:25:17","modified_gmt":"2019-08-13T18:25:17","slug":"outil-de-tir-a-larc-echelle-de-corde-verificateur","status":"publish","type":"product","link":"https:\/\/metal-badge.ch\/fr\/product\/47784\/outil-de-tir-a-larc-echelle-de-corde-verificateur\/","title":{"rendered":"Outil de tir \u00e0 l&rsquo;arc &#8211; \u00e9chelle de corde, v\u00e9rificateur"},"content":{"rendered":"<p>Un outil de r\u00e9glage indispensable et essentiel pour tout archer. Mesurer la hauteur du pied et le point de came de mani\u00e8re efficace et pr\u00e9cise. Avec cet outil, vous pouvez r\u00e9gler plus qu&rsquo;un simple point d&rsquo;encoche et d\u00e9terminer les hauteurs de serrage. Il convient \u00e9galement pour le vissage des pointes de chasse (2-4 lames). En outre, les cames peuvent \u00e9galement \u00eatre tourn\u00e9es et la s\u00e9paration des brins est \u00e9galement possible. Il convient \u00e0 tous les cordes lors de la mise en place du point d&rsquo;encoche. Mati\u00e8re : plastique<br \/>\nCouleur : noir<\/p>\n","protected":false},"excerpt":{"rendered":"<p>Un outil de r\u00e9glage indispensable et essentiel pour tout archer. Mesurer la hauteur du pied et le point de came de mani\u00e8re efficace et pr\u00e9cise. Avec cet outil, vous pouvez r\u00e9gler plus qu&rsquo;un simple point d&rsquo;encoche et d\u00e9terminer les hauteurs de serrage. Il convient \u00e9galement pour le vissage des pointes de chasse (2-4 lames). En [&hellip;]<\/p>\n","protected":false},"featured_media":88075,"comment_status":"open","ping_status":"closed","template":"","meta":{"inline_featured_image":false},"product_brand":[],"product_cat":[1347,1475],"product_tag":[1769,1773,1765],"class_list":{"0":"post-47784","1":"product","2":"type-product","3":"status-publish","4":"has-post-thumbnail","6":"product_cat-accessoires-militaires-de-chasse","7":"product_cat-tir-a-larc-arbalete-sarbacane","8":"product_tag-army-survival-fr","9":"product_tag-chasse-peche","10":"product_tag-sport-outdoor-fr","12":"first","13":"instock","14":"taxable","15":"shipping-taxable","16":"purchasable","17":"product-type-simple"},"_links":{"self":[{"href":"https:\/\/metal-badge.ch\/fr\/wp-json\/wp\/v2\/product\/47784","targetHints":{"allow":["GET"]}}],"collection":[{"href":"https:\/\/metal-badge.ch\/fr\/wp-json\/wp\/v2\/product"}],"about":[{"href":"https:\/\/metal-badge.ch\/fr\/wp-json\/wp\/v2\/types\/product"}],"replies":[{"embeddable":true,"href":"https:\/\/metal-badge.ch\/fr\/wp-json\/wp\/v2\/comments?post=47784"}],"wp:featuredmedia":[{"embeddable":true,"href":"https:\/\/metal-badge.ch\/fr\/wp-json\/wp\/v2\/media\/88075"}],"wp:attachment":[{"href":"https:\/\/metal-badge.ch\/fr\/wp-json\/wp\/v2\/media?parent=47784"}],"wp:term":[{"taxonomy":"product_brand","embeddable":true,"href":"https:\/\/metal-badge.ch\/fr\/wp-json\/wp\/v2\/product_brand?post=47784"},{"taxonomy":"product_cat","embeddable":true,"href":"https:\/\/metal-badge.ch\/fr\/wp-json\/wp\/v2\/product_cat?post=47784"},{"taxonomy":"product_tag","embeddable":true,"href":"https:\/\/metal-badge.ch\/fr\/wp-json\/wp\/v2\/product_tag?post=47784"}],"curies":[{"name":"wp","href":"https:\/\/api.w.org\/{rel}","templated":true}]}}