{"id":47775,"date":"2019-08-13T16:12:12","date_gmt":"2019-08-13T16:12:12","guid":{"rendered":"https:\/\/shop.metal-badge.ch\/?product=fleche-en-fibre-de-verre"},"modified":"2019-08-13T16:12:33","modified_gmt":"2019-08-13T16:12:33","slug":"fleche-en-fibre-de-verre","status":"publish","type":"product","link":"https:\/\/metal-badge.ch\/fr\/product\/47775\/fleche-en-fibre-de-verre\/","title":{"rendered":"Fl\u00e8che en fibre de verre"},"content":{"rendered":"<p>Cette fl\u00e8che robuste en fibre de verre est id\u00e9ale pour les arcs jusqu\u2019\u00e0 environ 40 livres. La longueur totale de la fl\u00e8che est de 31 pouces \/ 80 cm. La pointe de la fl\u00e8che est en acier et est amovible. Peut \u00eatre utilis\u00e9 aussi bien sur des cibles classiques ainsi que sur des cibles en bois. Avec des plumes de plastique (Vanes), et donc aussi adapt\u00e9 au vent et aux intemp\u00e9ries.<\/p>\n<p>Mod\u00e8le : JX030F<br \/>\nCouleur : noir<br \/>\nCouleur : Plumes orange \/ jaunes<br \/>\nLongueur : 31 pouces \/ 80 cm<br \/>\nDiam\u00e8tre : 8 mm<br \/>\nPoids : 42 g<br \/>\nMati\u00e8re tige : fibre de verre<br \/>\nMati\u00e8re plumes : plastique<br \/>\nPointe de la fl\u00e8che : M\u00e9tal, pointu, viss\u00e9, rempla\u00e7able et \u00e9galement adapt\u00e9 pour les cibles en bois<br \/>\n500 spine<br \/>\nPrix unitaire 5.10<br \/>\n10 unit\u00e9s : 47 CHF<\/p>\n","protected":false},"excerpt":{"rendered":"<p>Cette fl\u00e8che robuste en fibre de verre est id\u00e9ale pour les arcs jusqu\u2019\u00e0 environ 40 livres. La longueur totale de la fl\u00e8che est de 31 pouces \/ 80 cm. La pointe de la fl\u00e8che est en acier et est amovible. Peut \u00eatre utilis\u00e9 aussi bien sur des cibles classiques ainsi que sur des cibles en [&hellip;]<\/p>\n","protected":false},"featured_media":88077,"comment_status":"open","ping_status":"closed","template":"","meta":{"inline_featured_image":false},"product_brand":[],"product_cat":[1347,1475],"product_tag":[1769,1773,1765],"class_list":{"0":"post-47775","1":"product","2":"type-product","3":"status-publish","4":"has-post-thumbnail","6":"product_cat-accessoires-militaires-de-chasse","7":"product_cat-tir-a-larc-arbalete-sarbacane","8":"product_tag-army-survival-fr","9":"product_tag-chasse-peche","10":"product_tag-sport-outdoor-fr","12":"first","13":"instock","14":"taxable","15":"shipping-taxable","16":"purchasable","17":"product-type-simple"},"_links":{"self":[{"href":"https:\/\/metal-badge.ch\/fr\/wp-json\/wp\/v2\/product\/47775","targetHints":{"allow":["GET"]}}],"collection":[{"href":"https:\/\/metal-badge.ch\/fr\/wp-json\/wp\/v2\/product"}],"about":[{"href":"https:\/\/metal-badge.ch\/fr\/wp-json\/wp\/v2\/types\/product"}],"replies":[{"embeddable":true,"href":"https:\/\/metal-badge.ch\/fr\/wp-json\/wp\/v2\/comments?post=47775"}],"wp:featuredmedia":[{"embeddable":true,"href":"https:\/\/metal-badge.ch\/fr\/wp-json\/wp\/v2\/media\/88077"}],"wp:attachment":[{"href":"https:\/\/metal-badge.ch\/fr\/wp-json\/wp\/v2\/media?parent=47775"}],"wp:term":[{"taxonomy":"product_brand","embeddable":true,"href":"https:\/\/metal-badge.ch\/fr\/wp-json\/wp\/v2\/product_brand?post=47775"},{"taxonomy":"product_cat","embeddable":true,"href":"https:\/\/metal-badge.ch\/fr\/wp-json\/wp\/v2\/product_cat?post=47775"},{"taxonomy":"product_tag","embeddable":true,"href":"https:\/\/metal-badge.ch\/fr\/wp-json\/wp\/v2\/product_tag?post=47775"}],"curies":[{"name":"wp","href":"https:\/\/api.w.org\/{rel}","templated":true}]}}