{"id":47766,"date":"2019-08-13T15:52:20","date_gmt":"2019-08-13T15:52:20","guid":{"rendered":"https:\/\/shop.metal-badge.ch\/?product=support-de-fleche-tyro-noir"},"modified":"2019-08-13T16:02:10","modified_gmt":"2019-08-13T16:02:10","slug":"support-de-fleche-tyro-noir","status":"publish","type":"product","link":"https:\/\/metal-badge.ch\/fr\/product\/47766\/support-de-fleche-tyro-noir\/","title":{"rendered":"Support de fl\u00e8che Tyro noir"},"content":{"rendered":"<p>Un support de fl\u00e8che autocollant \u00e9conomique en plastique noir. Avec ruban adh\u00e9sif de haute qualit\u00e9 de 3M. Une fine mousse \u00e0 coller fait partie du support.<br \/>\nElle convient \u00e0 tous les arcs et dispose d&rsquo;un \u00e9videment pour un bouton.<br \/>\nDisponible en version droitier et gaucher.<\/p>\n<p>Les supports pour fl\u00e8ches et plateaux sont principalement destin\u00e9s \u00e0 am\u00e9liorer le tir de la fl\u00e8che en lui permettant de glisser sur le plateau avec le moins de r\u00e9sistance possible. Pour les arcs traditionnels, on utilise g\u00e9n\u00e9ralement des supports de fl\u00e8che en cuir ou en feutre, qui sont coll\u00e9s directement sur l&rsquo;endroit de l&rsquo;arc o\u00f9 est plac\u00e9e la fl\u00e8che. Avec des arcs plus modernes, la plupart du temps des arcs d\u00e9montables, on utilise des supports qui maintiennent la fl\u00e8che compl\u00e8tement en l&rsquo;air. Le support de fl\u00e8che est habituellement construit de mani\u00e8re \u00e0 ce que les ressorts de la fl\u00e8che aient le moins de contact possible avec l&rsquo;arc et le support lors du passage du support de fl\u00e8che. Pour ce faire, il existe de nombreuses constructions diff\u00e9rentes qui fonctionnent avec des ressorts, des brosses, des leviers et des m\u00e9canismes magn\u00e9tiques. La fl\u00e8che la plus simple ne co\u00fbte qu&rsquo;environ 4 CHF et est en plastique, tandis que les mod\u00e8les de plus grande valeur peuvent co\u00fbter bien plus de 100 CHF.<\/p>\n<p><strong>Description du produit :<\/strong><br \/>\nMod\u00e8le : Support de fl\u00e8che Tyro noir<br \/>\nPoids : 5 g.<br \/>\nCouleur : noir<br \/>\nVersion gaucher et droitier disponible<\/p>\n","protected":false},"excerpt":{"rendered":"<p>Un support de fl\u00e8che autocollant \u00e9conomique en plastique noir. Avec ruban adh\u00e9sif de haute qualit\u00e9 de 3M. Une fine mousse \u00e0 coller fait partie du support. Elle convient \u00e0 tous les arcs et dispose d&rsquo;un \u00e9videment pour un bouton. Disponible en version droitier et gaucher. Les supports pour fl\u00e8ches et plateaux sont principalement destin\u00e9s \u00e0 [&hellip;]<\/p>\n","protected":false},"featured_media":88079,"comment_status":"open","ping_status":"closed","template":"","meta":{"inline_featured_image":false},"product_brand":[],"product_cat":[1347,1475],"product_tag":[1769,1773,1765],"class_list":{"0":"post-47766","1":"product","2":"type-product","3":"status-publish","4":"has-post-thumbnail","6":"product_cat-accessoires-militaires-de-chasse","7":"product_cat-tir-a-larc-arbalete-sarbacane","8":"product_tag-army-survival-fr","9":"product_tag-chasse-peche","10":"product_tag-sport-outdoor-fr","12":"first","13":"instock","14":"taxable","15":"shipping-taxable","16":"purchasable","17":"product-type-simple"},"_links":{"self":[{"href":"https:\/\/metal-badge.ch\/fr\/wp-json\/wp\/v2\/product\/47766","targetHints":{"allow":["GET"]}}],"collection":[{"href":"https:\/\/metal-badge.ch\/fr\/wp-json\/wp\/v2\/product"}],"about":[{"href":"https:\/\/metal-badge.ch\/fr\/wp-json\/wp\/v2\/types\/product"}],"replies":[{"embeddable":true,"href":"https:\/\/metal-badge.ch\/fr\/wp-json\/wp\/v2\/comments?post=47766"}],"wp:featuredmedia":[{"embeddable":true,"href":"https:\/\/metal-badge.ch\/fr\/wp-json\/wp\/v2\/media\/88079"}],"wp:attachment":[{"href":"https:\/\/metal-badge.ch\/fr\/wp-json\/wp\/v2\/media?parent=47766"}],"wp:term":[{"taxonomy":"product_brand","embeddable":true,"href":"https:\/\/metal-badge.ch\/fr\/wp-json\/wp\/v2\/product_brand?post=47766"},{"taxonomy":"product_cat","embeddable":true,"href":"https:\/\/metal-badge.ch\/fr\/wp-json\/wp\/v2\/product_cat?post=47766"},{"taxonomy":"product_tag","embeddable":true,"href":"https:\/\/metal-badge.ch\/fr\/wp-json\/wp\/v2\/product_tag?post=47766"}],"curies":[{"name":"wp","href":"https:\/\/api.w.org\/{rel}","templated":true}]}}