{"id":47754,"date":"2019-08-13T15:07:02","date_gmt":"2019-08-13T15:07:02","guid":{"rendered":"https:\/\/shop.metal-badge.ch\/?product=protege-bras-pour-protection-darc"},"modified":"2020-08-02T04:06:33","modified_gmt":"2020-08-02T04:06:33","slug":"protege-bras-pour-protection-darc","status":"publish","type":"product","link":"https:\/\/metal-badge.ch\/fr\/product\/47754\/protege-bras-pour-protection-darc\/","title":{"rendered":"PROT\u00c8GE-BRAS POUR protection d&rsquo;arc"},"content":{"rendered":"<p>Prot\u00e8ge-bras \u00e9l\u00e9gant et robuste pour protection d\u2019arc Le prot\u00e8ge-bras est ferm\u00e9 par trois fermetures \u00e0 cliquet en plastique, qui sont fix\u00e9es \u00e0 des \u00e9lastiques r\u00e9glables. L&rsquo;int\u00e9rieur est en cuir lisse noir et brun pour un confort et une protection optimale. Une protection suppl\u00e9mentaire est assur\u00e9e par une plaque en plastique stable mais flexible au milieu du prot\u00e8ge-bras.<\/p>\n<p><strong>Donn\u00e9es techniques<\/strong><br \/>\nMod\u00e8le : JX 107<br \/>\nLongueur : env. 190 mm<br \/>\nLargeur arri\u00e8re : 110 mm<br \/>\nLargeur avant : 90 mm<br \/>\nFixation : 3 cliquets \u00e0 fermeture rapide, r\u00e9glables<br \/>\nMati\u00e8re : cuir<br \/>\nCouleurs : brun \/ noir<br \/>\nPoids : 65 g.<\/p>\n","protected":false},"excerpt":{"rendered":"<p>Prot\u00e8ge-bras \u00e9l\u00e9gant et robuste pour protection d\u2019arc Le prot\u00e8ge-bras est ferm\u00e9 par trois fermetures \u00e0 cliquet en plastique, qui sont fix\u00e9es \u00e0 des \u00e9lastiques r\u00e9glables. L&rsquo;int\u00e9rieur est en cuir lisse noir et brun pour un confort et une protection optimale. Une protection suppl\u00e9mentaire est assur\u00e9e par une plaque en plastique stable mais flexible au milieu [&hellip;]<\/p>\n","protected":false},"featured_media":88083,"comment_status":"open","ping_status":"closed","template":"","meta":{"inline_featured_image":false},"product_brand":[],"product_cat":[1347,1475],"product_tag":[1769,1773,1765],"class_list":{"0":"post-47754","1":"product","2":"type-product","3":"status-publish","4":"has-post-thumbnail","6":"product_cat-accessoires-militaires-de-chasse","7":"product_cat-tir-a-larc-arbalete-sarbacane","8":"product_tag-army-survival-fr","9":"product_tag-chasse-peche","10":"product_tag-sport-outdoor-fr","12":"first","13":"instock","14":"taxable","15":"shipping-taxable","16":"purchasable","17":"product-type-simple"},"_links":{"self":[{"href":"https:\/\/metal-badge.ch\/fr\/wp-json\/wp\/v2\/product\/47754","targetHints":{"allow":["GET"]}}],"collection":[{"href":"https:\/\/metal-badge.ch\/fr\/wp-json\/wp\/v2\/product"}],"about":[{"href":"https:\/\/metal-badge.ch\/fr\/wp-json\/wp\/v2\/types\/product"}],"replies":[{"embeddable":true,"href":"https:\/\/metal-badge.ch\/fr\/wp-json\/wp\/v2\/comments?post=47754"}],"wp:featuredmedia":[{"embeddable":true,"href":"https:\/\/metal-badge.ch\/fr\/wp-json\/wp\/v2\/media\/88083"}],"wp:attachment":[{"href":"https:\/\/metal-badge.ch\/fr\/wp-json\/wp\/v2\/media?parent=47754"}],"wp:term":[{"taxonomy":"product_brand","embeddable":true,"href":"https:\/\/metal-badge.ch\/fr\/wp-json\/wp\/v2\/product_brand?post=47754"},{"taxonomy":"product_cat","embeddable":true,"href":"https:\/\/metal-badge.ch\/fr\/wp-json\/wp\/v2\/product_cat?post=47754"},{"taxonomy":"product_tag","embeddable":true,"href":"https:\/\/metal-badge.ch\/fr\/wp-json\/wp\/v2\/product_tag?post=47754"}],"curies":[{"name":"wp","href":"https:\/\/api.w.org\/{rel}","templated":true}]}}