{"id":47738,"date":"2019-08-08T19:26:01","date_gmt":"2019-08-08T19:26:01","guid":{"rendered":"https:\/\/shop.metal-badge.ch\/?product=briquet-tempete-essence-ipa-avec-boite-cadeau"},"modified":"2019-08-10T08:05:41","modified_gmt":"2019-08-10T08:05:41","slug":"briquet-tempete-essence-ipa-avec-boite-cadeau","status":"publish","type":"product","link":"https:\/\/metal-badge.ch\/fr\/product\/47738\/briquet-tempete-essence-ipa-avec-boite-cadeau\/","title":{"rendered":"Briquet temp\u00eate essence IPA avec bo\u00eete-cadeau"},"content":{"rendered":"<p>Le nouveau briquet temp\u00eate IPA est arriv\u00e9. Beau briquet en blanc et argent disponible. Le briquet est imprim\u00e9 des deux c\u00f4t\u00e9s dans un look r\u00e9tro.<br \/>\nCe briquet est rechargeable en essence\/essence \u00e0 briquet. Le briquet est livr\u00e9 dans une belle bo\u00eete en aluminium avec le logo d&rsquo;IPA Suisse dans un look r\u00e9tro. Il s&rsquo;allume \u00e9galement \u00e0 haute altitude et par temps froid.<\/p>\n<p><strong>Description du produit :<\/strong><br \/>\nPoids : 50 g \u00e0 vide<br \/>\nDimensions : 3,8 cm x 5,8 cm x 1,3 cm (L x H x P)<br \/>\nImpression par sublimation longue dur\u00e9e en couleurs<br \/>\nAvec bo\u00eete-cadeau : alu couleur argent avec logo imprim\u00e9 d&rsquo;IPA Suisse au look r\u00e9tro<br \/>\nCouleur : blanc ou argent<br \/>\nLe briquet est imprim\u00e9 des deux c\u00f4t\u00e9s dans un look r\u00e9tro.<\/p>\n<p>Nous incluons \u00e9galement de l&rsquo;essence \u00e0 briquet dans notre assortiment.<\/p>\n","protected":false},"excerpt":{"rendered":"<p>Le nouveau briquet temp\u00eate IPA est arriv\u00e9. Beau briquet en blanc et argent disponible. Le briquet est imprim\u00e9 des deux c\u00f4t\u00e9s dans un look r\u00e9tro. Ce briquet est rechargeable en essence\/essence \u00e0 briquet. Le briquet est livr\u00e9 dans une belle bo\u00eete en aluminium avec le logo d&rsquo;IPA Suisse dans un look r\u00e9tro. Il s&rsquo;allume \u00e9galement [&hellip;]<\/p>\n","protected":false},"featured_media":55662,"comment_status":"open","ping_status":"closed","template":"","meta":{"inline_featured_image":false},"product_brand":[],"product_cat":[1279,1536],"product_tag":[1769,1777,1761,1765],"class_list":{"0":"post-47738","1":"product","2":"type-product","3":"status-publish","4":"has-post-thumbnail","6":"product_cat-briquets-au-gaz","7":"product_cat-ipa-gadgets-fr","8":"product_tag-army-survival-fr","9":"product_tag-camping-voyage","10":"product_tag-ipa-casual-wear-gadgets-fr","11":"product_tag-sport-outdoor-fr","13":"first","14":"instock","15":"taxable","16":"shipping-taxable","17":"purchasable","18":"product-type-simple"},"_links":{"self":[{"href":"https:\/\/metal-badge.ch\/fr\/wp-json\/wp\/v2\/product\/47738","targetHints":{"allow":["GET"]}}],"collection":[{"href":"https:\/\/metal-badge.ch\/fr\/wp-json\/wp\/v2\/product"}],"about":[{"href":"https:\/\/metal-badge.ch\/fr\/wp-json\/wp\/v2\/types\/product"}],"replies":[{"embeddable":true,"href":"https:\/\/metal-badge.ch\/fr\/wp-json\/wp\/v2\/comments?post=47738"}],"wp:featuredmedia":[{"embeddable":true,"href":"https:\/\/metal-badge.ch\/fr\/wp-json\/wp\/v2\/media\/55662"}],"wp:attachment":[{"href":"https:\/\/metal-badge.ch\/fr\/wp-json\/wp\/v2\/media?parent=47738"}],"wp:term":[{"taxonomy":"product_brand","embeddable":true,"href":"https:\/\/metal-badge.ch\/fr\/wp-json\/wp\/v2\/product_brand?post=47738"},{"taxonomy":"product_cat","embeddable":true,"href":"https:\/\/metal-badge.ch\/fr\/wp-json\/wp\/v2\/product_cat?post=47738"},{"taxonomy":"product_tag","embeddable":true,"href":"https:\/\/metal-badge.ch\/fr\/wp-json\/wp\/v2\/product_tag?post=47738"}],"curies":[{"name":"wp","href":"https:\/\/api.w.org\/{rel}","templated":true}]}}