{"id":47722,"date":"2019-08-08T18:29:40","date_gmt":"2019-08-08T18:29:40","guid":{"rendered":"https:\/\/shop.metal-badge.ch\/?product=tasse-a-cafe-ipa-imprimee-des-deux-cotes"},"modified":"2019-08-08T18:30:24","modified_gmt":"2019-08-08T18:30:24","slug":"tasse-a-cafe-ipa-imprimee-des-deux-cotes","status":"publish","type":"product","link":"https:\/\/metal-badge.ch\/fr\/product\/47722\/tasse-a-cafe-ipa-imprimee-des-deux-cotes\/","title":{"rendered":"Tasse \u00e0 caf\u00e9 IPA imprim\u00e9e des deux c\u00f4t\u00e9s"},"content":{"rendered":"<p>Tasse \u00e0 caf\u00e9 joliment con\u00e7ue avec une impression durable des deux c\u00f4t\u00e9s. La tasse au look r\u00e9tro avec un beau design des deux c\u00f4t\u00e9s. La tasse est imprim\u00e9e par sublimation de haute qualit\u00e9 et est lavable au lave-vaisselle.<\/p>\n<p><strong>Description du produit :<\/strong><br \/>\nPoids : 320 g<br \/>\nMat\u00e9riau : c\u00e9ramique<br \/>\nCapacit\u00e9 : 300 ml<br \/>\nDiam\u00e8tre : 8,0 cm<br \/>\nHauteur : 9,5 cm<br \/>\nCouleur : blanche<br \/>\nLors du remplissage avec des liquides chauds, la tasse devient blanche et les logos apparaissent des deux c\u00f4t\u00e9s.<br \/>\nImpression : impression par sublimation en couleurs<br \/>\nLavable au lave-vaisselle<br \/>\nDeux logos diff\u00e9rents au look r\u00e9tro sont pr\u00e9sents sur la tasse.<\/p>\n","protected":false},"excerpt":{"rendered":"<p>Tasse \u00e0 caf\u00e9 joliment con\u00e7ue avec une impression durable des deux c\u00f4t\u00e9s. La tasse au look r\u00e9tro avec un beau design des deux c\u00f4t\u00e9s. La tasse est imprim\u00e9e par sublimation de haute qualit\u00e9 et est lavable au lave-vaisselle. Description du produit : Poids : 320 g Mat\u00e9riau : c\u00e9ramique Capacit\u00e9 : 300 ml Diam\u00e8tre : [&hellip;]<\/p>\n","protected":false},"featured_media":55672,"comment_status":"open","ping_status":"closed","template":"","meta":{"inline_featured_image":false},"product_brand":[],"product_cat":[1536],"product_tag":[1761],"class_list":{"0":"post-47722","1":"product","2":"type-product","3":"status-publish","4":"has-post-thumbnail","6":"product_cat-ipa-gadgets-fr","7":"product_tag-ipa-casual-wear-gadgets-fr","9":"first","10":"instock","11":"taxable","12":"shipping-taxable","13":"purchasable","14":"product-type-simple"},"_links":{"self":[{"href":"https:\/\/metal-badge.ch\/fr\/wp-json\/wp\/v2\/product\/47722","targetHints":{"allow":["GET"]}}],"collection":[{"href":"https:\/\/metal-badge.ch\/fr\/wp-json\/wp\/v2\/product"}],"about":[{"href":"https:\/\/metal-badge.ch\/fr\/wp-json\/wp\/v2\/types\/product"}],"replies":[{"embeddable":true,"href":"https:\/\/metal-badge.ch\/fr\/wp-json\/wp\/v2\/comments?post=47722"}],"wp:featuredmedia":[{"embeddable":true,"href":"https:\/\/metal-badge.ch\/fr\/wp-json\/wp\/v2\/media\/55672"}],"wp:attachment":[{"href":"https:\/\/metal-badge.ch\/fr\/wp-json\/wp\/v2\/media?parent=47722"}],"wp:term":[{"taxonomy":"product_brand","embeddable":true,"href":"https:\/\/metal-badge.ch\/fr\/wp-json\/wp\/v2\/product_brand?post=47722"},{"taxonomy":"product_cat","embeddable":true,"href":"https:\/\/metal-badge.ch\/fr\/wp-json\/wp\/v2\/product_cat?post=47722"},{"taxonomy":"product_tag","embeddable":true,"href":"https:\/\/metal-badge.ch\/fr\/wp-json\/wp\/v2\/product_tag?post=47722"}],"curies":[{"name":"wp","href":"https:\/\/api.w.org\/{rel}","templated":true}]}}