{"id":47716,"date":"2019-08-08T18:14:11","date_gmt":"2019-08-08T18:14:11","guid":{"rendered":"https:\/\/shop.metal-badge.ch\/?product=bouteille-en-aluminium-ipa-imprimee-des-deux-cotes-argent"},"modified":"2020-08-02T04:06:09","modified_gmt":"2020-08-02T04:06:09","slug":"bouteille-en-aluminium-ipa-imprimee-des-deux-cotes-argent","status":"publish","type":"product","link":"https:\/\/metal-badge.ch\/fr\/product\/47716\/bouteille-en-aluminium-ipa-imprimee-des-deux-cotes-argent\/","title":{"rendered":"Bouteille en aluminium IPA imprim\u00e9e des deux c\u00f4t\u00e9s, argent"},"content":{"rendered":"<p>Bouteille en aluminium couleur argent magnifiquement con\u00e7ue avec bouchon \u00e0 vis, mousquetons et embout avec capuchon. La bouteille avec design \u00ab cool \u00bb des deux c\u00f4t\u00e9s. La bouteille est imprim\u00e9e par sublimation en couleurs de haute qualit\u00e9 et est lavable au lave-vaisselle.<\/p>\n<p><strong>Description du produit :<\/strong><br \/>\nBouteille avec bouchon \u00e0 vis et mousquetons<br \/>\nEmbout suppl\u00e9mentaire avec capuchon inclus<br \/>\nPoids : 90 g<br \/>\nMati\u00e8re : aluminium<br \/>\nCapacit\u00e9 : 600 ml<br \/>\nHauteur : 21 cm avec fermeture<br \/>\nCouleur : argent<br \/>\nImpression : impression par sublimation en couleurs<br \/>\nLavable au lave-vaisselle<br \/>\nLa bouteille pr\u00e9sente deux logos diff\u00e9rents<\/p>\n","protected":false},"excerpt":{"rendered":"<p>Bouteille en aluminium couleur argent magnifiquement con\u00e7ue avec bouchon \u00e0 vis, mousquetons et embout avec capuchon. La bouteille avec design \u00ab cool \u00bb des deux c\u00f4t\u00e9s. La bouteille est imprim\u00e9e par sublimation en couleurs de haute qualit\u00e9 et est lavable au lave-vaisselle. Description du produit : Bouteille avec bouchon \u00e0 vis et mousquetons Embout suppl\u00e9mentaire [&hellip;]<\/p>\n","protected":false},"featured_media":55676,"comment_status":"open","ping_status":"closed","template":"","meta":{"inline_featured_image":false},"product_brand":[],"product_cat":[1275,1536],"product_tag":[1769,1777,1773,1761,1765],"class_list":{"0":"post-47716","1":"product","2":"type-product","3":"status-publish","4":"has-post-thumbnail","6":"product_cat-bouteilles-poele-recipient","7":"product_cat-ipa-gadgets-fr","8":"product_tag-army-survival-fr","9":"product_tag-camping-voyage","10":"product_tag-chasse-peche","11":"product_tag-ipa-casual-wear-gadgets-fr","12":"product_tag-sport-outdoor-fr","14":"first","15":"instock","16":"taxable","17":"shipping-taxable","18":"purchasable","19":"product-type-simple"},"_links":{"self":[{"href":"https:\/\/metal-badge.ch\/fr\/wp-json\/wp\/v2\/product\/47716","targetHints":{"allow":["GET"]}}],"collection":[{"href":"https:\/\/metal-badge.ch\/fr\/wp-json\/wp\/v2\/product"}],"about":[{"href":"https:\/\/metal-badge.ch\/fr\/wp-json\/wp\/v2\/types\/product"}],"replies":[{"embeddable":true,"href":"https:\/\/metal-badge.ch\/fr\/wp-json\/wp\/v2\/comments?post=47716"}],"wp:featuredmedia":[{"embeddable":true,"href":"https:\/\/metal-badge.ch\/fr\/wp-json\/wp\/v2\/media\/55676"}],"wp:attachment":[{"href":"https:\/\/metal-badge.ch\/fr\/wp-json\/wp\/v2\/media?parent=47716"}],"wp:term":[{"taxonomy":"product_brand","embeddable":true,"href":"https:\/\/metal-badge.ch\/fr\/wp-json\/wp\/v2\/product_brand?post=47716"},{"taxonomy":"product_cat","embeddable":true,"href":"https:\/\/metal-badge.ch\/fr\/wp-json\/wp\/v2\/product_cat?post=47716"},{"taxonomy":"product_tag","embeddable":true,"href":"https:\/\/metal-badge.ch\/fr\/wp-json\/wp\/v2\/product_tag?post=47716"}],"curies":[{"name":"wp","href":"https:\/\/api.w.org\/{rel}","templated":true}]}}