{"id":47705,"date":"2019-07-25T20:16:04","date_gmt":"2019-07-25T20:16:04","guid":{"rendered":"https:\/\/shop.metal-badge.ch\/?product=petit-sac-tactique-avec-deux-bandoulieres"},"modified":"2024-04-29T14:15:42","modified_gmt":"2024-04-29T12:15:42","slug":"petit-sac-tactique-avec-deux-bandoulieres","status":"publish","type":"product","link":"https:\/\/metal-badge.ch\/fr\/product\/47705\/petit-sac-tactique-avec-deux-bandoulieres\/","title":{"rendered":"Petit sac tactique avec deux bandouli\u00e8res"},"content":{"rendered":"<p>Sac tactique avec poign\u00e9e de transport robuste et rembourr\u00e9e. Le sac est muni d&rsquo;inserts caoutchout\u00e9s cousus \u00e0 l&rsquo;ext\u00e9rieur pour le prot\u00e9ger. Le sac est \u00e9quip\u00e9 d&rsquo;un compartiment principal ainsi que d&rsquo;un compartiment de fixation, tous deux \u00e0 double fermeture \u00e9clair circonf\u00e9rentielle. Le compartiment principal est rembourr\u00e9 \u00e0 l&rsquo;int\u00e9rieur et poss\u00e8de une poche en filet. Le compartiment sup\u00e9rieur est \u00e9quip\u00e9 d&rsquo;une poche suppl\u00e9mentaire en velcro. A l&rsquo;ext\u00e9rieur de la pochette de fixation, vous trouverez une autre poche zipp\u00e9e pour les cl\u00e9s, le couteau, la torche, le sac \u00e0 main, etc. Deux sangles r\u00e9glables sont \u00e9galement incluses. Ainsi, le sac peut \u00eatre transform\u00e9 en petit sac \u00e0 dos ou en sac \u00e0 bandouli\u00e8re. Les bretelles s&rsquo;encliquettent simplement dans les quatre anneaux en D \u00e0 l&rsquo;ext\u00e9rieur. La partie arri\u00e8re du sac \u00e0 dos est l\u00e9g\u00e8rement rembourr\u00e9e et a une fen\u00eatre d&rsquo;identification transparente.<\/p>\n<p><strong>Informations du produit :<\/strong><\/p>\n<ul>\n<li>Sac tactique CH-049<\/li>\n<li>Mati\u00e8re : 600 D Nylon Polyester<\/li>\n<li>1x compartiment principal avec double fermeture \u00e0 glissi\u00e8re circulaire \u00e0 l&rsquo;int\u00e9rieur avec grande poche en filet<\/li>\n<li>1x compartiment sup\u00e9rieur avec double fermeture \u00e9clair circulaire, hauteur 21 cm x largeur 20 cm<\/li>\n<li>1x compartiment ext\u00e9rieur zipp\u00e9 pour accessoires divers, hauteur 14 cm x largeur 17 cm<\/li>\n<li>Compartiment int\u00e9rieur rembourr\u00e9 \u00e0 l\u2019int\u00e9rieur<\/li>\n<li>Dimensions : 23 cm de largeur x 31 cm de hauteur<\/li>\n<li>Couleur : noir<\/li>\n<li>Poids : 490 g.<\/li>\n<\/ul>\n","protected":false},"excerpt":{"rendered":"<p>Sac tactique avec poign\u00e9e de transport robuste et rembourr\u00e9e. Le sac est muni d&rsquo;inserts caoutchout\u00e9s cousus \u00e0 l&rsquo;ext\u00e9rieur pour le prot\u00e9ger. Le sac est \u00e9quip\u00e9 d&rsquo;un compartiment principal ainsi que d&rsquo;un compartiment de fixation, tous deux \u00e0 double fermeture \u00e9clair circonf\u00e9rentielle. Le compartiment principal est rembourr\u00e9 \u00e0 l&rsquo;int\u00e9rieur et poss\u00e8de une poche en filet. Le compartiment sup\u00e9rieur est \u00e9quip\u00e9 d&rsquo;une poche suppl\u00e9mentaire en velcro.<\/p>\n","protected":false},"featured_media":88085,"comment_status":"open","ping_status":"closed","template":"","meta":{"inline_featured_image":false},"product_brand":[],"product_cat":[1255],"product_tag":[1769,1777,1773,1765],"class_list":{"0":"post-47705","1":"product","2":"type-product","3":"status-publish","4":"has-post-thumbnail","6":"product_cat-sacs-a-dos-et-systemes-de-boisson","7":"product_tag-army-survival-fr","8":"product_tag-camping-voyage","9":"product_tag-chasse-peche","10":"product_tag-sport-outdoor-fr","12":"first","13":"instock","14":"taxable","15":"shipping-taxable","16":"purchasable","17":"product-type-simple"},"_links":{"self":[{"href":"https:\/\/metal-badge.ch\/fr\/wp-json\/wp\/v2\/product\/47705","targetHints":{"allow":["GET"]}}],"collection":[{"href":"https:\/\/metal-badge.ch\/fr\/wp-json\/wp\/v2\/product"}],"about":[{"href":"https:\/\/metal-badge.ch\/fr\/wp-json\/wp\/v2\/types\/product"}],"replies":[{"embeddable":true,"href":"https:\/\/metal-badge.ch\/fr\/wp-json\/wp\/v2\/comments?post=47705"}],"wp:featuredmedia":[{"embeddable":true,"href":"https:\/\/metal-badge.ch\/fr\/wp-json\/wp\/v2\/media\/88085"}],"wp:attachment":[{"href":"https:\/\/metal-badge.ch\/fr\/wp-json\/wp\/v2\/media?parent=47705"}],"wp:term":[{"taxonomy":"product_brand","embeddable":true,"href":"https:\/\/metal-badge.ch\/fr\/wp-json\/wp\/v2\/product_brand?post=47705"},{"taxonomy":"product_cat","embeddable":true,"href":"https:\/\/metal-badge.ch\/fr\/wp-json\/wp\/v2\/product_cat?post=47705"},{"taxonomy":"product_tag","embeddable":true,"href":"https:\/\/metal-badge.ch\/fr\/wp-json\/wp\/v2\/product_tag?post=47705"}],"curies":[{"name":"wp","href":"https:\/\/api.w.org\/{rel}","templated":true}]}}