{"id":47666,"date":"2019-07-25T12:20:47","date_gmt":"2019-07-25T12:20:47","guid":{"rendered":"https:\/\/shop.metal-badge.ch\/?product=sac-a-dos-tactique-avec-systeme-molle-40-litres-camouflage"},"modified":"2019-07-25T12:23:27","modified_gmt":"2019-07-25T12:23:27","slug":"sac-a-dos-tactique-avec-systeme-molle-40-litres-camouflage","status":"publish","type":"product","link":"https:\/\/metal-badge.ch\/fr\/product\/47666\/sac-a-dos-tactique-avec-systeme-molle-40-litres-camouflage\/","title":{"rendered":"Sac \u00e0 dos tactique avec syst\u00e8me Molle 40 litres, camouflage"},"content":{"rendered":"<p>Sac \u00e0 dos de 40 litres avec ses deux compartiments principaux spacieux pour l&rsquo;\u00e9quipement, un compartiment rembourr\u00e9 pour ordinateur portable et un compartiment pour sacs \u00e0 eau. Les deux compartiments principaux offrent beaucoup d&rsquo;espace de rangement et sont \u00e9quip\u00e9s d&rsquo;une fermeture \u00e9clair bidirectionnelle sur tout le pourtour. Une grande poche appos\u00e9e avec une fermeture \u00e9clair bidirectionnelle sur tout le pourtour se trouve \u00e0 l&rsquo;ext\u00e9rieur, ainsi qu\u2019un compartiment suppl\u00e9mentaire \u00e0 fermeture \u00e9clair Le sac \u00e0 dos peut \u00eatre ferm\u00e9 \u00e0 l&rsquo;aide d&rsquo;un rabat \u00e0 fermeture rapide encliquetable et d&rsquo;une sangle de traction robuste, et la taille du sac peut \u00eatre r\u00e9gl\u00e9e. \u00c0 l&rsquo;ext\u00e9rieur du rabat, vous trouverez un spacieux compartiment zipp\u00e9 pour les petits objets tels que jumelles, couteaux, torches, etc. Le rabat comporte \u00e9galement une poche appos\u00e9e pour d&rsquo;autres accessoires avec fermeture \u00e9clair sur tout le pourtour. De plus, le couvercle est \u00e9quip\u00e9 de velcro pour les patchs, d&rsquo;\u00e9lastiques pour le r\u00e9glage et de syst\u00e8mes de fixation Molle.<br \/>\nCe sac \u00e0 dos comprend \u00e9galement deux poches syst\u00e8me Molle avec poign\u00e9e de transport et fermeture \u00e9clair sur tout le pourtour. Ces deux sacs syst\u00e8me Molle avec poche filet et poche \u00e0 glissi\u00e8re \u00e0 l&rsquo;int\u00e9rieur offrent un espace de rangement suppl\u00e9mentaire pour divers petits objets. \u00c0 l&rsquo;ext\u00e9rieur, les deux poches sont munies de velcro et de passants. Ces sacs peuvent \u00eatre facilement plac\u00e9s et fix\u00e9s sur le c\u00f4t\u00e9 ou \u00e0 l&rsquo;arri\u00e8re du sac \u00e0 dos \u00e0 l&rsquo;aide du syst\u00e8me Molle. Le sac \u00e0 dos peut \u00eatre agrandi ou r\u00e9duit lat\u00e9ralement \u00e0 l&rsquo;aide des quatre syst\u00e8mes de fermeture rapide avec sangles de traction et donc adapt\u00e9 au contenu du sac.<br \/>\nLe sac \u00e0 dos est tr\u00e8s robuste, 100 % hydrofuge et offre un grand confort de port gr\u00e2ce \u00e0 ses sangles r\u00e9glables et rembourr\u00e9es, et au rembourrage dans le dos. La ceinture r\u00e9glable et une sangle de poitrine suppl\u00e9mentaire permettent d&rsquo;ajuster le sac \u00e0 dos avec pr\u00e9cision en fonction de la personne qui le porte et se montre confortable \u00e0 porter m\u00eame tr\u00e8s charg\u00e9. Les deux sangles sont \u00e9quip\u00e9es d&rsquo;une fixation rapide. De plus, une poign\u00e9e robuste est appos\u00e9e sur le sac \u00e0 dos.<\/p>\n<p><strong>Description du produit :<\/strong><br \/>\nMod\u00e8le : Sac \u00e0 dos tactique avec syst\u00e8me Molle HY9321<br \/>\nVolume : 40 litres<br \/>\nCat\u00e9gorie : Sac \u00e0 dos avec syst\u00e8me de boisson<br \/>\nPoche de boisson : contenu de 2,5 litres<br \/>\nCouleur : camouflage<br \/>\nPoids : 1490 g<br \/>\nMat\u00e9riau : nylon 600 D<br \/>\nTr\u00e8s durable, robuste et 100 % \u00e9tanche<br \/>\nAvec poign\u00e9e de transport<\/p>\n<p>Bretelles poitrine et sangle ventre avec fermeture rapide<br \/>\nDossier et bretelles rembourr\u00e9s<br \/>\nFixation rapide \u00e0 4 cliquets avec sangles de serrage pour le r\u00e9glage lat\u00e9ral.<br \/>\nDiverses sangles \u00e9lastiques, velcro et sangles Molle \u00e0 l&rsquo;ext\u00e9rieur<br \/>\nDimensions du sac \u00e0 dos : hauteur 48 cm x largeur 35 cm x profondeur 28 cm<br \/>\nTous les compartiments sont \u00e9quip\u00e9s d&rsquo;une fermeture \u00e9clair bidirectionnelle sur tout le pourtour.<br \/>\n2 compartiments principaux, hauteur 48 cm x largeur 33 cm<br \/>\n2 poches syst\u00e8me Molle suppl\u00e9mentaires, dimensions : hauteur 23 cm x largeur 17 cm<br \/>\n1 poche appos\u00e9e sur le rabat, dimensions : hauteur 17 cm x largeur 19 cm<br \/>\n1 compartiment zipp\u00e9 sur le rabat, dimensions ; hauteur 18 cm x largeur 20 cm<br \/>\n1 poche appos\u00e9e ext\u00e9rieure avec fermeture \u00e9clair sur tout le pourtour, dimensions : hauteur 29 cm x largeur 25 cm<br \/>\nAvec poche et tuyau de boisson avec valve de morsure<br \/>\nTuyau de boisson isol\u00e9 et avec capuchon<\/p>\n","protected":false},"excerpt":{"rendered":"<p>Sac \u00e0 dos de 40 litres avec ses deux compartiments principaux spacieux pour l&rsquo;\u00e9quipement, un compartiment rembourr\u00e9 pour ordinateur portable et un compartiment pour sacs \u00e0 eau. Les deux compartiments principaux offrent beaucoup d&rsquo;espace de rangement et sont \u00e9quip\u00e9s d&rsquo;une fermeture \u00e9clair bidirectionnelle sur tout le pourtour. Une grande poche appos\u00e9e avec une fermeture \u00e9clair [&hellip;]<\/p>\n","protected":false},"featured_media":88091,"comment_status":"open","ping_status":"closed","template":"","meta":{"inline_featured_image":false},"product_brand":[],"product_cat":[1255],"product_tag":[1769,1777,1773,1765],"class_list":{"0":"post-47666","1":"product","2":"type-product","3":"status-publish","4":"has-post-thumbnail","6":"product_cat-sacs-a-dos-et-systemes-de-boisson","7":"product_tag-army-survival-fr","8":"product_tag-camping-voyage","9":"product_tag-chasse-peche","10":"product_tag-sport-outdoor-fr","12":"first","13":"instock","14":"taxable","15":"shipping-taxable","16":"purchasable","17":"product-type-simple"},"_links":{"self":[{"href":"https:\/\/metal-badge.ch\/fr\/wp-json\/wp\/v2\/product\/47666","targetHints":{"allow":["GET"]}}],"collection":[{"href":"https:\/\/metal-badge.ch\/fr\/wp-json\/wp\/v2\/product"}],"about":[{"href":"https:\/\/metal-badge.ch\/fr\/wp-json\/wp\/v2\/types\/product"}],"replies":[{"embeddable":true,"href":"https:\/\/metal-badge.ch\/fr\/wp-json\/wp\/v2\/comments?post=47666"}],"wp:featuredmedia":[{"embeddable":true,"href":"https:\/\/metal-badge.ch\/fr\/wp-json\/wp\/v2\/media\/88091"}],"wp:attachment":[{"href":"https:\/\/metal-badge.ch\/fr\/wp-json\/wp\/v2\/media?parent=47666"}],"wp:term":[{"taxonomy":"product_brand","embeddable":true,"href":"https:\/\/metal-badge.ch\/fr\/wp-json\/wp\/v2\/product_brand?post=47666"},{"taxonomy":"product_cat","embeddable":true,"href":"https:\/\/metal-badge.ch\/fr\/wp-json\/wp\/v2\/product_cat?post=47666"},{"taxonomy":"product_tag","embeddable":true,"href":"https:\/\/metal-badge.ch\/fr\/wp-json\/wp\/v2\/product_tag?post=47666"}],"curies":[{"name":"wp","href":"https:\/\/api.w.org\/{rel}","templated":true}]}}