{"id":47625,"date":"2019-07-24T15:06:41","date_gmt":"2019-07-24T15:06:41","guid":{"rendered":"https:\/\/shop.metal-badge.ch\/?product=sac-a-dos-rolltop-impermeable-a-leau-dry-bag"},"modified":"2020-09-29T16:11:13","modified_gmt":"2020-09-29T14:11:13","slug":"sac-a-dos-rolltop-impermeable-a-leau-dry-bag-3","status":"publish","type":"product","link":"https:\/\/metal-badge.ch\/fr\/product\/47625\/sac-a-dos-rolltop-impermeable-a-leau-dry-bag-3\/","title":{"rendered":"Sac \u00e0 dos rolltop imperm\u00e9able \u00e0 l&rsquo;eau \/ \u00ab Dry Bag \u00bb"},"content":{"rendered":"<p>Sac \u00e0 dos imperm\u00e9able \u00ab roll top \u00bb d&rsquo;une capacit\u00e9 de 35 litres avec dos rembourr\u00e9, bretelles r\u00e9glables et ceinture \u00e0 la taille. Tr\u00e8s confortable et s&rsquo;adapte confortablement sur le dos. Le sac \u00e0 dos peut \u00eatre ferm\u00e9 de mani\u00e8re absolument \u00e9tanche \u00e0 l&rsquo;eau avec la glissi\u00e8re d&rsquo;\u00e9tanch\u00e9it\u00e9 et le syst\u00e8me de fermeture rapide par clic. Manipulation facile, plier la glissi\u00e8re deux fois vers le haut et la fermer avec la fermeture rapide. \u00c0 l&rsquo;ext\u00e9rieur, il y a un grand compartiment zipp\u00e9 de 33 cm de haut x 28 cm de large avec une fermeture \u00e9clair \u00e9tanche. Au-dessus du compartiment \u00e0 fermeture \u00e9clair se trouve une grande poche en filet \u00e9lastique de 26 cm x 24 cm de large, avec un cordon r\u00e9glable au-dessus. Ce sac \u00e0 dos comporte \u00e9galement deux filets ext\u00e9rieurs \u00e9lastiques lat\u00e9raux pour les bouteilles de boisson de 14 cm de hauteur sur 12 cm de large. Le sac \u00e0 dos est \u00e9galement \u00e9quip\u00e9 \u00e0 l&rsquo;ext\u00e9rieur de diff\u00e9rentes sangles d&#8217;emballage \u00e0 fermeture rapide. Toutes les coutures sont doublement soud\u00e9es. Ce sac assure que vos objets de valeur, vos papiers d&rsquo;identit\u00e9 et vos v\u00eatements resteront au sec par tous les temps. Convient \u00e0 tous les sports nautiques et aux activit\u00e9s de plein air en g\u00e9n\u00e9ral.<\/p>\n<p><strong>Informations du produit :<\/strong><br \/>\nProduit : Sac \u00e0 dos roll top Dry Bag B17-002<br \/>\nMati\u00e8re : 500 D \/ PVC<br \/>\nRembourrage dorsal et syst\u00e8me de ceinture confortable avec ceinture abdominale<br \/>\nCouleur : noir<br \/>\n100 % \u00e9tanche<br \/>\nDouble soudure.<br \/>\nContenu : 35 litres avec poche ext\u00e9rieur \u00e9tanche et filet ext\u00e9rieur avec de l\u2019\u00e9lasthanne<br \/>\nPoign\u00e9e de transport<br \/>\nDimensions : hauteur 74 cm \/ largeur 47 cm ouvert<br \/>\nDimensions : hauteur ferm\u00e9 55 cm<br \/>\nPoids : 980 g.<\/p>\n","protected":false},"excerpt":{"rendered":"<p>Sac \u00e0 dos imperm\u00e9able \u00ab roll top \u00bb d&rsquo;une capacit\u00e9 de 35 litres avec dos rembourr\u00e9, bretelles r\u00e9glables et ceinture \u00e0 la taille. Tr\u00e8s confortable et s&rsquo;adapte confortablement sur le dos. Le sac \u00e0 dos peut \u00eatre ferm\u00e9 de mani\u00e8re absolument \u00e9tanche \u00e0 l&rsquo;eau avec la glissi\u00e8re d&rsquo;\u00e9tanch\u00e9it\u00e9 et le syst\u00e8me de fermeture rapide par [&hellip;]<\/p>\n","protected":false},"featured_media":47618,"comment_status":"open","ping_status":"closed","template":"","meta":{"inline_featured_image":false},"product_brand":[],"product_cat":[1059,1255,1831,1815],"product_tag":[1769,1777,1773,1765],"class_list":{"0":"post-47625","1":"product","2":"type-product","3":"status-publish","4":"has-post-thumbnail","6":"product_cat-sacs","7":"product_cat-sacs-a-dos-et-systemes-de-boisson","8":"product_cat-sacs-demballage","9":"product_cat-sacs-de-transport-de-voyage","10":"product_tag-army-survival-fr","11":"product_tag-camping-voyage","12":"product_tag-chasse-peche","13":"product_tag-sport-outdoor-fr","15":"first","16":"instock","17":"taxable","18":"shipping-taxable","19":"purchasable","20":"product-type-simple"},"_links":{"self":[{"href":"https:\/\/metal-badge.ch\/fr\/wp-json\/wp\/v2\/product\/47625","targetHints":{"allow":["GET"]}}],"collection":[{"href":"https:\/\/metal-badge.ch\/fr\/wp-json\/wp\/v2\/product"}],"about":[{"href":"https:\/\/metal-badge.ch\/fr\/wp-json\/wp\/v2\/types\/product"}],"replies":[{"embeddable":true,"href":"https:\/\/metal-badge.ch\/fr\/wp-json\/wp\/v2\/comments?post=47625"}],"wp:featuredmedia":[{"embeddable":true,"href":"https:\/\/metal-badge.ch\/fr\/wp-json\/wp\/v2\/media\/47618"}],"wp:attachment":[{"href":"https:\/\/metal-badge.ch\/fr\/wp-json\/wp\/v2\/media?parent=47625"}],"wp:term":[{"taxonomy":"product_brand","embeddable":true,"href":"https:\/\/metal-badge.ch\/fr\/wp-json\/wp\/v2\/product_brand?post=47625"},{"taxonomy":"product_cat","embeddable":true,"href":"https:\/\/metal-badge.ch\/fr\/wp-json\/wp\/v2\/product_cat?post=47625"},{"taxonomy":"product_tag","embeddable":true,"href":"https:\/\/metal-badge.ch\/fr\/wp-json\/wp\/v2\/product_tag?post=47625"}],"curies":[{"name":"wp","href":"https:\/\/api.w.org\/{rel}","templated":true}]}}