{"id":47595,"date":"2019-07-24T14:05:53","date_gmt":"2019-07-24T14:05:53","guid":{"rendered":"https:\/\/shop.metal-badge.ch\/?product=sac-a-dos-impermeable-a-leau-dry-bag"},"modified":"2020-09-29T17:52:20","modified_gmt":"2020-09-29T15:52:20","slug":"sac-a-dos-impermeable-a-leau-dry-bag-2","status":"publish","type":"product","link":"https:\/\/metal-badge.ch\/fr\/product\/47595\/sac-a-dos-impermeable-a-leau-dry-bag-2\/","title":{"rendered":"Sac \u00e0 dos imperm\u00e9able \u00e0 l&rsquo;eau \/ \u00ab Dry Bag \u00bb"},"content":{"rendered":"<p>Sac \u00e0 dos imperm\u00e9able \u00ab Dry \u00bb d&rsquo;une capacit\u00e9 de 35 litres avec dos rembourr\u00e9, bretelles r\u00e9glables et ceinture \u00e0 la taille. Tr\u00e8s confortable et s&rsquo;adapte confortablement sur le dos. Le sac \u00e0 dos peut \u00eatre ferm\u00e9 de mani\u00e8re absolument \u00e9tanche \u00e0 l&rsquo;eau avec la glissi\u00e8re d&rsquo;\u00e9tanch\u00e9it\u00e9 et le syst\u00e8me de fermeture rapide par clic. Manipulation facile, plier la glissi\u00e8re deux fois vers le haut et la fermer avec la fermeture rapide. Un compartiment de 11 cm x 11 cm avec fermeture \u00e9clair se trouve \u00e0 l&rsquo;int\u00e9rieur. \u00c0 l&rsquo;ext\u00e9rieur, il y a un autre compartiment \u00e0 fermeture \u00e9clair de 29 cm x 21 cm avec une fermeture \u00e9clair \u00e9tanche. Le filet ext\u00e9rieur \u00e9lastique suppl\u00e9mentaire de 9 cm x 15 cm ainsi que diverses sangles d&#8217;emballage sont d&rsquo;autres atouts de ce sac \u00e0 dos. Toutes les coutures sont doublement soud\u00e9es. Ce sac assure que vos objets de valeur, vos papiers d&rsquo;identit\u00e9 et vos v\u00eatements resteront au sec par tous les temps. Convient \u00e0 tous les sports nautiques et aux activit\u00e9s de plein air en g\u00e9n\u00e9ral.<\/p>\n<p><strong>Informations du produit :<\/strong><br \/>\nProduit : Sac \u00e0 dos Dry Bag MARJAQE JD-1501<br \/>\nMati\u00e8re : 500 D \/ PVC<br \/>\nCouleur : jaune \/ noir<br \/>\n100 % \u00e9tanche<br \/>\nDouble soudure.<br \/>\nContenu : 35 L avec poche ext\u00e9rieur et \u00e9lastique<br \/>\nPoign\u00e9e de transport<br \/>\nDimensions : hauteur 65 cm \/ largeur 45 cm<br \/>\nPoids : 900 g<\/p>\n","protected":false},"excerpt":{"rendered":"<p>Sac \u00e0 dos imperm\u00e9able \u00ab Dry \u00bb d&rsquo;une capacit\u00e9 de 35 litres avec dos rembourr\u00e9, bretelles r\u00e9glables et ceinture \u00e0 la taille. Tr\u00e8s confortable et s&rsquo;adapte confortablement sur le dos. Le sac \u00e0 dos peut \u00eatre ferm\u00e9 de mani\u00e8re absolument \u00e9tanche \u00e0 l&rsquo;eau avec la glissi\u00e8re d&rsquo;\u00e9tanch\u00e9it\u00e9 et le syst\u00e8me de fermeture rapide par clic. [&hellip;]<\/p>\n","protected":false},"featured_media":47587,"comment_status":"open","ping_status":"closed","template":"","meta":{"inline_featured_image":false},"product_brand":[],"product_cat":[1059,1255,1831,1815],"product_tag":[1769,1777,1773,1765],"class_list":{"0":"post-47595","1":"product","2":"type-product","3":"status-publish","4":"has-post-thumbnail","6":"product_cat-sacs","7":"product_cat-sacs-a-dos-et-systemes-de-boisson","8":"product_cat-sacs-demballage","9":"product_cat-sacs-de-transport-de-voyage","10":"product_tag-army-survival-fr","11":"product_tag-camping-voyage","12":"product_tag-chasse-peche","13":"product_tag-sport-outdoor-fr","15":"first","16":"instock","17":"taxable","18":"shipping-taxable","19":"purchasable","20":"product-type-simple"},"_links":{"self":[{"href":"https:\/\/metal-badge.ch\/fr\/wp-json\/wp\/v2\/product\/47595","targetHints":{"allow":["GET"]}}],"collection":[{"href":"https:\/\/metal-badge.ch\/fr\/wp-json\/wp\/v2\/product"}],"about":[{"href":"https:\/\/metal-badge.ch\/fr\/wp-json\/wp\/v2\/types\/product"}],"replies":[{"embeddable":true,"href":"https:\/\/metal-badge.ch\/fr\/wp-json\/wp\/v2\/comments?post=47595"}],"wp:featuredmedia":[{"embeddable":true,"href":"https:\/\/metal-badge.ch\/fr\/wp-json\/wp\/v2\/media\/47587"}],"wp:attachment":[{"href":"https:\/\/metal-badge.ch\/fr\/wp-json\/wp\/v2\/media?parent=47595"}],"wp:term":[{"taxonomy":"product_brand","embeddable":true,"href":"https:\/\/metal-badge.ch\/fr\/wp-json\/wp\/v2\/product_brand?post=47595"},{"taxonomy":"product_cat","embeddable":true,"href":"https:\/\/metal-badge.ch\/fr\/wp-json\/wp\/v2\/product_cat?post=47595"},{"taxonomy":"product_tag","embeddable":true,"href":"https:\/\/metal-badge.ch\/fr\/wp-json\/wp\/v2\/product_tag?post=47595"}],"curies":[{"name":"wp","href":"https:\/\/api.w.org\/{rel}","templated":true}]}}