{"id":47574,"date":"2019-07-24T13:26:00","date_gmt":"2019-07-24T13:26:00","guid":{"rendered":"https:\/\/shop.metal-badge.ch\/?product=sac-a-dos-impermeable-a-leau-dry-bag"},"modified":"2019-07-24T13:26:33","modified_gmt":"2019-07-24T13:26:33","slug":"sac-a-dos-impermeable-a-leau-dry-bag","status":"publish","type":"product","link":"https:\/\/metal-badge.ch\/fr\/product\/47574\/sac-a-dos-impermeable-a-leau-dry-bag\/","title":{"rendered":"Sac \u00e0 dos imperm\u00e9able \u00e0 l&rsquo;eau \u00ab Dry Bag \u00bb"},"content":{"rendered":"<p>Ce \u00ab Dry Bag \u00bb \u00e9tanche d\u2019une capacit\u00e9 de 30 litres avec 2 bretelles pour les \u00e9paules peut facilement servir de sac \u00e0 dos. Le sac peut \u00eatre ferm\u00e9 de mani\u00e8re absolument \u00e9tanche \u00e0 l&rsquo;eau avec la glissi\u00e8re d&rsquo;\u00e9tanch\u00e9it\u00e9 et le syst\u00e8me de fermeture rapide par clic. Manipulation facile, plier la glissi\u00e8re deux fois vers le haut et la fermer avec la fermeture rapide. Ce sac offre un grand espace de stockage et flotte dans l\u2019eau. Les bretelles peuvent aussi \u00eatre enlev\u00e9es. Toutes les coutures sont doublement soud\u00e9es. Ce sac assure que vos objets de valeur, vos papiers d&rsquo;identit\u00e9 et vos v\u00eatements resteront au sec m\u00eame si vous devez nager. Adapt\u00e9 pour tous les sports d&rsquo;eau. Le sac peut \u00eatre enroul\u00e9 tr\u00e8s fin et rang\u00e9.<\/p>\n<p><strong>Informations du produit :<\/strong><br \/>\nProduit : Sac Dry Bag B17-007<br \/>\nMati\u00e8re : 500D \/ PVC \/ TPU<br \/>\nCouleur : bleu<br \/>\n100 % \u00e9tanche<br \/>\nDouble soudure.<br \/>\nContenu : 30 litres<br \/>\nDimensions : hauteur 67 cm \/ largeur 39 cm<br \/>\nDimensions : hauteur ferm\u00e9 57 cm<br \/>\nPoids : 250 g<\/p>\n","protected":false},"excerpt":{"rendered":"<p>Ce \u00ab Dry Bag \u00bb \u00e9tanche d\u2019une capacit\u00e9 de 30 litres avec 2 bretelles pour les \u00e9paules peut facilement servir de sac \u00e0 dos. Le sac peut \u00eatre ferm\u00e9 de mani\u00e8re absolument \u00e9tanche \u00e0 l&rsquo;eau avec la glissi\u00e8re d&rsquo;\u00e9tanch\u00e9it\u00e9 et le syst\u00e8me de fermeture rapide par clic. Manipulation facile, plier la glissi\u00e8re deux fois vers [&hellip;]<\/p>\n","protected":false},"featured_media":88099,"comment_status":"open","ping_status":"closed","template":"","meta":{"inline_featured_image":false},"product_brand":[],"product_cat":[1059,1255,1831,1815],"product_tag":[1769,1777,1773,1765],"class_list":{"0":"post-47574","1":"product","2":"type-product","3":"status-publish","4":"has-post-thumbnail","6":"product_cat-sacs","7":"product_cat-sacs-a-dos-et-systemes-de-boisson","8":"product_cat-sacs-demballage","9":"product_cat-sacs-de-transport-de-voyage","10":"product_tag-army-survival-fr","11":"product_tag-camping-voyage","12":"product_tag-chasse-peche","13":"product_tag-sport-outdoor-fr","15":"first","16":"instock","17":"taxable","18":"shipping-taxable","19":"purchasable","20":"product-type-simple"},"_links":{"self":[{"href":"https:\/\/metal-badge.ch\/fr\/wp-json\/wp\/v2\/product\/47574","targetHints":{"allow":["GET"]}}],"collection":[{"href":"https:\/\/metal-badge.ch\/fr\/wp-json\/wp\/v2\/product"}],"about":[{"href":"https:\/\/metal-badge.ch\/fr\/wp-json\/wp\/v2\/types\/product"}],"replies":[{"embeddable":true,"href":"https:\/\/metal-badge.ch\/fr\/wp-json\/wp\/v2\/comments?post=47574"}],"wp:featuredmedia":[{"embeddable":true,"href":"https:\/\/metal-badge.ch\/fr\/wp-json\/wp\/v2\/media\/88099"}],"wp:attachment":[{"href":"https:\/\/metal-badge.ch\/fr\/wp-json\/wp\/v2\/media?parent=47574"}],"wp:term":[{"taxonomy":"product_brand","embeddable":true,"href":"https:\/\/metal-badge.ch\/fr\/wp-json\/wp\/v2\/product_brand?post=47574"},{"taxonomy":"product_cat","embeddable":true,"href":"https:\/\/metal-badge.ch\/fr\/wp-json\/wp\/v2\/product_cat?post=47574"},{"taxonomy":"product_tag","embeddable":true,"href":"https:\/\/metal-badge.ch\/fr\/wp-json\/wp\/v2\/product_tag?post=47574"}],"curies":[{"name":"wp","href":"https:\/\/api.w.org\/{rel}","templated":true}]}}