{"id":47554,"date":"2019-07-17T09:48:16","date_gmt":"2019-07-17T09:48:16","guid":{"rendered":"https:\/\/shop.metal-badge.ch\/?product=systeme-de-boucles-molle-orange-avec-double-sac"},"modified":"2020-08-02T04:04:37","modified_gmt":"2020-08-02T04:04:37","slug":"systeme-de-boucles-molle-orange-avec-double-sac","status":"publish","type":"product","link":"https:\/\/metal-badge.ch\/fr\/product\/47554\/systeme-de-boucles-molle-orange-avec-double-sac\/","title":{"rendered":"Syst\u00e8me de boucles Molle orange avec double sac"},"content":{"rendered":"<p>Ce petit sac orange avec syst\u00e8me de boucles Molle peut \u00eatre fix\u00e9 sur une ceinture, unsac \u00e0 dos ou \u00e0 notre sac \u00e0 bandouli\u00e8re\/banane orange. Avec deux compartiments, le compartiment principal a deux dimensions : hauteur 18 cm x largeur 11 cm, profondeur 5 cm, int\u00e9rieur rembourr\u00e9 et fermeture par Velcro. Le sac de fixation mesure 13 cm de hauteur sur 9 cm de largeur, pour une profondeur 4 cm, et est \u00e9galement rembourr\u00e9 et muni d&rsquo;une fermeture velcro. Il y a deux \u00e9lastiques pour les lampes, etc., \u00e0 l&rsquo;ext\u00e9rieur.<\/p>\n<p><strong>Informations du produit :<\/strong><br \/>\nPetit sac en bandouli\u00e8re avec syst\u00e8me de boucles Molle<br \/>\nPoids : 105 g.<br \/>\nCouleur : Orange<br \/>\nMati\u00e8re : 100 % polyester 600 D<br \/>\n100 % imperm\u00e9able, plastifi\u00e9 et rembourr\u00e9 \u00e0 l&rsquo;int\u00e9rieur<br \/>\nDimensions du compartiment principal : hauteur 18 cm x largeur 11 cm, profondeur 5 cm<br \/>\nDimensions du compartiment suppl\u00e9mentaire : hauteur 13 cm x largeur 9 cm, profondeur 4 cm<br \/>\nFermable par velcro<br \/>\nDeux \u00e9lastiques \u00e0 l\u2019ext\u00e9rieur pour des lampes, etc.<br \/>\nCe sac est aussi compatible avec notre sac bandouli\u00e8re \/ banane orange.<\/p>\n","protected":false},"excerpt":{"rendered":"<p>Ce petit sac orange avec syst\u00e8me de boucles Molle peut \u00eatre fix\u00e9 sur une ceinture, unsac \u00e0 dos ou \u00e0 notre sac \u00e0 bandouli\u00e8re\/banane orange. Avec deux compartiments, le compartiment principal a deux dimensions : hauteur 18 cm x largeur 11 cm, profondeur 5 cm, int\u00e9rieur rembourr\u00e9 et fermeture par Velcro. Le sac de fixation [&hellip;]<\/p>\n","protected":false},"featured_media":88103,"comment_status":"open","ping_status":"closed","template":"","meta":{"inline_featured_image":false},"product_brand":[],"product_cat":[1347,1435,1059,1815],"product_tag":[1769,1777,1773,1765,1822],"class_list":{"0":"post-47554","1":"product","2":"type-product","3":"status-publish","4":"has-post-thumbnail","6":"product_cat-accessoires-militaires-de-chasse","7":"product_cat-camping-voyage","8":"product_cat-sacs","9":"product_cat-sacs-de-transport-de-voyage","10":"product_tag-army-survival-fr","11":"product_tag-camping-voyage","12":"product_tag-chasse-peche","13":"product_tag-sport-outdoor-fr","14":"product_tag-systeme-molle","16":"first","17":"instock","18":"taxable","19":"shipping-taxable","20":"purchasable","21":"product-type-simple"},"_links":{"self":[{"href":"https:\/\/metal-badge.ch\/fr\/wp-json\/wp\/v2\/product\/47554","targetHints":{"allow":["GET"]}}],"collection":[{"href":"https:\/\/metal-badge.ch\/fr\/wp-json\/wp\/v2\/product"}],"about":[{"href":"https:\/\/metal-badge.ch\/fr\/wp-json\/wp\/v2\/types\/product"}],"replies":[{"embeddable":true,"href":"https:\/\/metal-badge.ch\/fr\/wp-json\/wp\/v2\/comments?post=47554"}],"wp:featuredmedia":[{"embeddable":true,"href":"https:\/\/metal-badge.ch\/fr\/wp-json\/wp\/v2\/media\/88103"}],"wp:attachment":[{"href":"https:\/\/metal-badge.ch\/fr\/wp-json\/wp\/v2\/media?parent=47554"}],"wp:term":[{"taxonomy":"product_brand","embeddable":true,"href":"https:\/\/metal-badge.ch\/fr\/wp-json\/wp\/v2\/product_brand?post=47554"},{"taxonomy":"product_cat","embeddable":true,"href":"https:\/\/metal-badge.ch\/fr\/wp-json\/wp\/v2\/product_cat?post=47554"},{"taxonomy":"product_tag","embeddable":true,"href":"https:\/\/metal-badge.ch\/fr\/wp-json\/wp\/v2\/product_tag?post=47554"}],"curies":[{"name":"wp","href":"https:\/\/api.w.org\/{rel}","templated":true}]}}