{"id":47528,"date":"2019-07-17T08:49:42","date_gmt":"2019-07-17T08:49:42","guid":{"rendered":"https:\/\/shop.metal-badge.ch\/?product=sac-tactique-pour-ordinateur-portable-avec-systeme-de-boucles-molle"},"modified":"2019-07-17T08:50:41","modified_gmt":"2019-07-17T08:50:41","slug":"sac-tactique-pour-ordinateur-portable-avec-systeme-de-boucles-molle","status":"publish","type":"product","link":"https:\/\/metal-badge.ch\/fr\/product\/47528\/sac-tactique-pour-ordinateur-portable-avec-systeme-de-boucles-molle\/","title":{"rendered":"Sac tactique pour ordinateur portable avec syst\u00e8me de boucles Molle"},"content":{"rendered":"<p>Sacoche tactique pour ordinateur portable avec poign\u00e9e de transport robuste et poign\u00e9e ajustable Bandouli\u00e8re avec partie de l&rsquo;\u00e9paule rembourr\u00e9e. Le sac est en nylon 600D et en polyester. Le sac pour ordinateur portable est \u00e9quip\u00e9 des deux c\u00f4t\u00e9s d&rsquo;un grand compartiment zipp\u00e9 \u00e9tanche \u00e0 l&rsquo;eau \u00e0 l&rsquo;ext\u00e9rieur. De plus, le sac est fabriqu\u00e9 dans le syst\u00e8me de boucles Molle et muni d&rsquo;un grand velcro. Le compartiment principal sous le couvercle est \u00e9galement \u00e9quip\u00e9 d&rsquo;une fermeture \u00e9clair. Le compartiment est rembourr\u00e9. \u00c0 l&rsquo;int\u00e9rieur du compartiment principal se trouve un sac rembourr\u00e9 pour ordinateur portable avec poign\u00e9e de transport. Cette poche int\u00e9rieure se ferme avec du velcro et peut \u00eatre enlev\u00e9e. Le compartiment principal compte des fermetures \u00e9clair suppl\u00e9mentaires et des poches pour les accessoires. Toujours \u00e0 l&rsquo;ext\u00e9rieur du compartiment principal, couvert par le couvercle, il y a des poches suppl\u00e9mentaires et des compartiments zipp\u00e9s. Le couvercle est ferm\u00e9 par des fermetures rapides et du velcro. Le sac est tr\u00e8s durable, robuste et imperm\u00e9able \u00e0 l&rsquo;eau, ce qui le rend id\u00e9al m\u00eame sous la pluie.<\/p>\n<p><strong>Informations du produit :<\/strong><br \/>\nSac tactique pour ordinateur portable CH-043<br \/>\nCouleur : noir<br \/>\nMati\u00e8re : Nylon 600D, polyester<br \/>\n100 % \u00e9tanche<br \/>\nAvec poign\u00e9e de transport et bandouli\u00e8re r\u00e9glable, rembourr\u00e9e<br \/>\nExt\u00e9rieur avec syst\u00e8me de boucles Molle et grand velcro<br \/>\n2 anneaux en D ext\u00e9rieurs<br \/>\nFermeture rapide par clic et fermeture velcro<br \/>\nUn grand compartiment zipp\u00e9 \u00e0 l&rsquo;ext\u00e9rieur, \u00e0 l&rsquo;avant et \u00e0 l&rsquo;arri\u00e8re de chaque compartiment<br \/>\nDiverses poches et compartiment zipp\u00e9 sous le couvercle<br \/>\nCompartiment principal avec fermeture \u00e9clair et poche int\u00e9rieure rembourr\u00e9e de velcro pour ordinateur portable<br \/>\nPochettes suppl\u00e9mentaires et poches \u00e0 fermeture \u00e9clair dans le compartiment principal<br \/>\nPoids : 650 g.<\/p>\n","protected":false},"excerpt":{"rendered":"<p>Sacoche tactique pour ordinateur portable avec poign\u00e9e de transport robuste et poign\u00e9e ajustable Bandouli\u00e8re avec partie de l&rsquo;\u00e9paule rembourr\u00e9e. Le sac est en nylon 600D et en polyester. Le sac pour ordinateur portable est \u00e9quip\u00e9 des deux c\u00f4t\u00e9s d&rsquo;un grand compartiment zipp\u00e9 \u00e9tanche \u00e0 l&rsquo;eau \u00e0 l&rsquo;ext\u00e9rieur. De plus, le sac est fabriqu\u00e9 dans le [&hellip;]<\/p>\n","protected":false},"featured_media":88109,"comment_status":"open","ping_status":"closed","template":"","meta":{"inline_featured_image":false},"product_brand":[],"product_cat":[1347,1435,1059,1815],"product_tag":[1769,1777,1773,1765,1822],"class_list":{"0":"post-47528","1":"product","2":"type-product","3":"status-publish","4":"has-post-thumbnail","6":"product_cat-accessoires-militaires-de-chasse","7":"product_cat-camping-voyage","8":"product_cat-sacs","9":"product_cat-sacs-de-transport-de-voyage","10":"product_tag-army-survival-fr","11":"product_tag-camping-voyage","12":"product_tag-chasse-peche","13":"product_tag-sport-outdoor-fr","14":"product_tag-systeme-molle","16":"first","17":"instock","18":"taxable","19":"shipping-taxable","20":"purchasable","21":"product-type-simple"},"_links":{"self":[{"href":"https:\/\/metal-badge.ch\/fr\/wp-json\/wp\/v2\/product\/47528","targetHints":{"allow":["GET"]}}],"collection":[{"href":"https:\/\/metal-badge.ch\/fr\/wp-json\/wp\/v2\/product"}],"about":[{"href":"https:\/\/metal-badge.ch\/fr\/wp-json\/wp\/v2\/types\/product"}],"replies":[{"embeddable":true,"href":"https:\/\/metal-badge.ch\/fr\/wp-json\/wp\/v2\/comments?post=47528"}],"wp:featuredmedia":[{"embeddable":true,"href":"https:\/\/metal-badge.ch\/fr\/wp-json\/wp\/v2\/media\/88109"}],"wp:attachment":[{"href":"https:\/\/metal-badge.ch\/fr\/wp-json\/wp\/v2\/media?parent=47528"}],"wp:term":[{"taxonomy":"product_brand","embeddable":true,"href":"https:\/\/metal-badge.ch\/fr\/wp-json\/wp\/v2\/product_brand?post=47528"},{"taxonomy":"product_cat","embeddable":true,"href":"https:\/\/metal-badge.ch\/fr\/wp-json\/wp\/v2\/product_cat?post=47528"},{"taxonomy":"product_tag","embeddable":true,"href":"https:\/\/metal-badge.ch\/fr\/wp-json\/wp\/v2\/product_tag?post=47528"}],"curies":[{"name":"wp","href":"https:\/\/api.w.org\/{rel}","templated":true}]}}