{"id":47477,"date":"2019-07-16T15:49:12","date_gmt":"2019-07-16T15:49:12","guid":{"rendered":"https:\/\/shop.metal-badge.ch\/?product=sac-a-boisson-pour-systeme-a-boisson-20-l"},"modified":"2020-08-02T04:03:52","modified_gmt":"2020-08-02T04:03:52","slug":"sac-a-boisson-pour-systeme-a-boisson-20-l","status":"publish","type":"product","link":"https:\/\/metal-badge.ch\/fr\/product\/47477\/sac-a-boisson-pour-systeme-a-boisson-20-l\/","title":{"rendered":"Sac \u00e0 boisson pour syst\u00e8me \u00e0 boisson 2,0 L"},"content":{"rendered":"<p>Syst\u00e8me de boisson pour sacs \u00e0 dos de v\u00e9lo en polyur\u00e9thane hygi\u00e9nique approuv\u00e9 FDA. Le mat\u00e9riau est extr\u00eamement robuste et peut \u00eatre \u00e9tir\u00e9 jusqu&rsquo;\u00e0 8 fois sa surface sans se d\u00e9chirer. La grande ouverture continue avec fermeture coulissante permet un remplissage et un nettoyage facile de la poche de boisson. Tube de boisson extra long, sans saveur, avec valve d&rsquo;occlusion \u00e0 90 degr\u00e9s. Il est dans un mat\u00e9riau multicouche qui r\u00e9siste parfaitement \u00e0 l&rsquo;entortillement. La connexion plug-n-play au tuyau de boisson permet de connecter facilement le tuyau \u00e0 la poche de boisson par simple pression d&rsquo;un bouton. La vanne de s\u00e9curit\u00e9 interne emp\u00eache les fuites de la poche de boisson lorsque le tuyau n&rsquo;est pas raccord\u00e9. Fonctionne \u00e9galement pour d&rsquo;autres sacs \u00e0 dos. Avec notre sac \u00e0 dos, il suffit d&rsquo;ins\u00e9rer la poche de boisson dans le compartiment int\u00e9rieur.<\/p>\n<p><strong>Description du produit :<\/strong><br \/>\nType : Poche de boisson \/ syst\u00e8me de boisson<br \/>\nEmbout \u00e0 mordre<br \/>\nMati\u00e8re : polyur\u00e9thane<br \/>\nDimensions : hauteur 34 cm x largeur 17.5 cm<br \/>\nVolume : 2 litres<br \/>\nCouleur : transparent<br \/>\nDurable<br \/>\nNettoyage facile<br \/>\nLarge ouverture avec verrouillage Slidelock<br \/>\nTuyau \u00e0 d\u00e9gagement rapide et vanne fermable pour remplir et boire facilement<br \/>\nFacile \u00e0 remplir<br \/>\n\u00c9tanche<br \/>\nAdapt\u00e9 \u00e0 tous les sacs \u00e0 dos<\/p>\n","protected":false},"excerpt":{"rendered":"<p>Syst\u00e8me de boisson pour sacs \u00e0 dos de v\u00e9lo en polyur\u00e9thane hygi\u00e9nique approuv\u00e9 FDA. Le mat\u00e9riau est extr\u00eamement robuste et peut \u00eatre \u00e9tir\u00e9 jusqu&rsquo;\u00e0 8 fois sa surface sans se d\u00e9chirer. La grande ouverture continue avec fermeture coulissante permet un remplissage et un nettoyage facile de la poche de boisson. Tube de boisson extra long, [&hellip;]<\/p>\n","protected":false},"featured_media":88115,"comment_status":"open","ping_status":"closed","template":"","meta":{"inline_featured_image":false},"product_brand":[],"product_cat":[1255],"product_tag":[1769,1777,1773,1765],"class_list":{"0":"post-47477","1":"product","2":"type-product","3":"status-publish","4":"has-post-thumbnail","6":"product_cat-sacs-a-dos-et-systemes-de-boisson","7":"product_tag-army-survival-fr","8":"product_tag-camping-voyage","9":"product_tag-chasse-peche","10":"product_tag-sport-outdoor-fr","12":"first","13":"instock","14":"taxable","15":"shipping-taxable","16":"purchasable","17":"product-type-simple"},"_links":{"self":[{"href":"https:\/\/metal-badge.ch\/fr\/wp-json\/wp\/v2\/product\/47477","targetHints":{"allow":["GET"]}}],"collection":[{"href":"https:\/\/metal-badge.ch\/fr\/wp-json\/wp\/v2\/product"}],"about":[{"href":"https:\/\/metal-badge.ch\/fr\/wp-json\/wp\/v2\/types\/product"}],"replies":[{"embeddable":true,"href":"https:\/\/metal-badge.ch\/fr\/wp-json\/wp\/v2\/comments?post=47477"}],"wp:featuredmedia":[{"embeddable":true,"href":"https:\/\/metal-badge.ch\/fr\/wp-json\/wp\/v2\/media\/88115"}],"wp:attachment":[{"href":"https:\/\/metal-badge.ch\/fr\/wp-json\/wp\/v2\/media?parent=47477"}],"wp:term":[{"taxonomy":"product_brand","embeddable":true,"href":"https:\/\/metal-badge.ch\/fr\/wp-json\/wp\/v2\/product_brand?post=47477"},{"taxonomy":"product_cat","embeddable":true,"href":"https:\/\/metal-badge.ch\/fr\/wp-json\/wp\/v2\/product_cat?post=47477"},{"taxonomy":"product_tag","embeddable":true,"href":"https:\/\/metal-badge.ch\/fr\/wp-json\/wp\/v2\/product_tag?post=47477"}],"curies":[{"name":"wp","href":"https:\/\/api.w.org\/{rel}","templated":true}]}}